{"id":4243,"date":"2024-11-19T13:53:12","date_gmt":"2024-11-19T13:53:12","guid":{"rendered":"https:\/\/tainaron-blue.com\/hotelrichtlinien\/"},"modified":"2024-11-19T20:49:35","modified_gmt":"2024-11-19T20:49:35","slug":"hotelrichtlinien","status":"publish","type":"page","link":"https:\/\/tainaron-blue.com\/de\/hotelrichtlinien\/","title":{"rendered":"Hotelrichtlinien"},"content":{"rendered":"<section class=\"wpb-content-wrapper\">[vc_row][vc_column][vc_column_text css=&#8220;.vc_custom_1732049220807{margin-bottom: 0px !important;}&#8220;]\n<h3>HOTELRICHTLINIE\u039d<\/h3>\n<p>Check-in 15:00 \u2013 22:00 Uhr. Check-out 12:00 \u2013 12:30 Uhr.<\/p>\n<h4><strong>Kinder<br \/>\n<\/strong><\/h4>\n<p>Kinder ab 12 Jahren sind willkommen. Es besteht keine M\u00f6glichkeit f\u00fcr Zustellbetten im Zimmer. <\/p>\n<h4><strong>Fr\u00fchst\u00fcck<\/strong><\/h4>\n<p>Die Zimmerpreise beinhalten Fr\u00fchst\u00fcck, das nach dem Aufwachen ab 09:30 Uhr serviert wird.<\/p>\n<h4><strong>Haustiere<br \/>\n<\/strong><\/h4>\n<p>Haustiere sind nicht erlaubt.<\/p>\n<h4><strong>Stornierungbedienungen<br \/>\n<\/strong><\/h4>\n<p>Bei Stornierungen bis zu 30 Tage vor Anreise fallen keine Stornierungsgeb\u00fchren an. Bei sp\u00e4terer Stornierung, Nichtanreise oder vorzeitiger Abreise wird eine Stornierungsgeb\u00fchr in H\u00f6he des Gesamtbetrags Ihrer Buchung berechnet. <\/p>\n<h4><strong>Kreditkarten<\/strong><\/h4>\n<p>Tainaron Blue Retreat akzeptiert diese Karten und beh\u00e4lt sich das Recht vor, Ihre Karte vor der Anreise vorzuautorisieren.<\/p>\n<p><img loading=\"lazy\" decoding=\"async\" class=\" wp-image-413 alignnone\" src=\"https:\/\/tainaron-blue.com\/wp-content\/uploads\/2022\/11\/card_icons.jpg\" alt=\"\" width=\"279\" height=\"43\" srcset=\"https:\/\/tainaron-blue.com\/wp-content\/uploads\/2022\/11\/card_icons.jpg 500w, https:\/\/tainaron-blue.com\/wp-content\/uploads\/2022\/11\/card_icons-300x46.jpg 300w\" sizes=\"auto, (max-width: 279px) 100vw, 279px\" \/><\/p>\n<p>F\u00fcr die Exklusivmiete des gesamten Turms als Einheit oder bei Reservierungen von mehr als zwei Zimmern k\u00f6nnen nur eine begrenzte Anzahl an G\u00e4sten untergebracht werden. Es gilt eine Mindestaufenthaltsdauer von 4 N\u00e4chten, eine nicht erstattungsf\u00e4hige Anzahlung von 50% bei der Buchung sowie die vollst\u00e4ndige, nicht erstattungsf\u00e4hige Zahlung 60 Tage vor Anreise. Bitte wenden Sie sich f\u00fcr weitere Details an die Reservierungsabteilung, da besondere Bedingungen gelten.<br \/>\n<br \/>[\/vc_column_text][\/vc_column][\/vc_row]\n<\/section>","protected":false},"excerpt":{"rendered":"<p>[vc_row][vc_column][vc_column_text css=&#8220;.vc_custom_1732049220807{margin-bottom: 0px !important;}&#8220;] HOTELRICHTLINIE\u039d Check-in 15:00 \u2013 22:00 Uhr. Check-out 12:00 \u2013 12:30 Uhr. Kinder Kinder ab 12 Jahren sind willkommen. Es besteht keine M\u00f6glichkeit f\u00fcr Zustellbetten im Zimmer. Fr\u00fchst\u00fcck Die Zimmerpreise beinhalten Fr\u00fchst\u00fcck, das nach dem Aufwachen ab 09:30 Uhr serviert wird. Haustiere Haustiere sind nicht erlaubt. Stornierungbedienungen Bei Stornierungen bis zu 30 [&hellip;]<\/p>\n","protected":false},"author":1,"featured_media":0,"parent":0,"menu_order":0,"comment_status":"closed","ping_status":"closed","template":"","meta":{"footnotes":""},"class_list":["post-4243","page","type-page","status-publish","hentry"],"yoast_head":"<!-- This site is optimized with the Yoast SEO plugin v27.4 - https:\/\/yoast.com\/product\/yoast-seo-wordpress\/ -->\n<title>Hotelrichtlinien - Tainaron Blue Retreat<\/title>\n<meta name=\"robots\" content=\"index, follow, max-snippet:-1, max-image-preview:large, max-video-preview:-1\" \/>\n<link rel=\"canonical\" href=\"https:\/\/tainaron-blue.com\/de\/hotelrichtlinien\/\" \/>\n<meta property=\"og:locale\" content=\"de_DE\" \/>\n<meta property=\"og:type\" content=\"article\" \/>\n<meta property=\"og:title\" content=\"Hotelrichtlinien - Tainaron Blue Retreat\" \/>\n<meta property=\"og:description\" content=\"[vc_row][vc_column][vc_column_text css=&#8220;.vc_custom_1732049220807{margin-bottom: 0px !important;}&#8220;] HOTELRICHTLINIE\u039d Check-in 15:00 \u2013 22:00 Uhr. Check-out 12:00 \u2013 12:30 Uhr. Kinder Kinder ab 12 Jahren sind willkommen. Es besteht keine M\u00f6glichkeit f\u00fcr Zustellbetten im Zimmer. Fr\u00fchst\u00fcck Die Zimmerpreise beinhalten Fr\u00fchst\u00fcck, das nach dem Aufwachen ab 09:30 Uhr serviert wird. Haustiere Haustiere sind nicht erlaubt. Stornierungbedienungen Bei Stornierungen bis zu 30 [&hellip;]\" \/>\n<meta property=\"og:url\" content=\"https:\/\/tainaron-blue.com\/de\/hotelrichtlinien\/\" \/>\n<meta property=\"og:site_name\" content=\"Tainaron Blue Retreat\" \/>\n<meta property=\"article:modified_time\" content=\"2024-11-19T20:49:35+00:00\" \/>\n<meta property=\"og:image\" content=\"https:\/\/tainaron-blue.com\/wp-content\/uploads\/2022\/11\/card_icons.jpg\" \/>\n\t<meta property=\"og:image:width\" content=\"500\" \/>\n\t<meta property=\"og:image:height\" content=\"77\" \/>\n\t<meta property=\"og:image:type\" content=\"image\/jpeg\" \/>\n<meta name=\"twitter:card\" content=\"summary_large_image\" \/>\n<meta name=\"twitter:label1\" content=\"Gesch\u00e4tzte Lesezeit\" \/>\n\t<meta name=\"twitter:data1\" content=\"1\u00a0Minute\" \/>\n<script type=\"application\/ld+json\" class=\"yoast-schema-graph\">{\"@context\":\"https:\\\/\\\/schema.org\",\"@graph\":[{\"@type\":\"WebPage\",\"@id\":\"https:\\\/\\\/tainaron-blue.com\\\/de\\\/hotelrichtlinien\\\/\",\"url\":\"https:\\\/\\\/tainaron-blue.com\\\/de\\\/hotelrichtlinien\\\/\",\"name\":\"Hotelrichtlinien - Tainaron Blue Retreat\",\"isPartOf\":{\"@id\":\"https:\\\/\\\/tainaron-blue.com\\\/de\\\/#website\"},\"primaryImageOfPage\":{\"@id\":\"https:\\\/\\\/tainaron-blue.com\\\/de\\\/hotelrichtlinien\\\/#primaryimage\"},\"image\":{\"@id\":\"https:\\\/\\\/tainaron-blue.com\\\/de\\\/hotelrichtlinien\\\/#primaryimage\"},\"thumbnailUrl\":\"https:\\\/\\\/tainaron-blue.com\\\/wp-content\\\/uploads\\\/2022\\\/11\\\/card_icons.jpg\",\"datePublished\":\"2024-11-19T13:53:12+00:00\",\"dateModified\":\"2024-11-19T20:49:35+00:00\",\"breadcrumb\":{\"@id\":\"https:\\\/\\\/tainaron-blue.com\\\/de\\\/hotelrichtlinien\\\/#breadcrumb\"},\"inLanguage\":\"de\",\"potentialAction\":[{\"@type\":\"ReadAction\",\"target\":[\"https:\\\/\\\/tainaron-blue.com\\\/de\\\/hotelrichtlinien\\\/\"]}]},{\"@type\":\"ImageObject\",\"inLanguage\":\"de\",\"@id\":\"https:\\\/\\\/tainaron-blue.com\\\/de\\\/hotelrichtlinien\\\/#primaryimage\",\"url\":\"https:\\\/\\\/tainaron-blue.com\\\/wp-content\\\/uploads\\\/2022\\\/11\\\/card_icons.jpg\",\"contentUrl\":\"https:\\\/\\\/tainaron-blue.com\\\/wp-content\\\/uploads\\\/2022\\\/11\\\/card_icons.jpg\"},{\"@type\":\"BreadcrumbList\",\"@id\":\"https:\\\/\\\/tainaron-blue.com\\\/de\\\/hotelrichtlinien\\\/#breadcrumb\",\"itemListElement\":[{\"@type\":\"ListItem\",\"position\":1,\"name\":\"Home\",\"item\":\"https:\\\/\\\/tainaron-blue.com\\\/de\\\/startseite\\\/\"},{\"@type\":\"ListItem\",\"position\":2,\"name\":\"Hotelrichtlinien\"}]},{\"@type\":\"WebSite\",\"@id\":\"https:\\\/\\\/tainaron-blue.com\\\/de\\\/#website\",\"url\":\"https:\\\/\\\/tainaron-blue.com\\\/de\\\/\",\"name\":\"Tainaron Blue Retreat\",\"description\":\"Mani tower\",\"potentialAction\":[{\"@type\":\"SearchAction\",\"target\":{\"@type\":\"EntryPoint\",\"urlTemplate\":\"https:\\\/\\\/tainaron-blue.com\\\/de\\\/?s={search_term_string}\"},\"query-input\":{\"@type\":\"PropertyValueSpecification\",\"valueRequired\":true,\"valueName\":\"search_term_string\"}}],\"inLanguage\":\"de\"}]}<\/script>\n<!-- \/ Yoast SEO plugin. -->","yoast_head_json":{"title":"Hotelrichtlinien - Tainaron Blue Retreat","robots":{"index":"index","follow":"follow","max-snippet":"max-snippet:-1","max-image-preview":"max-image-preview:large","max-video-preview":"max-video-preview:-1"},"canonical":"https:\/\/tainaron-blue.com\/de\/hotelrichtlinien\/","og_locale":"de_DE","og_type":"article","og_title":"Hotelrichtlinien - Tainaron Blue Retreat","og_description":"[vc_row][vc_column][vc_column_text css=&#8220;.vc_custom_1732049220807{margin-bottom: 0px !important;}&#8220;] HOTELRICHTLINIE\u039d Check-in 15:00 \u2013 22:00 Uhr. Check-out 12:00 \u2013 12:30 Uhr. Kinder Kinder ab 12 Jahren sind willkommen. Es besteht keine M\u00f6glichkeit f\u00fcr Zustellbetten im Zimmer. Fr\u00fchst\u00fcck Die Zimmerpreise beinhalten Fr\u00fchst\u00fcck, das nach dem Aufwachen ab 09:30 Uhr serviert wird. Haustiere Haustiere sind nicht erlaubt. Stornierungbedienungen Bei Stornierungen bis zu 30 [&hellip;]","og_url":"https:\/\/tainaron-blue.com\/de\/hotelrichtlinien\/","og_site_name":"Tainaron Blue Retreat","article_modified_time":"2024-11-19T20:49:35+00:00","og_image":[{"width":500,"height":77,"url":"https:\/\/tainaron-blue.com\/wp-content\/uploads\/2022\/11\/card_icons.jpg","type":"image\/jpeg"}],"twitter_card":"summary_large_image","twitter_misc":{"Gesch\u00e4tzte Lesezeit":"1\u00a0Minute"},"schema":{"@context":"https:\/\/schema.org","@graph":[{"@type":"WebPage","@id":"https:\/\/tainaron-blue.com\/de\/hotelrichtlinien\/","url":"https:\/\/tainaron-blue.com\/de\/hotelrichtlinien\/","name":"Hotelrichtlinien - Tainaron Blue Retreat","isPartOf":{"@id":"https:\/\/tainaron-blue.com\/de\/#website"},"primaryImageOfPage":{"@id":"https:\/\/tainaron-blue.com\/de\/hotelrichtlinien\/#primaryimage"},"image":{"@id":"https:\/\/tainaron-blue.com\/de\/hotelrichtlinien\/#primaryimage"},"thumbnailUrl":"https:\/\/tainaron-blue.com\/wp-content\/uploads\/2022\/11\/card_icons.jpg","datePublished":"2024-11-19T13:53:12+00:00","dateModified":"2024-11-19T20:49:35+00:00","breadcrumb":{"@id":"https:\/\/tainaron-blue.com\/de\/hotelrichtlinien\/#breadcrumb"},"inLanguage":"de","potentialAction":[{"@type":"ReadAction","target":["https:\/\/tainaron-blue.com\/de\/hotelrichtlinien\/"]}]},{"@type":"ImageObject","inLanguage":"de","@id":"https:\/\/tainaron-blue.com\/de\/hotelrichtlinien\/#primaryimage","url":"https:\/\/tainaron-blue.com\/wp-content\/uploads\/2022\/11\/card_icons.jpg","contentUrl":"https:\/\/tainaron-blue.com\/wp-content\/uploads\/2022\/11\/card_icons.jpg"},{"@type":"BreadcrumbList","@id":"https:\/\/tainaron-blue.com\/de\/hotelrichtlinien\/#breadcrumb","itemListElement":[{"@type":"ListItem","position":1,"name":"Home","item":"https:\/\/tainaron-blue.com\/de\/startseite\/"},{"@type":"ListItem","position":2,"name":"Hotelrichtlinien"}]},{"@type":"WebSite","@id":"https:\/\/tainaron-blue.com\/de\/#website","url":"https:\/\/tainaron-blue.com\/de\/","name":"Tainaron Blue Retreat","description":"Mani tower","potentialAction":[{"@type":"SearchAction","target":{"@type":"EntryPoint","urlTemplate":"https:\/\/tainaron-blue.com\/de\/?s={search_term_string}"},"query-input":{"@type":"PropertyValueSpecification","valueRequired":true,"valueName":"search_term_string"}}],"inLanguage":"de"}]}},"_links":{"self":[{"href":"https:\/\/tainaron-blue.com\/de\/wp-json\/wp\/v2\/pages\/4243","targetHints":{"allow":["GET"]}}],"collection":[{"href":"https:\/\/tainaron-blue.com\/de\/wp-json\/wp\/v2\/pages"}],"about":[{"href":"https:\/\/tainaron-blue.com\/de\/wp-json\/wp\/v2\/types\/page"}],"author":[{"embeddable":true,"href":"https:\/\/tainaron-blue.com\/de\/wp-json\/wp\/v2\/users\/1"}],"replies":[{"embeddable":true,"href":"https:\/\/tainaron-blue.com\/de\/wp-json\/wp\/v2\/comments?post=4243"}],"version-history":[{"count":3,"href":"https:\/\/tainaron-blue.com\/de\/wp-json\/wp\/v2\/pages\/4243\/revisions"}],"predecessor-version":[{"id":4356,"href":"https:\/\/tainaron-blue.com\/de\/wp-json\/wp\/v2\/pages\/4243\/revisions\/4356"}],"wp:attachment":[{"href":"https:\/\/tainaron-blue.com\/de\/wp-json\/wp\/v2\/media?parent=4243"}],"curies":[{"name":"wp","href":"https:\/\/api.w.org\/{rel}","templated":true}]}}