{"id":4168,"date":"2024-11-13T11:31:38","date_gmt":"2024-11-13T11:31:38","guid":{"rendered":"https:\/\/tainaron-blue.com\/executive-doppelzimmer-mit-meerblick\/"},"modified":"2024-11-19T20:42:49","modified_gmt":"2024-11-19T20:42:49","slug":"executive-doppelzimmer-mit-meerblick","status":"publish","type":"page","link":"https:\/\/tainaron-blue.com\/de\/executive-doppelzimmer-mit-meerblick\/","title":{"rendered":"EXECUTIVE DOPPELZIMMER MIT MEERBLICK"},"content":{"rendered":"<section class=\"wpb-content-wrapper\">[vc_row fullwidth=&#8220;true&#8220;][vc_column][mk_gallery images=&#8220;746&#8243; column=&#8220;1&#8243; height=&#8220;450&#8243; hover_scenarios=&#8220;slow_zoom&#8220; item_spacing=&#8220;0&#8243;][\/vc_column][\/vc_row][vc_row fullwidth=&#8220;true&#8220; css=&#8220;.vc_custom_1669236706535{padding-top: 25px !important;padding-bottom: 25px !important;}&#8220;][vc_column][vc_column_text css=&#8220;.vc_custom_1672680692207{margin-bottom: 0px !important;}&#8220;]\n<h1 style=\"text-align: center;\">EXECUTIVE DOPPELZIMMER MIT MEERBLICK<\/h1>\n[\/vc_column_text][\/vc_column][\/vc_row][vc_row][vc_column width=&#8220;2\/3&#8243; css=&#8220;.vc_custom_1669237012630{margin-right: 0px !important;margin-left: 0px !important;padding-right: 0px !important;padding-left: 0px !important;}&#8220;][vc_column_text css=&#8220;.vc_custom_1707829744321{margin-bottom: 0px !important;padding-top: 25px !important;}&#8220;]Entspannen Sie sich und genie\u00dfen Sie den herrlichen Blick auf das Meer oder lassen Sie sich im Au\u00dfen-Infinity-Hydrotherapie-Pool verw\u00f6hnen, direkt vor Ihrer T\u00fcr, aus dem Komfort Ihres 18 m\u00b2 gro\u00dfen Executive Double Zimmers, das in Stein geh\u00fcllt ist.<br \/>Die geschwungene, gew\u00f6lbte Steindecke \u00fcber dem Metallrahmen-Plattformbett mit einer luxuri\u00f6sen Coco-mat Pillow-Top-Matratze h\u00fcllt Sie in eine Oase der Frische und Ruhe. Ein kleiner Arbeitsplatz steht ebenfalls zur Verf\u00fcgung. Der rustikal-industrielle Stil setzt sich im privaten Badezimmer mit Dusche fort, das hinter einer geb\u00fcrsteten venezianischen Stuckfassade verborgen ist.<br \/>Dieses klimatisierte Zimmer bietet kostenloses WLAN, eine Nespresso-Maschine, eine Minibar und einen Safe. Ein professioneller Haartrockner, Coco-mat Bettw\u00e4sche\/Handt\u00fccher\/Badem\u00e4ntel\/Hausschuhe sowie nachhaltige Pflegeprodukte werden ebenfalls bereitgestellt. F\u00fcr Familien besteht die M\u00f6glichkeit, auf Anfrage die Verbindungst\u00fcr zum angrenzenden Junior Suite zu \u00f6ffnen.[\/vc_column_text][\/vc_column][vc_column width=&#8220;1\/3&#8243;][vc_row_inner][vc_column_inner offset=&#8220;vc_hidden-sm&#8220;][vc_raw_html css=&#8220;.vc_custom_1732043964015{margin-bottom: 0px !important;padding-top: 25px !important;padding-right: 20px !important;padding-bottom: 0px !important;padding-left: 20px !important;background-color: #f4f4f4 !important;}&#8220;]PGg0IHN0eWxlPSJ0ZXh0LWFsaWduOmNlbnRlcjttYXJnaW4tYm90dG9tOjIwcHg7Ij5WRVJGw5xHQkFSS0VJVCBQUsOcRkVOPC9oND4KW2N1c3RvbV9pZnJhbWUgaGVpZ2h0PSIyMDBweCJdCg==[\/vc_raw_html][\/vc_column_inner][\/vc_row_inner][vc_row_inner][vc_column_inner offset=&#8220;vc_hidden-lg vc_hidden-md vc_hidden-xs&#8220;][vc_raw_html css=&#8220;.vc_custom_1732043973517{margin-bottom: 0px !important;padding-top: 25px !important;padding-right: 20px !important;padding-bottom: 0px !important;padding-left: 20px !important;background-color: #f4f4f4 !important;}&#8220;]PGg0IHN0eWxlPSJ0ZXh0LWFsaWduOmNlbnRlcjttYXJnaW4tYm90dG9tOjIwcHg7Ij5WRVJGw5xHQkFSS0VJVCBQUsOcRkVOPC9oND4KW2N1c3RvbV9pZnJhbWUgaGVpZ2h0PSIyOTBweCJdCg==[\/vc_raw_html][\/vc_column_inner][\/vc_row_inner][\/vc_column][\/vc_row][vc_row css=&#8220;.vc_custom_1669329246413{padding-top: 35px !important;}&#8220;][vc_column width=&#8220;1\/2&#8243;][mk_gallery images=&#8220;746,743,749,752,737&#8243; style=&#8220;style1&#8243; hover_scenarios=&#8220;slow_zoom&#8220; orderby=&#8220;post__in&#8220;][\/vc_column][vc_column width=&#8220;1\/2&#8243; css=&#8220;.vc_custom_1669237018614{margin-right: 0px !important;margin-left: 0px !important;padding-right: 0px !important;padding-left: 0px !important;}&#8220;][mk_gallery images=&#8220;740,734,731&#8243; height=&#8220;537&#8243; hover_scenarios=&#8220;slow_zoom&#8220;][\/vc_column][\/vc_row][vc_row][vc_column][vc_column_text]\n[\/vc_column_text][\/vc_column][\/vc_row][vc_row][vc_column][vc_column_text]\n[\/vc_column_text][\/vc_column][\/vc_row][vc_row fullwidth=&#8220;true&#8220; fullwidth_content=&#8220;false&#8220; css=&#8220;.vc_custom_1672683943263{margin-top: 40px !important;padding-top: 45px !important;padding-bottom: 5px !important;background-color: #f9f9f9 !important;}&#8220;][vc_column][vc_column_text align=&#8220;center&#8220; css=&#8220;.vc_custom_1672683905966{margin-bottom: 0px !important;}&#8220;]\n<h3 style=\"text-align: center;\">DIE ZIMMER<\/h3>\n[\/vc_column_text][\/vc_column][\/vc_row][vc_row fullwidth=&#8220;true&#8220; fullwidth_content=&#8220;false&#8220; css=&#8220;.vc_custom_1672683916954{margin-top: 0px !important;padding-top: 5px !important;padding-bottom: 35px !important;background-color: #f9f9f9 !important;}&#8220;][vc_column width=&#8220;1\/4&#8243;][vc_single_image image=&#8220;810&#8243; img_size=&#8220;255&#215;200&#8243; alignment=&#8220;center&#8220; onclick=&#8220;custom_link&#8220; link=&#8220;?page_id=864&#8243; css=&#8220;.vc_custom_1672684555766{margin-bottom: 0px !important;padding-bottom: 0px !important;}&#8220;][vc_column_text align=&#8220;center&#8220; css=&#8220;.vc_custom_1672684549782{margin-bottom: 0px !important;padding-top: 10px !important;}&#8220;]\n<p style=\"text-align: center;\"><a href=\"?page_id=864\"><strong>MASTER SUITE MIT MEERBLICK<\/strong><\/a><\/p>\n[\/vc_column_text][\/vc_column][vc_column width=&#8220;1\/4&#8243;][vc_single_image image=&#8220;772&#8243; img_size=&#8220;255&#215;200&#8243; alignment=&#8220;center&#8220; onclick=&#8220;custom_link&#8220; link=&#8220;?page_id=2299&#8243; css=&#8220;.vc_custom_1672684560405{margin-bottom: 0px !important;padding-bottom: 0px !important;}&#8220;][vc_column_text align=&#8220;center&#8220; css=&#8220;.vc_custom_1672684576156{margin-bottom: 0px !important;padding-top: 10px !important;}&#8220;]\n<p style=\"text-align: center;\"><a href=\"?page_id=2299\"><strong>JUNIOR SUITE MIT BERGBLICK<\/strong><\/a><\/p>\n[\/vc_column_text][\/vc_column][vc_column width=&#8220;1\/4&#8243; el_class=&#8220;pop&#8220;][vc_single_image image=&#8220;746&#8243; img_size=&#8220;255&#215;200&#8243; alignment=&#8220;center&#8220; onclick=&#8220;custom_link&#8220; link=&#8220;?page_id=2301&#8243; css=&#8220;.vc_custom_1672684565539{margin-bottom: 0px !important;padding-bottom: 0px !important;}&#8220;][vc_column_text align=&#8220;center&#8220; css=&#8220;.vc_custom_1672684581826{margin-bottom: 0px !important;padding-top: 10px !important;}&#8220;]\n<p style=\"text-align: center;\"><a href=\"?page_id=2301\"><strong>EXECUTIVE DOPPELZIMMER MIT MEERBLICK<\/strong><\/a><\/p>\n[\/vc_column_text][\/vc_column][vc_column width=&#8220;1\/4&#8243;][vc_single_image image=&#8220;678&#8243; img_size=&#8220;255&#215;200&#8243; alignment=&#8220;center&#8220; onclick=&#8220;custom_link&#8220; link=&#8220;?page_id=898&#8243; css=&#8220;.vc_custom_1672684570591{margin-bottom: 0px !important;padding-bottom: 0px !important;}&#8220;][vc_column_text align=&#8220;center&#8220; css=&#8220;.vc_custom_1672684587427{margin-bottom: 0px !important;padding-top: 10px !important;}&#8220;]\n<p style=\"text-align: center;\"><a href=\"?page_id=898\"><strong>KLASSISCHES DOPPELZIMMER MIT BERGBLICK<\/strong><\/a><\/p>\n[\/vc_column_text][\/vc_column][\/vc_row]\n<\/section>","protected":false},"excerpt":{"rendered":"<p>[vc_row fullwidth=&#8220;true&#8220;][vc_column][mk_gallery images=&#8220;746&#8243; column=&#8220;1&#8243; height=&#8220;450&#8243; hover_scenarios=&#8220;slow_zoom&#8220; item_spacing=&#8220;0&#8243;][\/vc_column][\/vc_row][vc_row fullwidth=&#8220;true&#8220; css=&#8220;.vc_custom_1669236706535{padding-top: 25px !important;padding-bottom: 25px !important;}&#8220;][vc_column][vc_column_text css=&#8220;.vc_custom_1672680692207{margin-bottom: 0px !important;}&#8220;] EXECUTIVE DOPPELZIMMER MIT MEERBLICK [\/vc_column_text][\/vc_column][\/vc_row][vc_row][vc_column width=&#8220;2\/3&#8243; css=&#8220;.vc_custom_1669237012630{margin-right: 0px !important;margin-left: 0px !important;padding-right: 0px !important;padding-left: 0px !important;}&#8220;][vc_column_text css=&#8220;.vc_custom_1707829744321{margin-bottom: 0px !important;padding-top: 25px !important;}&#8220;]Entspannen Sie sich und genie\u00dfen Sie den herrlichen Blick auf das Meer oder lassen Sie sich im Au\u00dfen-Infinity-Hydrotherapie-Pool verw\u00f6hnen, direkt [&hellip;]<\/p>\n","protected":false},"author":1,"featured_media":0,"parent":0,"menu_order":0,"comment_status":"closed","ping_status":"closed","template":"","meta":{"footnotes":""},"class_list":["post-4168","page","type-page","status-publish","hentry"],"yoast_head":"<!-- This site is optimized with the Yoast SEO plugin v27.6 - https:\/\/yoast.com\/product\/yoast-seo-wordpress\/ -->\n<title>EXECUTIVE DOPPELZIMMER MIT MEERBLICK - Tainaron Blue Retreat<\/title>\n<meta name=\"robots\" content=\"index, follow, max-snippet:-1, max-image-preview:large, max-video-preview:-1\" \/>\n<link rel=\"canonical\" href=\"https:\/\/tainaron-blue.com\/de\/executive-doppelzimmer-mit-meerblick\/\" \/>\n<meta property=\"og:locale\" content=\"de_DE\" \/>\n<meta property=\"og:type\" content=\"article\" \/>\n<meta property=\"og:title\" content=\"EXECUTIVE DOPPELZIMMER MIT MEERBLICK - Tainaron Blue Retreat\" \/>\n<meta property=\"og:description\" content=\"[vc_row fullwidth=&#8220;true&#8220;][vc_column][mk_gallery images=&#8220;746&#8243; column=&#8220;1&#8243; height=&#8220;450&#8243; hover_scenarios=&#8220;slow_zoom&#8220; item_spacing=&#8220;0&#8243;][\/vc_column][\/vc_row][vc_row fullwidth=&#8220;true&#8220; css=&#8220;.vc_custom_1669236706535{padding-top: 25px !important;padding-bottom: 25px !important;}&#8220;][vc_column][vc_column_text css=&#8220;.vc_custom_1672680692207{margin-bottom: 0px !important;}&#8220;] EXECUTIVE DOPPELZIMMER MIT MEERBLICK [\/vc_column_text][\/vc_column][\/vc_row][vc_row][vc_column width=&#8220;2\/3&#8243; css=&#8220;.vc_custom_1669237012630{margin-right: 0px !important;margin-left: 0px !important;padding-right: 0px !important;padding-left: 0px !important;}&#8220;][vc_column_text css=&#8220;.vc_custom_1707829744321{margin-bottom: 0px !important;padding-top: 25px !important;}&#8220;]Entspannen Sie sich und genie\u00dfen Sie den herrlichen Blick auf das Meer oder lassen Sie sich im Au\u00dfen-Infinity-Hydrotherapie-Pool verw\u00f6hnen, direkt [&hellip;]\" \/>\n<meta property=\"og:url\" content=\"https:\/\/tainaron-blue.com\/de\/executive-doppelzimmer-mit-meerblick\/\" \/>\n<meta property=\"og:site_name\" content=\"Tainaron Blue Retreat\" \/>\n<meta property=\"article:modified_time\" content=\"2024-11-19T20:42:49+00:00\" \/>\n<meta name=\"twitter:card\" content=\"summary_large_image\" \/>\n<meta name=\"twitter:label1\" content=\"Gesch\u00e4tzte Lesezeit\" \/>\n\t<meta name=\"twitter:data1\" content=\"4\u00a0Minuten\" \/>\n<script type=\"application\/ld+json\" class=\"yoast-schema-graph\">{\"@context\":\"https:\\\/\\\/schema.org\",\"@graph\":[{\"@type\":\"WebPage\",\"@id\":\"https:\\\/\\\/tainaron-blue.com\\\/de\\\/executive-doppelzimmer-mit-meerblick\\\/\",\"url\":\"https:\\\/\\\/tainaron-blue.com\\\/de\\\/executive-doppelzimmer-mit-meerblick\\\/\",\"name\":\"EXECUTIVE DOPPELZIMMER MIT MEERBLICK - Tainaron Blue Retreat\",\"isPartOf\":{\"@id\":\"https:\\\/\\\/tainaron-blue.com\\\/de\\\/#website\"},\"datePublished\":\"2024-11-13T11:31:38+00:00\",\"dateModified\":\"2024-11-19T20:42:49+00:00\",\"breadcrumb\":{\"@id\":\"https:\\\/\\\/tainaron-blue.com\\\/de\\\/executive-doppelzimmer-mit-meerblick\\\/#breadcrumb\"},\"inLanguage\":\"de\",\"potentialAction\":[{\"@type\":\"ReadAction\",\"target\":[\"https:\\\/\\\/tainaron-blue.com\\\/de\\\/executive-doppelzimmer-mit-meerblick\\\/\"]}]},{\"@type\":\"BreadcrumbList\",\"@id\":\"https:\\\/\\\/tainaron-blue.com\\\/de\\\/executive-doppelzimmer-mit-meerblick\\\/#breadcrumb\",\"itemListElement\":[{\"@type\":\"ListItem\",\"position\":1,\"name\":\"Home\",\"item\":\"https:\\\/\\\/tainaron-blue.com\\\/de\\\/startseite\\\/\"},{\"@type\":\"ListItem\",\"position\":2,\"name\":\"EXECUTIVE DOPPELZIMMER MIT MEERBLICK\"}]},{\"@type\":\"WebSite\",\"@id\":\"https:\\\/\\\/tainaron-blue.com\\\/de\\\/#website\",\"url\":\"https:\\\/\\\/tainaron-blue.com\\\/de\\\/\",\"name\":\"Tainaron Blue Retreat\",\"description\":\"Mani tower\",\"potentialAction\":[{\"@type\":\"SearchAction\",\"target\":{\"@type\":\"EntryPoint\",\"urlTemplate\":\"https:\\\/\\\/tainaron-blue.com\\\/de\\\/?s={search_term_string}\"},\"query-input\":{\"@type\":\"PropertyValueSpecification\",\"valueRequired\":true,\"valueName\":\"search_term_string\"}}],\"inLanguage\":\"de\"}]}<\/script>\n<!-- \/ Yoast SEO plugin. -->","yoast_head_json":{"title":"EXECUTIVE DOPPELZIMMER MIT MEERBLICK - Tainaron Blue Retreat","robots":{"index":"index","follow":"follow","max-snippet":"max-snippet:-1","max-image-preview":"max-image-preview:large","max-video-preview":"max-video-preview:-1"},"canonical":"https:\/\/tainaron-blue.com\/de\/executive-doppelzimmer-mit-meerblick\/","og_locale":"de_DE","og_type":"article","og_title":"EXECUTIVE DOPPELZIMMER MIT MEERBLICK - Tainaron Blue Retreat","og_description":"[vc_row fullwidth=&#8220;true&#8220;][vc_column][mk_gallery images=&#8220;746&#8243; column=&#8220;1&#8243; height=&#8220;450&#8243; hover_scenarios=&#8220;slow_zoom&#8220; item_spacing=&#8220;0&#8243;][\/vc_column][\/vc_row][vc_row fullwidth=&#8220;true&#8220; css=&#8220;.vc_custom_1669236706535{padding-top: 25px !important;padding-bottom: 25px !important;}&#8220;][vc_column][vc_column_text css=&#8220;.vc_custom_1672680692207{margin-bottom: 0px !important;}&#8220;] EXECUTIVE DOPPELZIMMER MIT MEERBLICK [\/vc_column_text][\/vc_column][\/vc_row][vc_row][vc_column width=&#8220;2\/3&#8243; css=&#8220;.vc_custom_1669237012630{margin-right: 0px !important;margin-left: 0px !important;padding-right: 0px !important;padding-left: 0px !important;}&#8220;][vc_column_text css=&#8220;.vc_custom_1707829744321{margin-bottom: 0px !important;padding-top: 25px !important;}&#8220;]Entspannen Sie sich und genie\u00dfen Sie den herrlichen Blick auf das Meer oder lassen Sie sich im Au\u00dfen-Infinity-Hydrotherapie-Pool verw\u00f6hnen, direkt [&hellip;]","og_url":"https:\/\/tainaron-blue.com\/de\/executive-doppelzimmer-mit-meerblick\/","og_site_name":"Tainaron Blue Retreat","article_modified_time":"2024-11-19T20:42:49+00:00","twitter_card":"summary_large_image","twitter_misc":{"Gesch\u00e4tzte Lesezeit":"4\u00a0Minuten"},"schema":{"@context":"https:\/\/schema.org","@graph":[{"@type":"WebPage","@id":"https:\/\/tainaron-blue.com\/de\/executive-doppelzimmer-mit-meerblick\/","url":"https:\/\/tainaron-blue.com\/de\/executive-doppelzimmer-mit-meerblick\/","name":"EXECUTIVE DOPPELZIMMER MIT MEERBLICK - Tainaron Blue Retreat","isPartOf":{"@id":"https:\/\/tainaron-blue.com\/de\/#website"},"datePublished":"2024-11-13T11:31:38+00:00","dateModified":"2024-11-19T20:42:49+00:00","breadcrumb":{"@id":"https:\/\/tainaron-blue.com\/de\/executive-doppelzimmer-mit-meerblick\/#breadcrumb"},"inLanguage":"de","potentialAction":[{"@type":"ReadAction","target":["https:\/\/tainaron-blue.com\/de\/executive-doppelzimmer-mit-meerblick\/"]}]},{"@type":"BreadcrumbList","@id":"https:\/\/tainaron-blue.com\/de\/executive-doppelzimmer-mit-meerblick\/#breadcrumb","itemListElement":[{"@type":"ListItem","position":1,"name":"Home","item":"https:\/\/tainaron-blue.com\/de\/startseite\/"},{"@type":"ListItem","position":2,"name":"EXECUTIVE DOPPELZIMMER MIT MEERBLICK"}]},{"@type":"WebSite","@id":"https:\/\/tainaron-blue.com\/de\/#website","url":"https:\/\/tainaron-blue.com\/de\/","name":"Tainaron Blue Retreat","description":"Mani tower","potentialAction":[{"@type":"SearchAction","target":{"@type":"EntryPoint","urlTemplate":"https:\/\/tainaron-blue.com\/de\/?s={search_term_string}"},"query-input":{"@type":"PropertyValueSpecification","valueRequired":true,"valueName":"search_term_string"}}],"inLanguage":"de"}]}},"_links":{"self":[{"href":"https:\/\/tainaron-blue.com\/de\/wp-json\/wp\/v2\/pages\/4168","targetHints":{"allow":["GET"]}}],"collection":[{"href":"https:\/\/tainaron-blue.com\/de\/wp-json\/wp\/v2\/pages"}],"about":[{"href":"https:\/\/tainaron-blue.com\/de\/wp-json\/wp\/v2\/types\/page"}],"author":[{"embeddable":true,"href":"https:\/\/tainaron-blue.com\/de\/wp-json\/wp\/v2\/users\/1"}],"replies":[{"embeddable":true,"href":"https:\/\/tainaron-blue.com\/de\/wp-json\/wp\/v2\/comments?post=4168"}],"version-history":[{"count":15,"href":"https:\/\/tainaron-blue.com\/de\/wp-json\/wp\/v2\/pages\/4168\/revisions"}],"predecessor-version":[{"id":4349,"href":"https:\/\/tainaron-blue.com\/de\/wp-json\/wp\/v2\/pages\/4168\/revisions\/4349"}],"wp:attachment":[{"href":"https:\/\/tainaron-blue.com\/de\/wp-json\/wp\/v2\/media?parent=4168"}],"curies":[{"name":"wp","href":"https:\/\/api.w.org\/{rel}","templated":true}]}}