{"id":4159,"date":"2024-11-13T10:14:29","date_gmt":"2024-11-13T10:14:29","guid":{"rendered":"https:\/\/tainaron-blue.com\/master-suite-mit-meerblick\/"},"modified":"2024-11-19T20:34:11","modified_gmt":"2024-11-19T20:34:11","slug":"master-suite-mit-meerblick","status":"publish","type":"page","link":"https:\/\/tainaron-blue.com\/de\/der-turm\/zimmer\/master-suite-mit-meerblick\/","title":{"rendered":"MASTER SUITE MIT MEERBLICK"},"content":{"rendered":"<section class=\"wpb-content-wrapper\">[vc_row fullwidth=&#8220;true&#8220;][vc_column][mk_gallery images=&#8220;810&#8243; column=&#8220;1&#8243; height=&#8220;450&#8243; hover_scenarios=&#8220;slow_zoom&#8220; item_spacing=&#8220;0&#8243;][\/vc_column][\/vc_row][vc_row fullwidth=&#8220;true&#8220; css=&#8220;.vc_custom_1669236706535{padding-top: 25px !important;padding-bottom: 25px !important;}&#8220;][vc_column][vc_column_text css=&#8220;.vc_custom_1672680692207{margin-bottom: 0px !important;}&#8220;]\n<h1 style=\"text-align: center;\">MASTER SUITE MIT MEERBLICK<\/h1>\n[\/vc_column_text][\/vc_column][\/vc_row][vc_row][vc_column width=&#8220;2\/3&#8243; css=&#8220;.vc_custom_1669237012630{margin-right: 0px !important;margin-left: 0px !important;padding-right: 0px !important;padding-left: 0px !important;}&#8220;][vc_column_text css=&#8220;.vc_custom_1707829470689{margin-bottom: 0px !important;padding-top: 25px !important;}&#8220;]Wenn Sie bis hierher gekommen sind, fast bis zum \u00e4u\u00dfersten Punkt der Mani-Halbinsel, dann d\u00fcrfen Sie sich ruhig als K\u00f6nig oder K\u00f6nigin des H\u00fcgels betrachten\u2026<br \/>Dies ist das Gef\u00fchl, das einige G\u00e4ste berichten, wenn sie unsere charakteristische Master Suite betreten, die 25 m\u00b2 gro\u00df ist und eine Kombination aus originalem Stein und Holzarbeiten bietet, die sich auf zwei Ebenen im obersten Bereich des Turms erstrecken. Die Suite ist gleichzeitig gem\u00fctlich und beeindruckend und garantiert, dass sie Ihre Perspektive ver\u00e4ndert und Ihnen ein Gef\u00fchl f\u00fcr den Verlauf der griechischen Geschichte vermittelt \u2013 alles, w\u00e4hrend Sie in den modernsten Annehmlichkeiten verweilen.<\/p>\n<p>Das Abenteuer beginnt mit Ihrem Aufstieg, der \u00fcber eine \u201egeheime\u201c Treppe neben unserer Turmk\u00fcche f\u00fchrt. Dann werden Sie mit \u201estrategischen\u201c Ausblicken auf das Mittelmeer im S\u00fcden und einem kleinen Balkon auf der Ostseite, der atemberaubende Ausblicke auf Berge, Kap und Meer bietet, verw\u00f6hnt. Die erste Ebene der Suite umfasst das Schlafzimmer, das mit einem komfortablen Coco-mat Pillow-Top-Matratzen-Doppelbett, einer kleinen Arbeitsfl\u00e4che und einem vollst\u00e4ndigen Badezimmer ausgestattet ist. Ein paar Stufen eine ma\u00dfgefertigte \u201eBoot\u201c-Leiter hinauf und Sie gelangen zur obersten Ebene und dem separaten Schlafbereich, wodurch die Suite auch ideal f\u00fcr reisende Familien ist. Die Master Suite bietet: Klimaanlage, kostenloses WiFi, Nespresso-Maschine, Mini-Bar und Safe. Ein professioneller Haartrockner, Coco-mat Bettw\u00e4sche\/Handt\u00fccher\/Badem\u00e4ntel\/Hausschuhe sowie kostenlose nachhaltige Pflegeprodukte sind ebenfalls vorhanden.[\/vc_column_text][\/vc_column][vc_column width=&#8220;1\/3&#8243;][vc_row_inner][vc_column_inner offset=&#8220;vc_hidden-sm&#8220;][vc_raw_html css=&#8220;.vc_custom_1732043286993{margin-bottom: 0px !important;padding-top: 25px !important;padding-right: 20px !important;padding-bottom: 0px !important;padding-left: 20px !important;background-color: #f4f4f4 !important;}&#8220;]PGg0IHN0eWxlPSJ0ZXh0LWFsaWduOmNlbnRlcjttYXJnaW4tYm90dG9tOjIwcHg7Ij5WRVJGw5xHQkFSS0VJVCBQUsOcRkVOPC9oND4KW2N1c3RvbV9pZnJhbWUgaGVpZ2h0PSIyMDBweCJdCgo=[\/vc_raw_html][\/vc_column_inner][\/vc_row_inner][vc_row_inner][vc_column_inner offset=&#8220;vc_hidden-lg vc_hidden-md vc_hidden-xs&#8220;][vc_raw_html css=&#8220;.vc_custom_1732043314518{margin-bottom: 0px !important;padding-top: 25px !important;padding-right: 20px !important;padding-bottom: 0px !important;padding-left: 20px !important;background-color: #f4f4f4 !important;}&#8220;]PGg0IHN0eWxlPSJ0ZXh0LWFsaWduOmNlbnRlcjttYXJnaW4tYm90dG9tOjIwcHg7Ij5WRVJGw5xHQkFSS0VJVCBQUsOcRkVOPC9oND4KW2N1c3RvbV9pZnJhbWUgaGVpZ2h0PSIyOTBweCJdCg==[\/vc_raw_html][\/vc_column_inner][\/vc_row_inner][\/vc_column][\/vc_row][vc_row css=&#8220;.vc_custom_1669329246413{padding-top: 35px !important;}&#8220;][vc_column width=&#8220;1\/2&#8243;][mk_gallery images=&#8220;846,843,840,837,834,831,828,825,822,819&#8243; style=&#8220;style1&#8243; hover_scenarios=&#8220;slow_zoom&#8220; orderby=&#8220;post__in&#8220;][\/vc_column][vc_column width=&#8220;1\/2&#8243; css=&#8220;.vc_custom_1669237018614{margin-right: 0px !important;margin-left: 0px !important;padding-right: 0px !important;padding-left: 0px !important;}&#8220;][mk_gallery images=&#8220;816,807,813,798,804,801,2148,789,795&#8243; style=&#8220;style3&#8243; hover_scenarios=&#8220;slow_zoom&#8220; order=&#8220;DESC&#8220; orderby=&#8220;post__in&#8220;][\/vc_column][\/vc_row][vc_row fullwidth=&#8220;true&#8220; fullwidth_content=&#8220;false&#8220; css=&#8220;.vc_custom_1672683943263{margin-top: 40px !important;padding-top: 45px !important;padding-bottom: 5px !important;background-color: #f9f9f9 !important;}&#8220;][vc_column][vc_column_text align=&#8220;center&#8220; css=&#8220;.vc_custom_1672683905966{margin-bottom: 0px !important;}&#8220;]\n<h3 style=\"text-align: center;\">DIE ZIMMER<\/h3>\n[\/vc_column_text][\/vc_column][\/vc_row][vc_row fullwidth=&#8220;true&#8220; fullwidth_content=&#8220;false&#8220; css=&#8220;.vc_custom_1672683916954{margin-top: 0px !important;padding-top: 5px !important;padding-bottom: 35px !important;background-color: #f9f9f9 !important;}&#8220;][vc_column width=&#8220;1\/4&#8243; el_class=&#8220;pop&#8220;][vc_single_image image=&#8220;810&#8243; img_size=&#8220;255&#215;200&#8243; alignment=&#8220;center&#8220; onclick=&#8220;custom_link&#8220; link=&#8220;?page_id=864&#8243; css=&#8220;.vc_custom_1672684555766{margin-bottom: 0px !important;padding-bottom: 0px !important;}&#8220;][vc_column_text align=&#8220;center&#8220; css=&#8220;.vc_custom_1672684549782{margin-bottom: 0px !important;padding-top: 10px !important;}&#8220;]\n<p style=\"text-align: center;\"><a href=\"?page_id=864\"><strong>MASTER SUITE MIT MEERBLICK<\/strong><\/a><\/p>\n[\/vc_column_text][\/vc_column][vc_column width=&#8220;1\/4&#8243;][vc_single_image image=&#8220;772&#8243; img_size=&#8220;255&#215;200&#8243; alignment=&#8220;center&#8220; onclick=&#8220;custom_link&#8220; link=&#8220;?page_id=2299&#8243; css=&#8220;.vc_custom_1672684560405{margin-bottom: 0px !important;padding-bottom: 0px !important;}&#8220;][vc_column_text align=&#8220;center&#8220; css=&#8220;.vc_custom_1672684576156{margin-bottom: 0px !important;padding-top: 10px !important;}&#8220;]\n<p style=\"text-align: center;\"><a href=\"?page_id=2299\"><strong>JUNIOR SUITE MIT BERGBLICK<\/strong><\/a><\/p>\n[\/vc_column_text][\/vc_column][vc_column width=&#8220;1\/4&#8243;][vc_single_image image=&#8220;746&#8243; img_size=&#8220;255&#215;200&#8243; alignment=&#8220;center&#8220; onclick=&#8220;custom_link&#8220; link=&#8220;?page_id=2301&#8243; css=&#8220;.vc_custom_1672684565539{margin-bottom: 0px !important;padding-bottom: 0px !important;}&#8220;][vc_column_text align=&#8220;center&#8220; css=&#8220;.vc_custom_1672684581826{margin-bottom: 0px !important;padding-top: 10px !important;}&#8220;]\n<p style=\"text-align: center;\"><a href=\"?page_id=2301\"><strong>EXECUTIVE DOPPELZIMMER MIT MEERBLICK<\/strong><\/a><\/p>\n[\/vc_column_text][\/vc_column][vc_column width=&#8220;1\/4&#8243;][vc_single_image image=&#8220;678&#8243; img_size=&#8220;255&#215;200&#8243; alignment=&#8220;center&#8220; onclick=&#8220;custom_link&#8220; link=&#8220;?page_id=898&#8243; css=&#8220;.vc_custom_1672684570591{margin-bottom: 0px !important;padding-bottom: 0px !important;}&#8220;][vc_column_text align=&#8220;center&#8220; css=&#8220;.vc_custom_1672684587427{margin-bottom: 0px !important;padding-top: 10px !important;}&#8220;]\n<p style=\"text-align: center;\"><a href=\"?page_id=898\"><strong>KLASSISCHES DOPPELZIMMER MIT BERGBLICK<\/strong><\/a><\/p>\n[\/vc_column_text][\/vc_column][\/vc_row]\n<\/section>","protected":false},"excerpt":{"rendered":"<p>[vc_row fullwidth=&#8220;true&#8220;][vc_column][mk_gallery images=&#8220;810&#8243; column=&#8220;1&#8243; height=&#8220;450&#8243; hover_scenarios=&#8220;slow_zoom&#8220; item_spacing=&#8220;0&#8243;][\/vc_column][\/vc_row][vc_row fullwidth=&#8220;true&#8220; css=&#8220;.vc_custom_1669236706535{padding-top: 25px !important;padding-bottom: 25px !important;}&#8220;][vc_column][vc_column_text css=&#8220;.vc_custom_1672680692207{margin-bottom: 0px !important;}&#8220;] MASTER SUITE MIT MEERBLICK [\/vc_column_text][\/vc_column][\/vc_row][vc_row][vc_column width=&#8220;2\/3&#8243; css=&#8220;.vc_custom_1669237012630{margin-right: 0px !important;margin-left: 0px !important;padding-right: 0px !important;padding-left: 0px !important;}&#8220;][vc_column_text css=&#8220;.vc_custom_1707829470689{margin-bottom: 0px !important;padding-top: 25px !important;}&#8220;]Wenn Sie bis hierher gekommen sind, fast bis zum \u00e4u\u00dfersten Punkt der Mani-Halbinsel, dann d\u00fcrfen Sie sich ruhig als K\u00f6nig [&hellip;]<\/p>\n","protected":false},"author":1,"featured_media":0,"parent":4171,"menu_order":0,"comment_status":"closed","ping_status":"closed","template":"","meta":{"footnotes":""},"class_list":["post-4159","page","type-page","status-publish","hentry"],"yoast_head":"<!-- This site is optimized with the Yoast SEO plugin v27.3 - https:\/\/yoast.com\/product\/yoast-seo-wordpress\/ -->\n<title>MASTER SUITE MIT MEERBLICK - Tainaron Blue Retreat<\/title>\n<meta name=\"robots\" content=\"index, follow, max-snippet:-1, max-image-preview:large, max-video-preview:-1\" \/>\n<link rel=\"canonical\" href=\"https:\/\/tainaron-blue.com\/de\/der-turm\/zimmer\/master-suite-mit-meerblick\/\" \/>\n<meta property=\"og:locale\" content=\"de_DE\" \/>\n<meta property=\"og:type\" content=\"article\" \/>\n<meta property=\"og:title\" content=\"MASTER SUITE MIT MEERBLICK - Tainaron Blue Retreat\" \/>\n<meta property=\"og:description\" content=\"[vc_row fullwidth=&#8220;true&#8220;][vc_column][mk_gallery images=&#8220;810&#8243; column=&#8220;1&#8243; height=&#8220;450&#8243; hover_scenarios=&#8220;slow_zoom&#8220; item_spacing=&#8220;0&#8243;][\/vc_column][\/vc_row][vc_row fullwidth=&#8220;true&#8220; css=&#8220;.vc_custom_1669236706535{padding-top: 25px !important;padding-bottom: 25px !important;}&#8220;][vc_column][vc_column_text css=&#8220;.vc_custom_1672680692207{margin-bottom: 0px !important;}&#8220;] MASTER SUITE MIT MEERBLICK [\/vc_column_text][\/vc_column][\/vc_row][vc_row][vc_column width=&#8220;2\/3&#8243; css=&#8220;.vc_custom_1669237012630{margin-right: 0px !important;margin-left: 0px !important;padding-right: 0px !important;padding-left: 0px !important;}&#8220;][vc_column_text css=&#8220;.vc_custom_1707829470689{margin-bottom: 0px !important;padding-top: 25px !important;}&#8220;]Wenn Sie bis hierher gekommen sind, fast bis zum \u00e4u\u00dfersten Punkt der Mani-Halbinsel, dann d\u00fcrfen Sie sich ruhig als K\u00f6nig [&hellip;]\" \/>\n<meta property=\"og:url\" content=\"https:\/\/tainaron-blue.com\/de\/der-turm\/zimmer\/master-suite-mit-meerblick\/\" \/>\n<meta property=\"og:site_name\" content=\"Tainaron Blue Retreat\" \/>\n<meta property=\"article:modified_time\" content=\"2024-11-19T20:34:11+00:00\" \/>\n<meta name=\"twitter:card\" content=\"summary_large_image\" \/>\n<meta name=\"twitter:label1\" content=\"Gesch\u00e4tzte Lesezeit\" \/>\n\t<meta name=\"twitter:data1\" content=\"4\u00a0Minuten\" \/>\n<script type=\"application\/ld+json\" class=\"yoast-schema-graph\">{\"@context\":\"https:\\\/\\\/schema.org\",\"@graph\":[{\"@type\":\"WebPage\",\"@id\":\"https:\\\/\\\/tainaron-blue.com\\\/de\\\/der-turm\\\/zimmer\\\/master-suite-mit-meerblick\\\/\",\"url\":\"https:\\\/\\\/tainaron-blue.com\\\/de\\\/der-turm\\\/zimmer\\\/master-suite-mit-meerblick\\\/\",\"name\":\"MASTER SUITE MIT MEERBLICK - Tainaron Blue Retreat\",\"isPartOf\":{\"@id\":\"https:\\\/\\\/tainaron-blue.com\\\/de\\\/#website\"},\"datePublished\":\"2024-11-13T10:14:29+00:00\",\"dateModified\":\"2024-11-19T20:34:11+00:00\",\"breadcrumb\":{\"@id\":\"https:\\\/\\\/tainaron-blue.com\\\/de\\\/der-turm\\\/zimmer\\\/master-suite-mit-meerblick\\\/#breadcrumb\"},\"inLanguage\":\"de\",\"potentialAction\":[{\"@type\":\"ReadAction\",\"target\":[\"https:\\\/\\\/tainaron-blue.com\\\/de\\\/der-turm\\\/zimmer\\\/master-suite-mit-meerblick\\\/\"]}]},{\"@type\":\"BreadcrumbList\",\"@id\":\"https:\\\/\\\/tainaron-blue.com\\\/de\\\/der-turm\\\/zimmer\\\/master-suite-mit-meerblick\\\/#breadcrumb\",\"itemListElement\":[{\"@type\":\"ListItem\",\"position\":1,\"name\":\"Home\",\"item\":\"https:\\\/\\\/tainaron-blue.com\\\/de\\\/startseite\\\/\"},{\"@type\":\"ListItem\",\"position\":2,\"name\":\"Der Turm\",\"item\":\"https:\\\/\\\/tainaron-blue.com\\\/de\\\/der-turm\\\/\"},{\"@type\":\"ListItem\",\"position\":3,\"name\":\"Zimmer\",\"item\":\"https:\\\/\\\/tainaron-blue.com\\\/de\\\/der-turm\\\/zimmer\\\/\"},{\"@type\":\"ListItem\",\"position\":4,\"name\":\"MASTER SUITE MIT MEERBLICK\"}]},{\"@type\":\"WebSite\",\"@id\":\"https:\\\/\\\/tainaron-blue.com\\\/de\\\/#website\",\"url\":\"https:\\\/\\\/tainaron-blue.com\\\/de\\\/\",\"name\":\"Tainaron Blue Retreat\",\"description\":\"Mani tower\",\"potentialAction\":[{\"@type\":\"SearchAction\",\"target\":{\"@type\":\"EntryPoint\",\"urlTemplate\":\"https:\\\/\\\/tainaron-blue.com\\\/de\\\/?s={search_term_string}\"},\"query-input\":{\"@type\":\"PropertyValueSpecification\",\"valueRequired\":true,\"valueName\":\"search_term_string\"}}],\"inLanguage\":\"de\"}]}<\/script>\n<!-- \/ Yoast SEO plugin. -->","yoast_head_json":{"title":"MASTER SUITE MIT MEERBLICK - Tainaron Blue Retreat","robots":{"index":"index","follow":"follow","max-snippet":"max-snippet:-1","max-image-preview":"max-image-preview:large","max-video-preview":"max-video-preview:-1"},"canonical":"https:\/\/tainaron-blue.com\/de\/der-turm\/zimmer\/master-suite-mit-meerblick\/","og_locale":"de_DE","og_type":"article","og_title":"MASTER SUITE MIT MEERBLICK - Tainaron Blue Retreat","og_description":"[vc_row fullwidth=&#8220;true&#8220;][vc_column][mk_gallery images=&#8220;810&#8243; column=&#8220;1&#8243; height=&#8220;450&#8243; hover_scenarios=&#8220;slow_zoom&#8220; item_spacing=&#8220;0&#8243;][\/vc_column][\/vc_row][vc_row fullwidth=&#8220;true&#8220; css=&#8220;.vc_custom_1669236706535{padding-top: 25px !important;padding-bottom: 25px !important;}&#8220;][vc_column][vc_column_text css=&#8220;.vc_custom_1672680692207{margin-bottom: 0px !important;}&#8220;] MASTER SUITE MIT MEERBLICK [\/vc_column_text][\/vc_column][\/vc_row][vc_row][vc_column width=&#8220;2\/3&#8243; css=&#8220;.vc_custom_1669237012630{margin-right: 0px !important;margin-left: 0px !important;padding-right: 0px !important;padding-left: 0px !important;}&#8220;][vc_column_text css=&#8220;.vc_custom_1707829470689{margin-bottom: 0px !important;padding-top: 25px !important;}&#8220;]Wenn Sie bis hierher gekommen sind, fast bis zum \u00e4u\u00dfersten Punkt der Mani-Halbinsel, dann d\u00fcrfen Sie sich ruhig als K\u00f6nig [&hellip;]","og_url":"https:\/\/tainaron-blue.com\/de\/der-turm\/zimmer\/master-suite-mit-meerblick\/","og_site_name":"Tainaron Blue Retreat","article_modified_time":"2024-11-19T20:34:11+00:00","twitter_card":"summary_large_image","twitter_misc":{"Gesch\u00e4tzte Lesezeit":"4\u00a0Minuten"},"schema":{"@context":"https:\/\/schema.org","@graph":[{"@type":"WebPage","@id":"https:\/\/tainaron-blue.com\/de\/der-turm\/zimmer\/master-suite-mit-meerblick\/","url":"https:\/\/tainaron-blue.com\/de\/der-turm\/zimmer\/master-suite-mit-meerblick\/","name":"MASTER SUITE MIT MEERBLICK - Tainaron Blue Retreat","isPartOf":{"@id":"https:\/\/tainaron-blue.com\/de\/#website"},"datePublished":"2024-11-13T10:14:29+00:00","dateModified":"2024-11-19T20:34:11+00:00","breadcrumb":{"@id":"https:\/\/tainaron-blue.com\/de\/der-turm\/zimmer\/master-suite-mit-meerblick\/#breadcrumb"},"inLanguage":"de","potentialAction":[{"@type":"ReadAction","target":["https:\/\/tainaron-blue.com\/de\/der-turm\/zimmer\/master-suite-mit-meerblick\/"]}]},{"@type":"BreadcrumbList","@id":"https:\/\/tainaron-blue.com\/de\/der-turm\/zimmer\/master-suite-mit-meerblick\/#breadcrumb","itemListElement":[{"@type":"ListItem","position":1,"name":"Home","item":"https:\/\/tainaron-blue.com\/de\/startseite\/"},{"@type":"ListItem","position":2,"name":"Der Turm","item":"https:\/\/tainaron-blue.com\/de\/der-turm\/"},{"@type":"ListItem","position":3,"name":"Zimmer","item":"https:\/\/tainaron-blue.com\/de\/der-turm\/zimmer\/"},{"@type":"ListItem","position":4,"name":"MASTER SUITE MIT MEERBLICK"}]},{"@type":"WebSite","@id":"https:\/\/tainaron-blue.com\/de\/#website","url":"https:\/\/tainaron-blue.com\/de\/","name":"Tainaron Blue Retreat","description":"Mani tower","potentialAction":[{"@type":"SearchAction","target":{"@type":"EntryPoint","urlTemplate":"https:\/\/tainaron-blue.com\/de\/?s={search_term_string}"},"query-input":{"@type":"PropertyValueSpecification","valueRequired":true,"valueName":"search_term_string"}}],"inLanguage":"de"}]}},"_links":{"self":[{"href":"https:\/\/tainaron-blue.com\/de\/wp-json\/wp\/v2\/pages\/4159","targetHints":{"allow":["GET"]}}],"collection":[{"href":"https:\/\/tainaron-blue.com\/de\/wp-json\/wp\/v2\/pages"}],"about":[{"href":"https:\/\/tainaron-blue.com\/de\/wp-json\/wp\/v2\/types\/page"}],"author":[{"embeddable":true,"href":"https:\/\/tainaron-blue.com\/de\/wp-json\/wp\/v2\/users\/1"}],"replies":[{"embeddable":true,"href":"https:\/\/tainaron-blue.com\/de\/wp-json\/wp\/v2\/comments?post=4159"}],"version-history":[{"count":25,"href":"https:\/\/tainaron-blue.com\/de\/wp-json\/wp\/v2\/pages\/4159\/revisions"}],"predecessor-version":[{"id":4338,"href":"https:\/\/tainaron-blue.com\/de\/wp-json\/wp\/v2\/pages\/4159\/revisions\/4338"}],"up":[{"embeddable":true,"href":"https:\/\/tainaron-blue.com\/de\/wp-json\/wp\/v2\/pages\/4171"}],"wp:attachment":[{"href":"https:\/\/tainaron-blue.com\/de\/wp-json\/wp\/v2\/media?parent=4159"}],"curies":[{"name":"wp","href":"https:\/\/api.w.org\/{rel}","templated":true}]}}