{"id":4158,"date":"2024-11-13T10:09:43","date_gmt":"2024-11-13T10:09:43","guid":{"rendered":"https:\/\/tainaron-blue.com\/nutzungsbedingungen\/"},"modified":"2024-11-13T10:09:43","modified_gmt":"2024-11-13T10:09:43","slug":"nutzungsbedingungen","status":"publish","type":"page","link":"https:\/\/tainaron-blue.com\/de\/nutzungsbedingungen\/","title":{"rendered":"Nutzungsbedingungen<br><br>"},"content":{"rendered":"<div class=\"et_pb_text et_pb_bg_layout_light et_pb_text_align_left\">\n<h3>ALLEGEMEINE GESCH\u00c4FTSBEDINGUNGEN<\/h3>\n<p>Die Website tainaron-blue.com ist Eigentum des Unternehmens mit dem Namen OIKADE PYRGOS MANIS K. ZOUVELOS &amp; CO LP. Das Urheberrecht f\u00fcr die Inhalte (z. B. Software, Informationen, Daten, Marken, Logos und alle anderen unterscheidungskr\u00e4ftigen Merkmale) und die Dienstleistungen der Website (Site) von tainaron-blue.com, die im Internet ver\u00f6ffentlicht sind, sind durch griechische, europ\u00e4ische und internationale Gesetze zum Urheberrecht sowie zur gewerblichen Schutzrechte gesch\u00fctzt. Jegliche Kopie, Verteilung, \u00dcbertragung, Bearbeitung, Weiterver\u00e4u\u00dfern, Erstellung abgeleiteter Werke oder Irref\u00fchrung der \u00d6ffentlichkeit bez\u00fcglich des tats\u00e4chlichen Anbieters des Inhalts der Website ist untersagt. Jede Vervielf\u00e4ltigung, Ver\u00f6ffentlichung, Hochladen, Posten oder \u00dcbertragung oder jede andere Nutzung des Inhalts in jeglicher Form oder auf jeglichem Weg, f\u00fcr kommerzielle oder andere Zwecke, ist nur mit vorheriger schriftlicher Genehmigung von tainaron-blue.com oder einem anderen Inhaber des Urheberrechts erlaubt. Die Nutzung dieser Website darf nur f\u00fcr den pers\u00f6nlichen und privaten Gebrauch sowie zu rechtm\u00e4\u00dfigen Zwecken erfolgen und auf eine Weise, die die Nutzung der Website durch andere nicht einschr\u00e4nkt oder behindert. Besucher m\u00fcssen die Website in \u00dcbereinstimmung mit dem Gesetz, der Moral und den vorliegenden Bedingungen nutzen und sich von Handlungen oder Unterlassungen fernhalten, die Sch\u00e4den oder Fehlfunktionen verursachen oder die Bereitstellung der Dienste von tainaron-blue.com beeintr\u00e4chtigen oder gef\u00e4hrden k\u00f6nnten.<br \/>Wenn diese Website Links zu Websites Dritter enth\u00e4lt, ist tainaron-blue.com nicht verantwortlich f\u00fcr den Inhalt dieser Seiten und f\u00fcr etwaige Verluste oder Sch\u00e4den, die durch deren Nutzung entstehen k\u00f6nnten. Der Besucher hat die Wahl und Verantwortung, auf diese Seiten zuzugreifen. Die Namen, Bilder, Logos und Marken, die tainaron-blue.com oder Dritte und deren Produkte oder Dienstleistungen repr\u00e4sentieren, sind Marken von tainaron-blue.com oder Dritten, die durch die entsprechenden Markenrechte sowie das gewerbliche und industrielle Schutzrecht gesch\u00fctzt sind. Ihr Erscheinen auf der Website sollte in keiner Weise als \u00dcbertragung, Lizenz oder Recht zur Nutzung dieser Marken ausgelegt werden.<br \/>OIKADE PYR MANIS ZOUVELOS &amp; CO LP kann diese Nutzungsbedingungen jederzeit einseitig und nach eigenem Ermessen \u00e4ndern. Die Besucher\/Benutzer sind daf\u00fcr verantwortlich, regelm\u00e4\u00dfig zu \u00fcberpr\u00fcfen, ob \u00c4nderungen an diesen Nutzungsbedingungen vorgenommen wurden. Der Besuch und die Nutzung von tainaron-blue.com nach \u00c4nderungen gelten als Annahme der ge\u00e4nderten Nutzungsbedingungen.<\/p>\n<\/div>\n<div class=\"et_pb_text et_pb_bg_layout_light et_pb_text_align_left\">\n<h3>SCHUTZ PERSONENBEZOGENER DATEN<\/h3>\n<p>Das Unternehmen mit dem Namen OIKADE PYR MANIS ZOUVELOS &amp; CO LP, mit Sitz in Kastri, 23059 Vatheia, Mani, Griechenland, als Verwalter der auf dieser Website enthaltenen Daten, informiert die Besucher, dass die Verarbeitung personenbezogener Daten, die zur Bereitstellung der angeforderten Dienste bereitgestellt werden (in Form von \u201eDaten\u201c), entweder schriftlich, elektronisch oder durch Telekommunikationsmittel erfolgt. Die \u00fcber die Website elektronisch \u00fcbermittelten Benutzerdaten bleiben vertraulich und werden nicht an Dritte weitergegeben oder offenbart. Die Nutzer der Website sind nicht verpflichtet, personenbezogene Daten bereitzustellen. Falls dies jedoch nicht erfolgt, kann dies die Lieferung des angeforderten Dienstes verhindern.<br \/>Die personenbezogenen Daten der Website-Nutzer werden nicht verbreitet und nicht an Dritte weitergegeben. Sie k\u00f6nnen jedoch an Mitarbeiter des Datenverwalters der Website sowie an diejenigen weitergegeben werden, die mit der Bereitstellung von Dienstleistungen beauftragt sind, sowie an Mitarbeiter und Manager, denen der Verwalter eine aktualisierte Liste der Website-Daten zur Verf\u00fcgung gestellt hat.<br \/>Zu jeder Zeit haben die Nutzer der Website das Recht, ihre personenbezogenen Daten zu \u00fcberpr\u00fcfen und eine Korrektur, Aktualisierung oder L\u00f6schung anzufordern. Sie k\u00f6nnen ihre Rechte gem\u00e4\u00df den Bestimmungen des Gesetzes 2472\/1997 aus\u00fcben, indem sie schriftlich eine Anfrage an das verantwortliche Unternehmen der Website OIKADE PYR MANIS ZOUVELOS &amp; CO LP, Kastri, 23059 Vatheia, Mani, Griechenland richten oder an tainaron-blue.com, indem sie auf \u201eKontaktieren Sie uns\u201c klicken.<br \/>Der Besuch der Website und die Nutzung der Dienste von tainaron-blue.com stellen die bedingungslose Akzeptanz dieser Bedingungen dar.       <\/p>\n<\/div>\n","protected":false},"excerpt":{"rendered":"<p>ALLEGEMEINE GESCH\u00c4FTSBEDINGUNGEN Die Website tainaron-blue.com ist Eigentum des Unternehmens mit dem Namen OIKADE PYRGOS MANIS K. ZOUVELOS &amp; CO LP. Das Urheberrecht f\u00fcr die Inhalte (z. B. Software, Informationen, Daten, Marken, Logos und alle anderen unterscheidungskr\u00e4ftigen Merkmale) und die Dienstleistungen der Website (Site) von tainaron-blue.com, die im Internet ver\u00f6ffentlicht sind, sind durch griechische, europ\u00e4ische und [&hellip;]<\/p>\n","protected":false},"author":1,"featured_media":0,"parent":0,"menu_order":0,"comment_status":"closed","ping_status":"closed","template":"","meta":{"footnotes":""},"class_list":["post-4158","page","type-page","status-publish","hentry"],"yoast_head":"<!-- This site is optimized with the Yoast SEO plugin v27.4 - https:\/\/yoast.com\/product\/yoast-seo-wordpress\/ -->\n<title>Nutzungsbedingungen - Tainaron Blue Retreat<\/title>\n<meta name=\"robots\" content=\"index, follow, max-snippet:-1, max-image-preview:large, max-video-preview:-1\" \/>\n<link rel=\"canonical\" href=\"https:\/\/tainaron-blue.com\/de\/nutzungsbedingungen\/\" \/>\n<meta property=\"og:locale\" content=\"de_DE\" \/>\n<meta property=\"og:type\" content=\"article\" \/>\n<meta property=\"og:title\" content=\"Nutzungsbedingungen - Tainaron Blue Retreat\" \/>\n<meta property=\"og:description\" content=\"ALLEGEMEINE GESCH\u00c4FTSBEDINGUNGEN Die Website tainaron-blue.com ist Eigentum des Unternehmens mit dem Namen OIKADE PYRGOS MANIS K. ZOUVELOS &amp; CO LP. Das Urheberrecht f\u00fcr die Inhalte (z. B. Software, Informationen, Daten, Marken, Logos und alle anderen unterscheidungskr\u00e4ftigen Merkmale) und die Dienstleistungen der Website (Site) von tainaron-blue.com, die im Internet ver\u00f6ffentlicht sind, sind durch griechische, europ\u00e4ische und [&hellip;]\" \/>\n<meta property=\"og:url\" content=\"https:\/\/tainaron-blue.com\/de\/nutzungsbedingungen\/\" \/>\n<meta property=\"og:site_name\" content=\"Tainaron Blue Retreat\" \/>\n<meta name=\"twitter:card\" content=\"summary_large_image\" \/>\n<meta name=\"twitter:label1\" content=\"Gesch\u00e4tzte Lesezeit\" \/>\n\t<meta name=\"twitter:data1\" content=\"3\u00a0Minuten\" \/>\n<script type=\"application\/ld+json\" class=\"yoast-schema-graph\">{\"@context\":\"https:\\\/\\\/schema.org\",\"@graph\":[{\"@type\":\"WebPage\",\"@id\":\"https:\\\/\\\/tainaron-blue.com\\\/de\\\/nutzungsbedingungen\\\/\",\"url\":\"https:\\\/\\\/tainaron-blue.com\\\/de\\\/nutzungsbedingungen\\\/\",\"name\":\"Nutzungsbedingungen - Tainaron Blue Retreat\",\"isPartOf\":{\"@id\":\"https:\\\/\\\/tainaron-blue.com\\\/de\\\/#website\"},\"datePublished\":\"2024-11-13T10:09:43+00:00\",\"breadcrumb\":{\"@id\":\"https:\\\/\\\/tainaron-blue.com\\\/de\\\/nutzungsbedingungen\\\/#breadcrumb\"},\"inLanguage\":\"de\",\"potentialAction\":[{\"@type\":\"ReadAction\",\"target\":[\"https:\\\/\\\/tainaron-blue.com\\\/de\\\/nutzungsbedingungen\\\/\"]}]},{\"@type\":\"BreadcrumbList\",\"@id\":\"https:\\\/\\\/tainaron-blue.com\\\/de\\\/nutzungsbedingungen\\\/#breadcrumb\",\"itemListElement\":[{\"@type\":\"ListItem\",\"position\":1,\"name\":\"Home\",\"item\":\"https:\\\/\\\/tainaron-blue.com\\\/de\\\/startseite\\\/\"},{\"@type\":\"ListItem\",\"position\":2,\"name\":\"Nutzungsbedingungen\"}]},{\"@type\":\"WebSite\",\"@id\":\"https:\\\/\\\/tainaron-blue.com\\\/de\\\/#website\",\"url\":\"https:\\\/\\\/tainaron-blue.com\\\/de\\\/\",\"name\":\"Tainaron Blue Retreat\",\"description\":\"Mani tower\",\"potentialAction\":[{\"@type\":\"SearchAction\",\"target\":{\"@type\":\"EntryPoint\",\"urlTemplate\":\"https:\\\/\\\/tainaron-blue.com\\\/de\\\/?s={search_term_string}\"},\"query-input\":{\"@type\":\"PropertyValueSpecification\",\"valueRequired\":true,\"valueName\":\"search_term_string\"}}],\"inLanguage\":\"de\"}]}<\/script>\n<!-- \/ Yoast SEO plugin. -->","yoast_head_json":{"title":"Nutzungsbedingungen - Tainaron Blue Retreat","robots":{"index":"index","follow":"follow","max-snippet":"max-snippet:-1","max-image-preview":"max-image-preview:large","max-video-preview":"max-video-preview:-1"},"canonical":"https:\/\/tainaron-blue.com\/de\/nutzungsbedingungen\/","og_locale":"de_DE","og_type":"article","og_title":"Nutzungsbedingungen - Tainaron Blue Retreat","og_description":"ALLEGEMEINE GESCH\u00c4FTSBEDINGUNGEN Die Website tainaron-blue.com ist Eigentum des Unternehmens mit dem Namen OIKADE PYRGOS MANIS K. ZOUVELOS &amp; CO LP. Das Urheberrecht f\u00fcr die Inhalte (z. B. Software, Informationen, Daten, Marken, Logos und alle anderen unterscheidungskr\u00e4ftigen Merkmale) und die Dienstleistungen der Website (Site) von tainaron-blue.com, die im Internet ver\u00f6ffentlicht sind, sind durch griechische, europ\u00e4ische und [&hellip;]","og_url":"https:\/\/tainaron-blue.com\/de\/nutzungsbedingungen\/","og_site_name":"Tainaron Blue Retreat","twitter_card":"summary_large_image","twitter_misc":{"Gesch\u00e4tzte Lesezeit":"3\u00a0Minuten"},"schema":{"@context":"https:\/\/schema.org","@graph":[{"@type":"WebPage","@id":"https:\/\/tainaron-blue.com\/de\/nutzungsbedingungen\/","url":"https:\/\/tainaron-blue.com\/de\/nutzungsbedingungen\/","name":"Nutzungsbedingungen - Tainaron Blue Retreat","isPartOf":{"@id":"https:\/\/tainaron-blue.com\/de\/#website"},"datePublished":"2024-11-13T10:09:43+00:00","breadcrumb":{"@id":"https:\/\/tainaron-blue.com\/de\/nutzungsbedingungen\/#breadcrumb"},"inLanguage":"de","potentialAction":[{"@type":"ReadAction","target":["https:\/\/tainaron-blue.com\/de\/nutzungsbedingungen\/"]}]},{"@type":"BreadcrumbList","@id":"https:\/\/tainaron-blue.com\/de\/nutzungsbedingungen\/#breadcrumb","itemListElement":[{"@type":"ListItem","position":1,"name":"Home","item":"https:\/\/tainaron-blue.com\/de\/startseite\/"},{"@type":"ListItem","position":2,"name":"Nutzungsbedingungen"}]},{"@type":"WebSite","@id":"https:\/\/tainaron-blue.com\/de\/#website","url":"https:\/\/tainaron-blue.com\/de\/","name":"Tainaron Blue Retreat","description":"Mani tower","potentialAction":[{"@type":"SearchAction","target":{"@type":"EntryPoint","urlTemplate":"https:\/\/tainaron-blue.com\/de\/?s={search_term_string}"},"query-input":{"@type":"PropertyValueSpecification","valueRequired":true,"valueName":"search_term_string"}}],"inLanguage":"de"}]}},"_links":{"self":[{"href":"https:\/\/tainaron-blue.com\/de\/wp-json\/wp\/v2\/pages\/4158","targetHints":{"allow":["GET"]}}],"collection":[{"href":"https:\/\/tainaron-blue.com\/de\/wp-json\/wp\/v2\/pages"}],"about":[{"href":"https:\/\/tainaron-blue.com\/de\/wp-json\/wp\/v2\/types\/page"}],"author":[{"embeddable":true,"href":"https:\/\/tainaron-blue.com\/de\/wp-json\/wp\/v2\/users\/1"}],"replies":[{"embeddable":true,"href":"https:\/\/tainaron-blue.com\/de\/wp-json\/wp\/v2\/comments?post=4158"}],"version-history":[{"count":0,"href":"https:\/\/tainaron-blue.com\/de\/wp-json\/wp\/v2\/pages\/4158\/revisions"}],"wp:attachment":[{"href":"https:\/\/tainaron-blue.com\/de\/wp-json\/wp\/v2\/media?parent=4158"}],"curies":[{"name":"wp","href":"https:\/\/api.w.org\/{rel}","templated":true}]}}