{"id":4155,"date":"2024-11-13T09:58:19","date_gmt":"2024-11-13T09:58:19","guid":{"rendered":"https:\/\/tainaron-blue.com\/lage\/"},"modified":"2024-11-13T09:58:19","modified_gmt":"2024-11-13T09:58:19","slug":"lage","status":"publish","type":"page","link":"https:\/\/tainaron-blue.com\/de\/lage\/","title":{"rendered":"Lage"},"content":{"rendered":"<section class=\"wpb-content-wrapper\">[vc_row fullwidth=&#8220;true&#8220; fullwidth_content=&#8220;false&#8220; css=&#8220;.vc_custom_1671394433004{padding-top: 35px !important;background-color: #f5f5f5 !important;}&#8220;][vc_column][vc_column_text css=&#8220;.vc_custom_1671394744687{margin-bottom: 0px !important;}&#8220;]\n<h1 style=\"text-align: center;\">LAGE<\/h1>\n<h3 style=\"text-align: center;\"><span id=\"typed-2894986219639f73821d7a0\" class=\"ultimate-typed-main \">Mani, Griechenland: Tainaron Blue befindet sich an einem Ort voller Geheimnisse, Mythen und nat\u00fcrlicher Sch\u00f6nheit.<\/p>\n<p><\/span><\/h3>\n<p style=\"text-align: center;\"><span class=\"typed-cursor\">Tainaron Blue liegt nur wenige Kilometer vom Kap Tainaron entfernt. Dies ist der s\u00fcdlichste geografische Punkt des Festlandes Griechenlands und gleichzeitig der s\u00fcdlichste Punkt des Festlandes Europas. <\/span><\/p>\n[\/vc_column_text][vc_raw_html]PGlmcmFtZSBzcmM9Imh0dHBzOi8vd3d3Lmdvb2dsZS5jb20vbWFwcy9lbWJlZD9wYj0hMW0xNCExbTghMW0zITFkMTAyNzE1LjY2MTQwMTUyMDkzITJkMjIuNDY1NzcyITNkMzYuNDM2NjYxITNtMiExaTEwMjQhMmk3NjghNGYxMy4xITNtMyExbTIhMXMweDAlM0EweDYzYjFiOTAxZDUzZGM5ODchMnNUYWluYXJvbiUyMEJsdWUlMjBSZXRyZWF0ITVlMCEzbTIhMXNlbiEyc2dyITR2MTY3MTM5NDM1NDUyMSE1bTIhMXNlbiEyc2dyIiB3aWR0aD0iMTAwJSIgaGVpZ2h0PSI0NTAiIHN0eWxlPSJib3JkZXI6MDsiIGFsbG93ZnVsbHNjcmVlbj0iIiBsb2FkaW5nPSJsYXp5IiByZWZlcnJlcnBvbGljeT0ibm8tcmVmZXJyZXItd2hlbi1kb3duZ3JhZGUiPjwvaWZyYW1lPg==[\/vc_raw_html][\/vc_column][\/vc_row][vc_row css=&#8220;.vc_custom_1671395034282{padding-top: 55px !important;}&#8220; id=&#8220;how&#8220;][vc_column width=&#8220;1\/3&#8243;][vc_column_text css=&#8220;.vc_custom_1679400426884{margin-bottom: 0px !important;}&#8220;]\n<h3>WIE MAN HIERHER KOMMT<\/h3>\n<p>Der n\u00e4chste Flughafen ist der Internationale Flughafen Kalamata (KLX), der 125 km entfernt liegt. Der Internationale Flughafen Athen (ATH) befindet sich nur 340 km entfernt. Klicken Sie hier, um die Wegbeschreibung vom <a href=\"https:\/\/www.google.com\/maps\/dir\/Kalamata+Airport,+Kalamata,+Messenia\/36.4367715,22.4656414\/@36.7763501,22.0067969,10z\/data=!4m8!4m7!1m5!1m1!1s0x1361afc1b8160237:0x79486209f9ee2185!2m2!1d22.034396!2d37.055113!1m0\" target=\"_blank\" rel=\"nofollow noopener\">Internationalen Flughafen Kalamata,<\/a> vom <a href=\"https:\/\/goo.gl\/maps\/wWffhpFYQ2G2\" target=\"_blank\" rel=\"nofollow noopener\">Internationalen Flughafen Athen<\/a> oder von Ihrem <a href=\"https:\/\/maps.google.com\/?saddr=Current+Location&amp;daddr=36.4367715,22.4656414\" target=\"_blank\" rel=\"nofollow noopener\">aktuellen Standort<\/a> zu erhalten.[\/vc_column_text][\/vc_column][vc_column width=&#8220;1\/3&#8243;][vc_column_text css=&#8220;.vc_custom_1671394779448{margin-bottom: 0px !important;}&#8220;]Seit Tausenden von Jahren ist das Kap Tainaron (fr\u00fcher als Kap Matapan bekannt) eine einzigartige Region voller Geheimnisse, Mythen und nat\u00fcrlicher Sch\u00f6nheit. Laut Pausanias wurde hier ein Tempel zu Ehren des Poseidon errichtet. Poseidon wurde besonders von den Lakonen verehrt, und der Tempel wurde zum Zentrum der \u201eBruderschaft der Freelakones\u201c.[\/vc_column_text][\/vc_column][vc_column width=&#8220;1\/3&#8243;][vc_column_text css=&#8220;.vc_custom_1671394791585{margin-bottom: 0px !important;}&#8220;]Es gibt auch eine H\u00f6hle an der Spitze des Kaps, von der die Legenden behaupten, dass sie das Zuhause von Hades, dem Gott der Unterwelt, war. Laut der antiken griechischen Mythologie bewachte Cerberus, ein dreik\u00f6pfiger Hund, das Tor, um die Toten daran zu hindern zu entkommen und die Lebenden daran zu hindern einzutreten.[\/vc_column_text][\/vc_column][\/vc_row][vc_row css=&#8220;.vc_custom_1671395039316{padding-top: 20px !important;}&#8220;][vc_column width=&#8220;1\/3&#8243;][vc_single_image image=&#8220;217&#8243; img_size=&#8220;full&#8220; alignment=&#8220;center&#8220;][\/vc_column][vc_column width=&#8220;1\/3&#8243;][vc_single_image image=&#8220;214&#8243; img_size=&#8220;full&#8220; alignment=&#8220;center&#8220;][\/vc_column][vc_column width=&#8220;1\/3&#8243;][vc_single_image image=&#8220;3783&#8243; img_size=&#8220;full&#8220; alignment=&#8220;center&#8220;][\/vc_column][\/vc_row]\n<\/section>","protected":false},"excerpt":{"rendered":"<p>[vc_row fullwidth=&#8220;true&#8220; fullwidth_content=&#8220;false&#8220; css=&#8220;.vc_custom_1671394433004{padding-top: 35px !important;background-color: #f5f5f5 !important;}&#8220;][vc_column][vc_column_text css=&#8220;.vc_custom_1671394744687{margin-bottom: 0px !important;}&#8220;] LAGE Mani, Griechenland: Tainaron Blue befindet sich an einem Ort voller Geheimnisse, Mythen und nat\u00fcrlicher Sch\u00f6nheit. Tainaron Blue liegt nur wenige Kilometer vom Kap Tainaron entfernt. Dies ist der s\u00fcdlichste geografische Punkt des Festlandes Griechenlands und gleichzeitig der s\u00fcdlichste Punkt des Festlandes Europas. [\/vc_column_text][vc_raw_html]PGlmcmFtZSBzcmM9Imh0dHBzOi8vd3d3Lmdvb2dsZS5jb20vbWFwcy9lbWJlZD9wYj0hMW0xNCExbTghMW0zITFkMTAyNzE1LjY2MTQwMTUyMDkzITJkMjIuNDY1NzcyITNkMzYuNDM2NjYxITNtMiExaTEwMjQhMmk3NjghNGYxMy4xITNtMyExbTIhMXMweDAlM0EweDYzYjFiOTAxZDUzZGM5ODchMnNUYWluYXJvbiUyMEJsdWUlMjBSZXRyZWF0ITVlMCEzbTIhMXNlbiEyc2dyITR2MTY3MTM5NDM1NDUyMSE1bTIhMXNlbiEyc2dyIiB3aWR0aD0iMTAwJSIgaGVpZ2h0PSI0NTAiIHN0eWxlPSJib3JkZXI6MDsiIGFsbG93ZnVsbHNjcmVlbj0iIiBsb2FkaW5nPSJsYXp5IiByZWZlcnJlcnBvbGljeT0ibm8tcmVmZXJyZXItd2hlbi1kb3duZ3JhZGUiPjwvaWZyYW1lPg==[\/vc_raw_html][\/vc_column][\/vc_row][vc_row [&hellip;]<\/p>\n","protected":false},"author":1,"featured_media":0,"parent":0,"menu_order":0,"comment_status":"closed","ping_status":"closed","template":"","meta":{"footnotes":""},"class_list":["post-4155","page","type-page","status-publish","hentry"],"yoast_head":"<!-- This site is optimized with the Yoast SEO plugin v27.4 - https:\/\/yoast.com\/product\/yoast-seo-wordpress\/ -->\n<title>Lage - Tainaron Blue Retreat<\/title>\n<meta name=\"robots\" content=\"index, follow, max-snippet:-1, max-image-preview:large, max-video-preview:-1\" \/>\n<link rel=\"canonical\" href=\"https:\/\/tainaron-blue.com\/de\/lage\/\" \/>\n<meta property=\"og:locale\" content=\"de_DE\" \/>\n<meta property=\"og:type\" content=\"article\" \/>\n<meta property=\"og:title\" content=\"Lage - Tainaron Blue Retreat\" \/>\n<meta property=\"og:description\" content=\"[vc_row fullwidth=&#8220;true&#8220; fullwidth_content=&#8220;false&#8220; css=&#8220;.vc_custom_1671394433004{padding-top: 35px !important;background-color: #f5f5f5 !important;}&#8220;][vc_column][vc_column_text css=&#8220;.vc_custom_1671394744687{margin-bottom: 0px !important;}&#8220;] LAGE Mani, Griechenland: Tainaron Blue befindet sich an einem Ort voller Geheimnisse, Mythen und nat\u00fcrlicher Sch\u00f6nheit. Tainaron Blue liegt nur wenige Kilometer vom Kap Tainaron entfernt. Dies ist der s\u00fcdlichste geografische Punkt des Festlandes Griechenlands und gleichzeitig der s\u00fcdlichste Punkt des Festlandes Europas. [\/vc_column_text][vc_raw_html]PGlmcmFtZSBzcmM9Imh0dHBzOi8vd3d3Lmdvb2dsZS5jb20vbWFwcy9lbWJlZD9wYj0hMW0xNCExbTghMW0zITFkMTAyNzE1LjY2MTQwMTUyMDkzITJkMjIuNDY1NzcyITNkMzYuNDM2NjYxITNtMiExaTEwMjQhMmk3NjghNGYxMy4xITNtMyExbTIhMXMweDAlM0EweDYzYjFiOTAxZDUzZGM5ODchMnNUYWluYXJvbiUyMEJsdWUlMjBSZXRyZWF0ITVlMCEzbTIhMXNlbiEyc2dyITR2MTY3MTM5NDM1NDUyMSE1bTIhMXNlbiEyc2dyIiB3aWR0aD0iMTAwJSIgaGVpZ2h0PSI0NTAiIHN0eWxlPSJib3JkZXI6MDsiIGFsbG93ZnVsbHNjcmVlbj0iIiBsb2FkaW5nPSJsYXp5IiByZWZlcnJlcnBvbGljeT0ibm8tcmVmZXJyZXItd2hlbi1kb3duZ3JhZGUiPjwvaWZyYW1lPg==[\/vc_raw_html][\/vc_column][\/vc_row][vc_row [&hellip;]\" \/>\n<meta property=\"og:url\" content=\"https:\/\/tainaron-blue.com\/de\/lage\/\" \/>\n<meta property=\"og:site_name\" content=\"Tainaron Blue Retreat\" \/>\n<meta name=\"twitter:card\" content=\"summary_large_image\" \/>\n<meta name=\"twitter:label1\" content=\"Gesch\u00e4tzte Lesezeit\" \/>\n\t<meta name=\"twitter:data1\" content=\"2\u00a0Minuten\" \/>\n<script type=\"application\/ld+json\" class=\"yoast-schema-graph\">{\"@context\":\"https:\\\/\\\/schema.org\",\"@graph\":[{\"@type\":\"WebPage\",\"@id\":\"https:\\\/\\\/tainaron-blue.com\\\/de\\\/lage\\\/\",\"url\":\"https:\\\/\\\/tainaron-blue.com\\\/de\\\/lage\\\/\",\"name\":\"Lage - Tainaron Blue Retreat\",\"isPartOf\":{\"@id\":\"https:\\\/\\\/tainaron-blue.com\\\/de\\\/#website\"},\"datePublished\":\"2024-11-13T09:58:19+00:00\",\"breadcrumb\":{\"@id\":\"https:\\\/\\\/tainaron-blue.com\\\/de\\\/lage\\\/#breadcrumb\"},\"inLanguage\":\"de\",\"potentialAction\":[{\"@type\":\"ReadAction\",\"target\":[\"https:\\\/\\\/tainaron-blue.com\\\/de\\\/lage\\\/\"]}]},{\"@type\":\"BreadcrumbList\",\"@id\":\"https:\\\/\\\/tainaron-blue.com\\\/de\\\/lage\\\/#breadcrumb\",\"itemListElement\":[{\"@type\":\"ListItem\",\"position\":1,\"name\":\"Home\",\"item\":\"https:\\\/\\\/tainaron-blue.com\\\/de\\\/startseite\\\/\"},{\"@type\":\"ListItem\",\"position\":2,\"name\":\"Lage\"}]},{\"@type\":\"WebSite\",\"@id\":\"https:\\\/\\\/tainaron-blue.com\\\/de\\\/#website\",\"url\":\"https:\\\/\\\/tainaron-blue.com\\\/de\\\/\",\"name\":\"Tainaron Blue Retreat\",\"description\":\"Mani tower\",\"potentialAction\":[{\"@type\":\"SearchAction\",\"target\":{\"@type\":\"EntryPoint\",\"urlTemplate\":\"https:\\\/\\\/tainaron-blue.com\\\/de\\\/?s={search_term_string}\"},\"query-input\":{\"@type\":\"PropertyValueSpecification\",\"valueRequired\":true,\"valueName\":\"search_term_string\"}}],\"inLanguage\":\"de\"}]}<\/script>\n<!-- \/ Yoast SEO plugin. -->","yoast_head_json":{"title":"Lage - Tainaron Blue Retreat","robots":{"index":"index","follow":"follow","max-snippet":"max-snippet:-1","max-image-preview":"max-image-preview:large","max-video-preview":"max-video-preview:-1"},"canonical":"https:\/\/tainaron-blue.com\/de\/lage\/","og_locale":"de_DE","og_type":"article","og_title":"Lage - Tainaron Blue Retreat","og_description":"[vc_row fullwidth=&#8220;true&#8220; fullwidth_content=&#8220;false&#8220; css=&#8220;.vc_custom_1671394433004{padding-top: 35px !important;background-color: #f5f5f5 !important;}&#8220;][vc_column][vc_column_text css=&#8220;.vc_custom_1671394744687{margin-bottom: 0px !important;}&#8220;] LAGE Mani, Griechenland: Tainaron Blue befindet sich an einem Ort voller Geheimnisse, Mythen und nat\u00fcrlicher Sch\u00f6nheit. Tainaron Blue liegt nur wenige Kilometer vom Kap Tainaron entfernt. Dies ist der s\u00fcdlichste geografische Punkt des Festlandes Griechenlands und gleichzeitig der s\u00fcdlichste Punkt des Festlandes Europas. [\/vc_column_text][vc_raw_html]PGlmcmFtZSBzcmM9Imh0dHBzOi8vd3d3Lmdvb2dsZS5jb20vbWFwcy9lbWJlZD9wYj0hMW0xNCExbTghMW0zITFkMTAyNzE1LjY2MTQwMTUyMDkzITJkMjIuNDY1NzcyITNkMzYuNDM2NjYxITNtMiExaTEwMjQhMmk3NjghNGYxMy4xITNtMyExbTIhMXMweDAlM0EweDYzYjFiOTAxZDUzZGM5ODchMnNUYWluYXJvbiUyMEJsdWUlMjBSZXRyZWF0ITVlMCEzbTIhMXNlbiEyc2dyITR2MTY3MTM5NDM1NDUyMSE1bTIhMXNlbiEyc2dyIiB3aWR0aD0iMTAwJSIgaGVpZ2h0PSI0NTAiIHN0eWxlPSJib3JkZXI6MDsiIGFsbG93ZnVsbHNjcmVlbj0iIiBsb2FkaW5nPSJsYXp5IiByZWZlcnJlcnBvbGljeT0ibm8tcmVmZXJyZXItd2hlbi1kb3duZ3JhZGUiPjwvaWZyYW1lPg==[\/vc_raw_html][\/vc_column][\/vc_row][vc_row [&hellip;]","og_url":"https:\/\/tainaron-blue.com\/de\/lage\/","og_site_name":"Tainaron Blue Retreat","twitter_card":"summary_large_image","twitter_misc":{"Gesch\u00e4tzte Lesezeit":"2\u00a0Minuten"},"schema":{"@context":"https:\/\/schema.org","@graph":[{"@type":"WebPage","@id":"https:\/\/tainaron-blue.com\/de\/lage\/","url":"https:\/\/tainaron-blue.com\/de\/lage\/","name":"Lage - Tainaron Blue Retreat","isPartOf":{"@id":"https:\/\/tainaron-blue.com\/de\/#website"},"datePublished":"2024-11-13T09:58:19+00:00","breadcrumb":{"@id":"https:\/\/tainaron-blue.com\/de\/lage\/#breadcrumb"},"inLanguage":"de","potentialAction":[{"@type":"ReadAction","target":["https:\/\/tainaron-blue.com\/de\/lage\/"]}]},{"@type":"BreadcrumbList","@id":"https:\/\/tainaron-blue.com\/de\/lage\/#breadcrumb","itemListElement":[{"@type":"ListItem","position":1,"name":"Home","item":"https:\/\/tainaron-blue.com\/de\/startseite\/"},{"@type":"ListItem","position":2,"name":"Lage"}]},{"@type":"WebSite","@id":"https:\/\/tainaron-blue.com\/de\/#website","url":"https:\/\/tainaron-blue.com\/de\/","name":"Tainaron Blue Retreat","description":"Mani tower","potentialAction":[{"@type":"SearchAction","target":{"@type":"EntryPoint","urlTemplate":"https:\/\/tainaron-blue.com\/de\/?s={search_term_string}"},"query-input":{"@type":"PropertyValueSpecification","valueRequired":true,"valueName":"search_term_string"}}],"inLanguage":"de"}]}},"_links":{"self":[{"href":"https:\/\/tainaron-blue.com\/de\/wp-json\/wp\/v2\/pages\/4155","targetHints":{"allow":["GET"]}}],"collection":[{"href":"https:\/\/tainaron-blue.com\/de\/wp-json\/wp\/v2\/pages"}],"about":[{"href":"https:\/\/tainaron-blue.com\/de\/wp-json\/wp\/v2\/types\/page"}],"author":[{"embeddable":true,"href":"https:\/\/tainaron-blue.com\/de\/wp-json\/wp\/v2\/users\/1"}],"replies":[{"embeddable":true,"href":"https:\/\/tainaron-blue.com\/de\/wp-json\/wp\/v2\/comments?post=4155"}],"version-history":[{"count":2,"href":"https:\/\/tainaron-blue.com\/de\/wp-json\/wp\/v2\/pages\/4155\/revisions"}],"predecessor-version":[{"id":4157,"href":"https:\/\/tainaron-blue.com\/de\/wp-json\/wp\/v2\/pages\/4155\/revisions\/4157"}],"wp:attachment":[{"href":"https:\/\/tainaron-blue.com\/de\/wp-json\/wp\/v2\/media?parent=4155"}],"curies":[{"name":"wp","href":"https:\/\/api.w.org\/{rel}","templated":true}]}}