{"id":4152,"date":"2024-11-13T09:52:29","date_gmt":"2024-11-13T09:52:29","guid":{"rendered":"https:\/\/tainaron-blue.com\/videos\/"},"modified":"2024-11-13T09:52:29","modified_gmt":"2024-11-13T09:52:29","slug":"videos","status":"publish","type":"page","link":"https:\/\/tainaron-blue.com\/de\/videos\/","title":{"rendered":"Videos"},"content":{"rendered":"<section class=\"wpb-content-wrapper\">[vc_row fullwidth=&#8220;true&#8220; fullwidth_content=&#8220;false&#8220; css=&#8220;.vc_custom_1677608816233{padding-right: 30px !important;padding-left: 30px !important;background-color: #86776f !important;}&#8220;][vc_column][vc_column_text css=&#8220;.vc_custom_1671401400447{margin-bottom: 0px !important;padding-top: 55px !important;padding-bottom: 25px !important;}&#8220;]\n<h1 style=\"text-align: center;\"><span style=\"color: #ffffff;\">Videos<\/span><\/h1>\n[\/vc_column_text][vc_raw_html css=&#8220;.vc_custom_1677609044513{padding-top: 45px !important;padding-bottom: 45px !important;}&#8220;]PGRpdiBzdHlsZT0icGFkZGluZzo1Ni4yNSUgMCAwIDA7cG9zaXRpb246cmVsYXRpdmU7Ij48aWZyYW1lIHNyYz0iaHR0cHM6Ly9wbGF5ZXIudmltZW8uY29tL3ZpZGVvLzgwMzE3OTcyMz9oPThiZjJiYzE5YjAmYW1wO2JhZGdlPTAmYW1wO2F1dG9wYXVzZT0wJmFtcDtwbGF5ZXJfaWQ9MCZhbXA7YXBwX2lkPTU4NDc5IiBmcmFtZWJvcmRlcj0iMCIgYWxsb3c9ImF1dG9wbGF5OyBmdWxsc2NyZWVuOyBwaWN0dXJlLWluLXBpY3R1cmUiIGFsbG93ZnVsbHNjcmVlbj0iIiBzdHlsZT0icG9zaXRpb246YWJzb2x1dGU7dG9wOjA7bGVmdDowO3dpZHRoOjEwMCU7aGVpZ2h0OjEwMCU7IiB0aXRsZT0iVGFpbmFyb24gQmx1ZSDigJMgRGllIGdlaGVpbXN0ZW4gSG90ZWxzIGRlciBXZWx0Ij48L2lmcmFtZT48L2Rpdj48c2NyaXB0IHNyYz0iaHR0cHM6Ly9wbGF5ZXIudmltZW8uY29tL2FwaS9wbGF5ZXIuanMiPjwvc2NyaXB0Pg==[\/vc_raw_html][\/vc_column][\/vc_row][vc_row fullwidth=&#8220;true&#8220; fullwidth_content=&#8220;false&#8220; css=&#8220;.vc_custom_1677608905724{padding-top: 40px !important;padding-right: 30px !important;padding-left: 30px !important;background-color: #ffffff !important;}&#8220;][vc_column][vc_raw_html]PGlmcmFtZSB3aWR0aD0iMTAwJSIgaGVpZ2h0PSI1NTAiIHNyYz0iaHR0cHM6Ly93d3cueW91dHViZS5jb20vZW1iZWQvQTZTODJ4Vml0VHciIHRpdGxlPSJZb3VUdWJlLVZpZGVvLVBsYXllciIgZnJhbWVib3JkZXI9IjAiIGFsbG93PSJhY2NlbGVyb21ldGVyOyBhdXRvcGxheTsgY2xpcGJvYXJkLXdyaXRlOyBlbmNyeXB0ZWQtbWVkaWE7IGd5cm9zY29wZTsgcGljdHVyZS1pbi1waWN0dXJlIiBhbGxvd2Z1bGxzY3JlZW49IiI+PC9pZnJhbWU+[\/vc_raw_html][\/vc_column][\/vc_row][vc_row fullwidth=&#8220;true&#8220; fullwidth_content=&#8220;false&#8220; css=&#8220;.vc_custom_1679399994070{padding-right: 30px !important;padding-left: 30px !important;background-color: #f5f5f5 !important;}&#8220;][vc_column][vc_raw_html css=&#8220;.vc_custom_1677609254176{padding-top: 45px !important;padding-bottom: 45px !important;}&#8220;]PGRpdiBzdHlsZT0icGFkZGluZzo1Ni4yNSUgMCAwIDA7cG9zaXRpb246cmVsYXRpdmU7Ij48aWZyYW1lIHNyYz0iaHR0cHM6Ly9wbGF5ZXIudmltZW8uY29tL3ZpZGVvLzM2NDMxMDc3Nj9oPWE5MjU1ZTVjYWMmYW1wO2JhZGdlPTAmYW1wO2F1dG9wYXVzZT0wJmFtcDtwbGF5ZXJfaWQ9MCZhbXA7YXBwX2lkPTU4NDc5IiBmcmFtZWJvcmRlcj0iMCIgYWxsb3c9ImF1dG9wbGF5OyBmdWxsc2NyZWVuOyBwaWN0dXJlLWluLXBpY3R1cmUiIGFsbG93ZnVsbHNjcmVlbj0iIiBzdHlsZT0icG9zaXRpb246YWJzb2x1dGU7dG9wOjA7bGVmdDowO3dpZHRoOjEwMCU7aGVpZ2h0OjEwMCU7IiB0aXRsZT0iVGFpbmFyb24gQmx1ZSDigJMgRGllIGdlaGVpbXN0ZW4gSG90ZWxzIGRlciBXZWx0Ij48L2lmcmFtZT48L2Rpdj48c2NyaXB0IHNyYz0iaHR0cHM6Ly9wbGF5ZXIudmltZW8uY29tL2FwaS9wbGF5ZXIuanMiPjwvc2NyaXB0Pg==[\/vc_raw_html][\/vc_column][\/vc_row][vc_row fullwidth=&#8220;true&#8220; fullwidth_content=&#8220;false&#8220; css=&#8220;.vc_custom_1677608863111{padding-right: 30px !important;padding-left: 30px !important;}&#8220;][vc_column][vc_raw_html css=&#8220;.vc_custom_1682705338841{padding-top: 45px !important;padding-bottom: 45px !important;}&#8220;]PGlmcmFtZSB3aWR0aD0iMTAwJSIgaGVpZ2h0PSI2MDAiIHNyYz0iaHR0cHM6Ly93d3cueW91dHViZS5jb20vZW1iZWQvblVLXzZia3ZITTgiIHRpdGxlPSJZb3VUdWJlLVZpZGVvLVBsYXllciIgZnJhbWVib3JkZXI9IjAiIGFsbG93PSJhY2NlbGVyb21ldGVyOyBhdXRvcGxheTsgY2xpcGJvYXJkLXdyaXRlOyBlbmNyeXB0ZWQtbWVkaWE7IGd5cm9zY29wZTsgcGljdHVyZS1pbi1waWN0dXJlOyB3ZWItc2hhcmUiIGFsbG93ZnVsbHNjcmVlbj0iIj48L2lmcmFtZT4=[\/vc_raw_html][vc_column_text css=&#8220;.vc_custom_1682705848630{margin-bottom: 0px !important;}&#8220;]Die mediterranen Pottwale sind durch menschliche Aktivit\u00e4ten gef\u00e4hrdet. Nur etwa 200 Pottwale leben im \u00f6stlichen Mittelmeer. Das Pelagos Cetacean Research Institute untersucht sie seit 25 Jahren und kennt die meisten von ihnen als Individuen, dank Foto-Identifikationsmethoden, die jeden Wal einzigartig machen. Zusammen mit ihren Nachkommen bilden die weiblichen Pottwale gro\u00dfe Familien (soziale Einheiten), die gemeinsam umherziehen. Die Mehrheit von ihnen lebt entlang des Hellenischen Grabens in Griechenland, einem IMMA (Wichtiges Gebiet f\u00fcr Meeress\u00e4uger) von globaler Bedeutung. Wie dieses Video zeigt, haben sie ein allt\u00e4gliches Leben mit sozialen Zwischenf\u00e4llen, die manchmal unserem eigenen \u00e4hnlich sind. Nach vielen Zyklen von tiefen F\u00fctterungstauchg\u00e4ngen von etwa 40 Minuten trifft sich die gesamte Familie an der Oberfl\u00e4che, um zu sozialisieren und die K\u00e4lber zu stillen. Das erstaunlichste Verhalten, das in diesem Video gezeigt wird, ist das Schwanzschlagen eines vermutlich unreifen m\u00e4nnlichen Wals, der sich einer reifen weiblichen Wal n\u00e4herte, aber abgelehnt und zur\u00fcckgesto\u00dfen wurde. Der ungl\u00fcckliche Wal dr\u00fcckt seine Unzufriedenheit mit sieben Schwanzschl\u00e4gen aus! Wir hoffen, dass die Menschen diesen Walen auch in den kommenden Jahren erlauben werden, ihr eigenes soziales Leben zu f\u00fchren. Sie sind unsere riesigen, friedlichen Nachbarn, nur wenige Meilen vor den K\u00fcsten Griechenlands.[\/vc_column_text][\/vc_column][\/vc_row][vc_row fullwidth=&#8220;true&#8220; fullwidth_content=&#8220;false&#8220; css=&#8220;.vc_custom_1677608863111{padding-right: 30px !important;padding-left: 30px !important;}&#8220;][vc_column][vc_raw_html css=&#8220;.vc_custom_1682705865649{padding-top: 45px !important;padding-bottom: 45px !important;}&#8220;]PGlmcmFtZSB3aWR0aD0iMTAwJSIgaGVpZ2h0PSI1NTAiIHNyYz0iaHR0cHM6Ly93d3cueW91dHViZS5jb20vZW1iZWQvSzNia2h1NGRSM1EiIHRpdGxlPSJZb3VUdWJlLVZpZGVvLVBsYXllciIgZnJhbWVib3JkZXI9IjAiIGFsbG93PSJhY2NlbGVyb21ldGVyOyBhdXRvcGxheTsgY2xpcGJvYXJkLXdyaXRlOyBlbmNyeXB0ZWQtbWVkaWE7IGd5cm9zY29wZTsgcGljdHVyZS1pbi1waWN0dXJlOyB3ZWItc2hhcmUiIGFsbG93ZnVsbHNjcmVlbj0iIj48L2lmcmFtZT4=[\/vc_raw_html][vc_column_text css=&#8220;.vc_custom_1682705895475{margin-bottom: 0px !important;}&#8220;]W\u00e4hrend der Erhebungen entlang des Hellenischen Grabens in Griechenland wurden Luftaufnahmen von Pottwalen, Cuvier&#8217;s Schwalbenschwanzwalen und gestreiften Delfinen aufgenommen, sowohl f\u00fcr wissenschaftliche Zwecke als auch zur F\u00f6rderung des \u00f6ffentlichen Bewusstseins. Der Hellenische Graben ist ein IMMA (Wichtiges Gebiet f\u00fcr Meeress\u00e4uger von globaler Bedeutung). Dennoch wurden bislang keine Schutzma\u00dfnahmen ergriffen, und sowohl Wale als auch Delfine sind bedroht und\/oder sterben durch Schiffskollisionen, milit\u00e4rische Sonarnutzung, seismische Erhebungen zur \u00d6l- und Gasexploration und die Aufnahme von Plastikm\u00fcll.<br \/>Die Erhebungen wurden vom Pelagos Cetacean Research Institute durchgef\u00fchrt, das seit 1998 Wale und Delfine in der Region untersucht. OceanCare (Schweiz) unterst\u00fctzt diese Erhebungen seit 2008.[\/vc_column_text][\/vc_column][\/vc_row][vc_row fullwidth=&#8220;true&#8220; fullwidth_content=&#8220;false&#8220; css=&#8220;.vc_custom_1677608863111{padding-right: 30px !important;padding-left: 30px !important;}&#8220;][vc_column][vc_raw_html css=&#8220;.vc_custom_1682706010576{padding-top: 45px !important;padding-bottom: 45px !important;}&#8220;]PGlmcmFtZSB3aWR0aD0iMTAwJSIgaGVpZ2h0PSI0ODAiIHNyYz0iaHR0cHM6Ly93d3cueW91dHViZS5jb20vZW1iZWQvVmtjVGRxbGJSSVEiIHRpdGxlPSJZb3VUdWJlLVZpZGVvLVBsYXllciIgZnJhbWVib3JkZXI9IjAiIGFsbG93PSJhY2NlbGVyb21ldGVyOyBhdXRvcGxheTsgY2xpcGJvYXJkLXdyaXRlOyBlbmNyeXB0ZWQtbWVkaWE7IGd5cm9zY29wZTsgcGljdHVyZS1pbi1waWN0dXJlOyB3ZWItc2hhcmUiIGFsbG93ZnVsbHNjcmVlbj0iIj48L2lmcmFtZT4=[\/vc_raw_html][\/vc_column][\/vc_row][vc_row fullwidth=&#8220;true&#8220; fullwidth_content=&#8220;false&#8220; css=&#8220;.vc_custom_1677608863111{padding-right: 30px !important;padding-left: 30px !important;}&#8220;][vc_column][vc_raw_html css=&#8220;.vc_custom_1677609275539{padding-top: 45px !important;padding-bottom: 45px !important;}&#8220;]PGRpdiBzdHlsZT0icGFkZGluZzo1Ni4yNSUgMCAwIDA7cG9zaXRpb246cmVsYXRpdmU7Ij48aWZyYW1lIHNyYz0iaHR0cHM6Ly9wbGF5ZXIudmltZW8uY29tL3ZpZGVvLzI1NjQzNTU5OT9oPTZlNGYyNGYwNGImYW1wO2JhZGdlPTAmYW1wO2F1dG9wYXVzZT0wJmFtcDtwbGF5ZXJfaWQ9MCZhbXA7YXBwX2lkPTU4NDc5IiBmcmFtZWJvcmRlcj0iMCIgYWxsb3c9ImF1dG9wbGF5OyBmdWxsc2NyZWVuOyBwaWN0dXJlLWluLXBpY3R1cmUiIGFsbG93ZnVsbHNjcmVlbj0iIiBzdHlsZT0icG9zaXRpb246YWJzb2x1dGU7dG9wOjA7bGVmdDowO3dpZHRoOjEwMCU7aGVpZ2h0OjEwMCU7IiB0aXRsZT0iVGFpbmFyb24gQmx1ZSDigJMgRGllIGdlaGVpbXN0ZW4gSG90ZWxzIGRlciBXZWx0Ij48L2lmcmFtZT48L2Rpdj48c2NyaXB0IHNyYz0iaHR0cHM6Ly9wbGF5ZXIudmltZW8uY29tL2FwaS9wbGF5ZXIuanMiPjwvc2NyaXB0Pg==[\/vc_raw_html][\/vc_column][\/vc_row][vc_row fullwidth=&#8220;true&#8220; fullwidth_content=&#8220;false&#8220; css=&#8220;.vc_custom_1677608948203{padding-right: 30px !important;padding-left: 30px !important;background-color: #f5f5f5 !important;}&#8220;][vc_column][vc_raw_html css=&#8220;.vc_custom_1677609212147{padding-top: 45px !important;padding-bottom: 45px !important;}&#8220;]PGRpdiBzdHlsZT0icGFkZGluZzo1Ni4yNSUgMCAwIDA7cG9zaXRpb246cmVsYXRpdmU7Ij48aWZyYW1lIHNyYz0iaHR0cHM6Ly9wbGF5ZXIudmltZW8uY29tL3ZpZGVvLzIyNjMxNTk0ND9oPWIyNmNiYTI2NmEmYW1wO2JhZGdlPTAmYW1wO2F1dG9wYXVzZT0wJmFtcDtwbGF5ZXJfaWQ9MCZhbXA7YXBwX2lkPTU4NDc5IiBmcmFtZWJvcmRlcj0iMCIgYWxsb3c9ImF1dG9wbGF5OyBmdWxsc2NyZWVuOyBwaWN0dXJlLWluLXBpY3R1cmUiIGFsbG93ZnVsbHNjcmVlbj0iIiBzdHlsZT0icG9zaXRpb246YWJzb2x1dGU7dG9wOjA7bGVmdDowO3dpZHRoOjEwMCU7aGVpZ2h0OjEwMCU7IiB0aXRsZT0iVGFpbmFyb24gQmx1ZSDigJMgRGllIGdlaGVpbXN0ZW4gSG90ZWxzIGRlciBXZWx0Ij48L2lmcmFtZT48L2Rpdj48c2NyaXB0IHNyYz0iaHR0cHM6Ly9wbGF5ZXIudmltZW8uY29tL2FwaS9wbGF5ZXIuanMiPjwvc2NyaXB0Pg==[\/vc_raw_html][\/vc_column][\/vc_row]\n<\/section>","protected":false},"excerpt":{"rendered":"<p>[vc_row fullwidth=&#8220;true&#8220; fullwidth_content=&#8220;false&#8220; css=&#8220;.vc_custom_1677608816233{padding-right: 30px !important;padding-left: 30px !important;background-color: #86776f !important;}&#8220;][vc_column][vc_column_text css=&#8220;.vc_custom_1671401400447{margin-bottom: 0px !important;padding-top: 55px !important;padding-bottom: 25px !important;}&#8220;] Videos [\/vc_column_text][vc_raw_html css=&#8220;.vc_custom_1677609044513{padding-top: 45px !important;padding-bottom: 45px !important;}&#8220;]PGRpdiBzdHlsZT0icGFkZGluZzo1Ni4yNSUgMCAwIDA7cG9zaXRpb246cmVsYXRpdmU7Ij48aWZyYW1lIHNyYz0iaHR0cHM6Ly9wbGF5ZXIudmltZW8uY29tL3ZpZGVvLzgwMzE3OTcyMz9oPThiZjJiYzE5YjAmYW1wO2JhZGdlPTAmYW1wO2F1dG9wYXVzZT0wJmFtcDtwbGF5ZXJfaWQ9MCZhbXA7YXBwX2lkPTU4NDc5IiBmcmFtZWJvcmRlcj0iMCIgYWxsb3c9ImF1dG9wbGF5OyBmdWxsc2NyZWVuOyBwaWN0dXJlLWluLXBpY3R1cmUiIGFsbG93ZnVsbHNjcmVlbj0iIiBzdHlsZT0icG9zaXRpb246YWJzb2x1dGU7dG9wOjA7bGVmdDowO3dpZHRoOjEwMCU7aGVpZ2h0OjEwMCU7IiB0aXRsZT0iVGFpbmFyb24gQmx1ZSDigJMgRGllIGdlaGVpbXN0ZW4gSG90ZWxzIGRlciBXZWx0Ij48L2lmcmFtZT48L2Rpdj48c2NyaXB0IHNyYz0iaHR0cHM6Ly9wbGF5ZXIudmltZW8uY29tL2FwaS9wbGF5ZXIuanMiPjwvc2NyaXB0Pg==[\/vc_raw_html][\/vc_column][\/vc_row][vc_row fullwidth=&#8220;true&#8220; fullwidth_content=&#8220;false&#8220; css=&#8220;.vc_custom_1677608905724{padding-top: 40px !important;padding-right: 30px !important;padding-left: 30px !important;background-color: #ffffff !important;}&#8220;][vc_column][vc_raw_html]PGlmcmFtZSB3aWR0aD0iMTAwJSIgaGVpZ2h0PSI1NTAiIHNyYz0iaHR0cHM6Ly93d3cueW91dHViZS5jb20vZW1iZWQvQTZTODJ4Vml0VHciIHRpdGxlPSJZb3VUdWJlLVZpZGVvLVBsYXllciIgZnJhbWVib3JkZXI9IjAiIGFsbG93PSJhY2NlbGVyb21ldGVyOyBhdXRvcGxheTsgY2xpcGJvYXJkLXdyaXRlOyBlbmNyeXB0ZWQtbWVkaWE7IGd5cm9zY29wZTsgcGljdHVyZS1pbi1waWN0dXJlIiBhbGxvd2Z1bGxzY3JlZW49IiI+PC9pZnJhbWU+[\/vc_raw_html][\/vc_column][\/vc_row][vc_row fullwidth=&#8220;true&#8220; fullwidth_content=&#8220;false&#8220; css=&#8220;.vc_custom_1679399994070{padding-right: 30px !important;padding-left: 30px !important;background-color: #f5f5f5 !important;}&#8220;][vc_column][vc_raw_html css=&#8220;.vc_custom_1677609254176{padding-top: 45px !important;padding-bottom: 45px !important;}&#8220;]PGRpdiBzdHlsZT0icGFkZGluZzo1Ni4yNSUgMCAwIDA7cG9zaXRpb246cmVsYXRpdmU7Ij48aWZyYW1lIHNyYz0iaHR0cHM6Ly9wbGF5ZXIudmltZW8uY29tL3ZpZGVvLzM2NDMxMDc3Nj9oPWE5MjU1ZTVjYWMmYW1wO2JhZGdlPTAmYW1wO2F1dG9wYXVzZT0wJmFtcDtwbGF5ZXJfaWQ9MCZhbXA7YXBwX2lkPTU4NDc5IiBmcmFtZWJvcmRlcj0iMCIgYWxsb3c9ImF1dG9wbGF5OyBmdWxsc2NyZWVuOyBwaWN0dXJlLWluLXBpY3R1cmUiIGFsbG93ZnVsbHNjcmVlbj0iIiBzdHlsZT0icG9zaXRpb246YWJzb2x1dGU7dG9wOjA7bGVmdDowO3dpZHRoOjEwMCU7aGVpZ2h0OjEwMCU7IiB0aXRsZT0iVGFpbmFyb24gQmx1ZSDigJMgRGllIGdlaGVpbXN0ZW4gSG90ZWxzIGRlciBXZWx0Ij48L2lmcmFtZT48L2Rpdj48c2NyaXB0IHNyYz0iaHR0cHM6Ly9wbGF5ZXIudmltZW8uY29tL2FwaS9wbGF5ZXIuanMiPjwvc2NyaXB0Pg==[\/vc_raw_html][\/vc_column][\/vc_row][vc_row fullwidth=&#8220;true&#8220; fullwidth_content=&#8220;false&#8220; css=&#8220;.vc_custom_1677608863111{padding-right: 30px !important;padding-left: 30px [&hellip;]<\/p>\n","protected":false},"author":1,"featured_media":0,"parent":0,"menu_order":0,"comment_status":"closed","ping_status":"closed","template":"","meta":{"footnotes":""},"class_list":["post-4152","page","type-page","status-publish","hentry"],"yoast_head":"<!-- This site is optimized with the Yoast SEO plugin v27.4 - https:\/\/yoast.com\/product\/yoast-seo-wordpress\/ -->\n<title>Videos - Tainaron Blue Retreat<\/title>\n<meta name=\"robots\" content=\"index, follow, max-snippet:-1, max-image-preview:large, max-video-preview:-1\" \/>\n<link rel=\"canonical\" href=\"https:\/\/tainaron-blue.com\/de\/videos\/\" \/>\n<meta property=\"og:locale\" content=\"de_DE\" \/>\n<meta property=\"og:type\" content=\"article\" \/>\n<meta property=\"og:title\" content=\"Videos - Tainaron Blue Retreat\" \/>\n<meta property=\"og:description\" content=\"[vc_row fullwidth=&#8220;true&#8220; fullwidth_content=&#8220;false&#8220; css=&#8220;.vc_custom_1677608816233{padding-right: 30px !important;padding-left: 30px !important;background-color: #86776f !important;}&#8220;][vc_column][vc_column_text css=&#8220;.vc_custom_1671401400447{margin-bottom: 0px !important;padding-top: 55px !important;padding-bottom: 25px !important;}&#8220;] Videos [\/vc_column_text][vc_raw_html css=&#8220;.vc_custom_1677609044513{padding-top: 45px !important;padding-bottom: 45px !important;}&#8220;]PGRpdiBzdHlsZT0icGFkZGluZzo1Ni4yNSUgMCAwIDA7cG9zaXRpb246cmVsYXRpdmU7Ij48aWZyYW1lIHNyYz0iaHR0cHM6Ly9wbGF5ZXIudmltZW8uY29tL3ZpZGVvLzgwMzE3OTcyMz9oPThiZjJiYzE5YjAmYW1wO2JhZGdlPTAmYW1wO2F1dG9wYXVzZT0wJmFtcDtwbGF5ZXJfaWQ9MCZhbXA7YXBwX2lkPTU4NDc5IiBmcmFtZWJvcmRlcj0iMCIgYWxsb3c9ImF1dG9wbGF5OyBmdWxsc2NyZWVuOyBwaWN0dXJlLWluLXBpY3R1cmUiIGFsbG93ZnVsbHNjcmVlbj0iIiBzdHlsZT0icG9zaXRpb246YWJzb2x1dGU7dG9wOjA7bGVmdDowO3dpZHRoOjEwMCU7aGVpZ2h0OjEwMCU7IiB0aXRsZT0iVGFpbmFyb24gQmx1ZSDigJMgRGllIGdlaGVpbXN0ZW4gSG90ZWxzIGRlciBXZWx0Ij48L2lmcmFtZT48L2Rpdj48c2NyaXB0IHNyYz0iaHR0cHM6Ly9wbGF5ZXIudmltZW8uY29tL2FwaS9wbGF5ZXIuanMiPjwvc2NyaXB0Pg==[\/vc_raw_html][\/vc_column][\/vc_row][vc_row fullwidth=&#8220;true&#8220; fullwidth_content=&#8220;false&#8220; css=&#8220;.vc_custom_1677608905724{padding-top: 40px !important;padding-right: 30px !important;padding-left: 30px !important;background-color: #ffffff !important;}&#8220;][vc_column][vc_raw_html]PGlmcmFtZSB3aWR0aD0iMTAwJSIgaGVpZ2h0PSI1NTAiIHNyYz0iaHR0cHM6Ly93d3cueW91dHViZS5jb20vZW1iZWQvQTZTODJ4Vml0VHciIHRpdGxlPSJZb3VUdWJlLVZpZGVvLVBsYXllciIgZnJhbWVib3JkZXI9IjAiIGFsbG93PSJhY2NlbGVyb21ldGVyOyBhdXRvcGxheTsgY2xpcGJvYXJkLXdyaXRlOyBlbmNyeXB0ZWQtbWVkaWE7IGd5cm9zY29wZTsgcGljdHVyZS1pbi1waWN0dXJlIiBhbGxvd2Z1bGxzY3JlZW49IiI+PC9pZnJhbWU+[\/vc_raw_html][\/vc_column][\/vc_row][vc_row fullwidth=&#8220;true&#8220; fullwidth_content=&#8220;false&#8220; css=&#8220;.vc_custom_1679399994070{padding-right: 30px !important;padding-left: 30px !important;background-color: #f5f5f5 !important;}&#8220;][vc_column][vc_raw_html css=&#8220;.vc_custom_1677609254176{padding-top: 45px !important;padding-bottom: 45px !important;}&#8220;]PGRpdiBzdHlsZT0icGFkZGluZzo1Ni4yNSUgMCAwIDA7cG9zaXRpb246cmVsYXRpdmU7Ij48aWZyYW1lIHNyYz0iaHR0cHM6Ly9wbGF5ZXIudmltZW8uY29tL3ZpZGVvLzM2NDMxMDc3Nj9oPWE5MjU1ZTVjYWMmYW1wO2JhZGdlPTAmYW1wO2F1dG9wYXVzZT0wJmFtcDtwbGF5ZXJfaWQ9MCZhbXA7YXBwX2lkPTU4NDc5IiBmcmFtZWJvcmRlcj0iMCIgYWxsb3c9ImF1dG9wbGF5OyBmdWxsc2NyZWVuOyBwaWN0dXJlLWluLXBpY3R1cmUiIGFsbG93ZnVsbHNjcmVlbj0iIiBzdHlsZT0icG9zaXRpb246YWJzb2x1dGU7dG9wOjA7bGVmdDowO3dpZHRoOjEwMCU7aGVpZ2h0OjEwMCU7IiB0aXRsZT0iVGFpbmFyb24gQmx1ZSDigJMgRGllIGdlaGVpbXN0ZW4gSG90ZWxzIGRlciBXZWx0Ij48L2lmcmFtZT48L2Rpdj48c2NyaXB0IHNyYz0iaHR0cHM6Ly9wbGF5ZXIudmltZW8uY29tL2FwaS9wbGF5ZXIuanMiPjwvc2NyaXB0Pg==[\/vc_raw_html][\/vc_column][\/vc_row][vc_row fullwidth=&#8220;true&#8220; fullwidth_content=&#8220;false&#8220; css=&#8220;.vc_custom_1677608863111{padding-right: 30px !important;padding-left: 30px [&hellip;]\" \/>\n<meta property=\"og:url\" content=\"https:\/\/tainaron-blue.com\/de\/videos\/\" \/>\n<meta property=\"og:site_name\" content=\"Tainaron Blue Retreat\" \/>\n<meta name=\"twitter:card\" content=\"summary_large_image\" \/>\n<meta name=\"twitter:label1\" content=\"Gesch\u00e4tzte Lesezeit\" \/>\n\t<meta name=\"twitter:data1\" content=\"6\u00a0Minuten\" \/>\n<script type=\"application\/ld+json\" class=\"yoast-schema-graph\">{\"@context\":\"https:\\\/\\\/schema.org\",\"@graph\":[{\"@type\":\"WebPage\",\"@id\":\"https:\\\/\\\/tainaron-blue.com\\\/de\\\/videos\\\/\",\"url\":\"https:\\\/\\\/tainaron-blue.com\\\/de\\\/videos\\\/\",\"name\":\"Videos - Tainaron Blue Retreat\",\"isPartOf\":{\"@id\":\"https:\\\/\\\/tainaron-blue.com\\\/de\\\/#website\"},\"datePublished\":\"2024-11-13T09:52:29+00:00\",\"breadcrumb\":{\"@id\":\"https:\\\/\\\/tainaron-blue.com\\\/de\\\/videos\\\/#breadcrumb\"},\"inLanguage\":\"de\",\"potentialAction\":[{\"@type\":\"ReadAction\",\"target\":[\"https:\\\/\\\/tainaron-blue.com\\\/de\\\/videos\\\/\"]}]},{\"@type\":\"BreadcrumbList\",\"@id\":\"https:\\\/\\\/tainaron-blue.com\\\/de\\\/videos\\\/#breadcrumb\",\"itemListElement\":[{\"@type\":\"ListItem\",\"position\":1,\"name\":\"Home\",\"item\":\"https:\\\/\\\/tainaron-blue.com\\\/de\\\/startseite\\\/\"},{\"@type\":\"ListItem\",\"position\":2,\"name\":\"Videos\"}]},{\"@type\":\"WebSite\",\"@id\":\"https:\\\/\\\/tainaron-blue.com\\\/de\\\/#website\",\"url\":\"https:\\\/\\\/tainaron-blue.com\\\/de\\\/\",\"name\":\"Tainaron Blue Retreat\",\"description\":\"Mani tower\",\"potentialAction\":[{\"@type\":\"SearchAction\",\"target\":{\"@type\":\"EntryPoint\",\"urlTemplate\":\"https:\\\/\\\/tainaron-blue.com\\\/de\\\/?s={search_term_string}\"},\"query-input\":{\"@type\":\"PropertyValueSpecification\",\"valueRequired\":true,\"valueName\":\"search_term_string\"}}],\"inLanguage\":\"de\"}]}<\/script>\n<!-- \/ Yoast SEO plugin. -->","yoast_head_json":{"title":"Videos - Tainaron Blue Retreat","robots":{"index":"index","follow":"follow","max-snippet":"max-snippet:-1","max-image-preview":"max-image-preview:large","max-video-preview":"max-video-preview:-1"},"canonical":"https:\/\/tainaron-blue.com\/de\/videos\/","og_locale":"de_DE","og_type":"article","og_title":"Videos - Tainaron Blue Retreat","og_description":"[vc_row fullwidth=&#8220;true&#8220; fullwidth_content=&#8220;false&#8220; css=&#8220;.vc_custom_1677608816233{padding-right: 30px !important;padding-left: 30px !important;background-color: #86776f !important;}&#8220;][vc_column][vc_column_text css=&#8220;.vc_custom_1671401400447{margin-bottom: 0px !important;padding-top: 55px !important;padding-bottom: 25px !important;}&#8220;] Videos [\/vc_column_text][vc_raw_html css=&#8220;.vc_custom_1677609044513{padding-top: 45px !important;padding-bottom: 45px !important;}&#8220;]PGRpdiBzdHlsZT0icGFkZGluZzo1Ni4yNSUgMCAwIDA7cG9zaXRpb246cmVsYXRpdmU7Ij48aWZyYW1lIHNyYz0iaHR0cHM6Ly9wbGF5ZXIudmltZW8uY29tL3ZpZGVvLzgwMzE3OTcyMz9oPThiZjJiYzE5YjAmYW1wO2JhZGdlPTAmYW1wO2F1dG9wYXVzZT0wJmFtcDtwbGF5ZXJfaWQ9MCZhbXA7YXBwX2lkPTU4NDc5IiBmcmFtZWJvcmRlcj0iMCIgYWxsb3c9ImF1dG9wbGF5OyBmdWxsc2NyZWVuOyBwaWN0dXJlLWluLXBpY3R1cmUiIGFsbG93ZnVsbHNjcmVlbj0iIiBzdHlsZT0icG9zaXRpb246YWJzb2x1dGU7dG9wOjA7bGVmdDowO3dpZHRoOjEwMCU7aGVpZ2h0OjEwMCU7IiB0aXRsZT0iVGFpbmFyb24gQmx1ZSDigJMgRGllIGdlaGVpbXN0ZW4gSG90ZWxzIGRlciBXZWx0Ij48L2lmcmFtZT48L2Rpdj48c2NyaXB0IHNyYz0iaHR0cHM6Ly9wbGF5ZXIudmltZW8uY29tL2FwaS9wbGF5ZXIuanMiPjwvc2NyaXB0Pg==[\/vc_raw_html][\/vc_column][\/vc_row][vc_row fullwidth=&#8220;true&#8220; fullwidth_content=&#8220;false&#8220; css=&#8220;.vc_custom_1677608905724{padding-top: 40px !important;padding-right: 30px !important;padding-left: 30px !important;background-color: #ffffff !important;}&#8220;][vc_column][vc_raw_html]PGlmcmFtZSB3aWR0aD0iMTAwJSIgaGVpZ2h0PSI1NTAiIHNyYz0iaHR0cHM6Ly93d3cueW91dHViZS5jb20vZW1iZWQvQTZTODJ4Vml0VHciIHRpdGxlPSJZb3VUdWJlLVZpZGVvLVBsYXllciIgZnJhbWVib3JkZXI9IjAiIGFsbG93PSJhY2NlbGVyb21ldGVyOyBhdXRvcGxheTsgY2xpcGJvYXJkLXdyaXRlOyBlbmNyeXB0ZWQtbWVkaWE7IGd5cm9zY29wZTsgcGljdHVyZS1pbi1waWN0dXJlIiBhbGxvd2Z1bGxzY3JlZW49IiI+PC9pZnJhbWU+[\/vc_raw_html][\/vc_column][\/vc_row][vc_row fullwidth=&#8220;true&#8220; fullwidth_content=&#8220;false&#8220; css=&#8220;.vc_custom_1679399994070{padding-right: 30px !important;padding-left: 30px !important;background-color: #f5f5f5 !important;}&#8220;][vc_column][vc_raw_html css=&#8220;.vc_custom_1677609254176{padding-top: 45px !important;padding-bottom: 45px !important;}&#8220;]PGRpdiBzdHlsZT0icGFkZGluZzo1Ni4yNSUgMCAwIDA7cG9zaXRpb246cmVsYXRpdmU7Ij48aWZyYW1lIHNyYz0iaHR0cHM6Ly9wbGF5ZXIudmltZW8uY29tL3ZpZGVvLzM2NDMxMDc3Nj9oPWE5MjU1ZTVjYWMmYW1wO2JhZGdlPTAmYW1wO2F1dG9wYXVzZT0wJmFtcDtwbGF5ZXJfaWQ9MCZhbXA7YXBwX2lkPTU4NDc5IiBmcmFtZWJvcmRlcj0iMCIgYWxsb3c9ImF1dG9wbGF5OyBmdWxsc2NyZWVuOyBwaWN0dXJlLWluLXBpY3R1cmUiIGFsbG93ZnVsbHNjcmVlbj0iIiBzdHlsZT0icG9zaXRpb246YWJzb2x1dGU7dG9wOjA7bGVmdDowO3dpZHRoOjEwMCU7aGVpZ2h0OjEwMCU7IiB0aXRsZT0iVGFpbmFyb24gQmx1ZSDigJMgRGllIGdlaGVpbXN0ZW4gSG90ZWxzIGRlciBXZWx0Ij48L2lmcmFtZT48L2Rpdj48c2NyaXB0IHNyYz0iaHR0cHM6Ly9wbGF5ZXIudmltZW8uY29tL2FwaS9wbGF5ZXIuanMiPjwvc2NyaXB0Pg==[\/vc_raw_html][\/vc_column][\/vc_row][vc_row fullwidth=&#8220;true&#8220; fullwidth_content=&#8220;false&#8220; css=&#8220;.vc_custom_1677608863111{padding-right: 30px !important;padding-left: 30px [&hellip;]","og_url":"https:\/\/tainaron-blue.com\/de\/videos\/","og_site_name":"Tainaron Blue Retreat","twitter_card":"summary_large_image","twitter_misc":{"Gesch\u00e4tzte Lesezeit":"6\u00a0Minuten"},"schema":{"@context":"https:\/\/schema.org","@graph":[{"@type":"WebPage","@id":"https:\/\/tainaron-blue.com\/de\/videos\/","url":"https:\/\/tainaron-blue.com\/de\/videos\/","name":"Videos - Tainaron Blue Retreat","isPartOf":{"@id":"https:\/\/tainaron-blue.com\/de\/#website"},"datePublished":"2024-11-13T09:52:29+00:00","breadcrumb":{"@id":"https:\/\/tainaron-blue.com\/de\/videos\/#breadcrumb"},"inLanguage":"de","potentialAction":[{"@type":"ReadAction","target":["https:\/\/tainaron-blue.com\/de\/videos\/"]}]},{"@type":"BreadcrumbList","@id":"https:\/\/tainaron-blue.com\/de\/videos\/#breadcrumb","itemListElement":[{"@type":"ListItem","position":1,"name":"Home","item":"https:\/\/tainaron-blue.com\/de\/startseite\/"},{"@type":"ListItem","position":2,"name":"Videos"}]},{"@type":"WebSite","@id":"https:\/\/tainaron-blue.com\/de\/#website","url":"https:\/\/tainaron-blue.com\/de\/","name":"Tainaron Blue Retreat","description":"Mani tower","potentialAction":[{"@type":"SearchAction","target":{"@type":"EntryPoint","urlTemplate":"https:\/\/tainaron-blue.com\/de\/?s={search_term_string}"},"query-input":{"@type":"PropertyValueSpecification","valueRequired":true,"valueName":"search_term_string"}}],"inLanguage":"de"}]}},"_links":{"self":[{"href":"https:\/\/tainaron-blue.com\/de\/wp-json\/wp\/v2\/pages\/4152","targetHints":{"allow":["GET"]}}],"collection":[{"href":"https:\/\/tainaron-blue.com\/de\/wp-json\/wp\/v2\/pages"}],"about":[{"href":"https:\/\/tainaron-blue.com\/de\/wp-json\/wp\/v2\/types\/page"}],"author":[{"embeddable":true,"href":"https:\/\/tainaron-blue.com\/de\/wp-json\/wp\/v2\/users\/1"}],"replies":[{"embeddable":true,"href":"https:\/\/tainaron-blue.com\/de\/wp-json\/wp\/v2\/comments?post=4152"}],"version-history":[{"count":2,"href":"https:\/\/tainaron-blue.com\/de\/wp-json\/wp\/v2\/pages\/4152\/revisions"}],"predecessor-version":[{"id":4154,"href":"https:\/\/tainaron-blue.com\/de\/wp-json\/wp\/v2\/pages\/4152\/revisions\/4154"}],"wp:attachment":[{"href":"https:\/\/tainaron-blue.com\/de\/wp-json\/wp\/v2\/media?parent=4152"}],"curies":[{"name":"wp","href":"https:\/\/api.w.org\/{rel}","templated":true}]}}