{"id":4147,"date":"2024-11-13T08:41:48","date_gmt":"2024-11-13T08:41:48","guid":{"rendered":"https:\/\/tainaron-blue.com\/gastronomie\/"},"modified":"2024-11-13T08:41:49","modified_gmt":"2024-11-13T08:41:49","slug":"gastronomie","status":"publish","type":"page","link":"https:\/\/tainaron-blue.com\/de\/gastronomie\/","title":{"rendered":"Gastronomie"},"content":{"rendered":"<section class=\"wpb-content-wrapper\">[vc_row fullwidth=&#8220;true&#8220; fullwidth_content=&#8220;false&#8220; css=&#8220;.vc_custom_1668372807905{padding-top: 200px !important;padding-bottom: 200px !important;background-image: url(https:\/\/tainaron-blue.com\/wp-content\/uploads\/2022\/11\/tainaronblue_gastronomy_08.jpg?id=449) !important;background-position: center !important;background-repeat: no-repeat !important;background-size: cover !important;}&#8220;][vc_column][vc_column_text css=&#8220;.vc_custom_1668372601608{margin-bottom: 0px !important;}&#8220;]\n<h1 style=\"text-align: center;\"><span style=\"color: #ffffff;\">Gastronomie<\/span><\/h1>\n[\/vc_column_text][\/vc_column][\/vc_row][vc_row][vc_column][vc_empty_space height=&#8220;52px&#8220;][\/vc_column][\/vc_row][vc_row][vc_column]<div class=\"ult-animation  ult-animate-viewport  ult-no-mobile \" data-animate=\"fadeInRight\" data-animation-delay=\"0\" data-animation-duration=\"3\" data-animation-iteration=\"1\" style=\"opacity:0;\" data-opacity_start_effect=\"\">[vc_column_text css=&#8220;.vc_custom_1668373276789{margin-bottom: 0px !important;}&#8220;]\n<h2 style=\"text-align: center;\">Genie\u00dfen Sie die mediterrane lokale K\u00fcche<\/h2>\n[\/vc_column_text]<\/div>[\/vc_column][\/vc_row][vc_row][vc_column][vc_empty_space][\/vc_column][\/vc_row][vc_row][vc_column width=&#8220;1\/2&#8243; el_class=&#8220;vc_col-sm-push-6&#8243;]<div class=\"ult-animation  ult-animate-viewport  ult-no-mobile  vc_custom_1669249890754\" data-animate=\"fadeInRight\" data-animation-delay=\"0\" data-animation-duration=\"3\" data-animation-iteration=\"1\" style=\"opacity:0;\" data-opacity_start_effect=\"\">[vc_column_text css=&#8220;.vc_custom_1668373402845{margin-bottom: 0px !important;padding-top: px !important;padding-bottom: px !important;}&#8220;]\n<p style=\"text-align: justify;\">Unser intimes Restaurant bietet den G\u00e4sten w\u00e4hrend ihres Aufenthalts ein authentisches kulinarisches Erlebnis der Mani.<br \/>\nDie reiche Kultur unserer Region dient als Inspiration f\u00fcr unseren kulinarischen Berater, Chef George Samoilis, der ein feines Men\u00fc auf der Basis traditioneller Rezepte kreiert. Er verwandelt diese Inspiration in eine magische gastronomische Reise voller Geschmack, Aromen und Griechenland. <\/p>\n<p style=\"text-align: justify;\">W\u00e4hrend Ihres Aufenthalts im Tainaron Blue Retreat lassen Sie sich von den authentischen Aromen verzaubern, die die K\u00fcche der Mani einzigartig machen: Verw\u00f6hnen Sie sich mit einem k\u00f6stlichen Salat aus gemischtem Gr\u00fcn und traditionellem, ger\u00e4uchertem Schweinefleisch (Siglino)\u2026 Probieren Sie den frischen Fang des Tages, das k\u00f6stliche \u201eTataki\u201c vom Rind im mediterranen Stil oder die lokale Orzo-Pasta mit S\u00fc\u00dfwein, getrockneten Tomaten, Kapern und ger\u00e4uchertem Klosterk\u00e4se. Auf der Speisekarte finden Sie eine Auswahl an griechischen Weinen, die die lokale K\u00fcche perfekt erg\u00e4nzen. <\/p>\n<p style=\"text-align: justify;\">Fr\u00fchst\u00fcck und Mahlzeiten werden auf der Terrasse am Pool oder auf dem Holzdeck der Veranda mit ihrem herrlichen Meerblick serviert.<\/p>\n<p style=\"text-align: justify;\">Sie k\u00f6nnen auch Ihren Lieblingscocktail oder gemischten Drink bestellen und eine kreative Mixologie erleben.<\/p>\n<p style=\"text-align: justify;\"><strong>Bitte beachten Sie<\/strong>, dass unser Restaurant exklusiv f\u00fcr die G\u00e4ste des Tainaron Blue Retreat zur Verf\u00fcgung steht.<\/p>\n[\/vc_column_text]<\/div>[\/vc_column][vc_column width=&#8220;1\/2&#8243; el_class=&#8220;vc_col-sm-pull-6&#8243;]<div class=\"ult-animation  ult-animate-viewport  ult-no-mobile  vc_custom_1669249899129\" data-animate=\"fadeInLeft\" data-animation-delay=\"0\" data-animation-duration=\"3\" data-animation-iteration=\"1\" style=\"opacity:0;\" data-opacity_start_effect=\"\">[vc_single_image image=&#8220;918&#8243; img_size=&#8220;full&#8220; alignment=&#8220;center&#8220;]<\/div>[\/vc_column][\/vc_row][vc_row][vc_column][vc_empty_space][\/vc_column][\/vc_row][vc_row][vc_column width=&#8220;1\/2&#8243;]<div class=\"ult-animation  ult-animate-viewport  ult-no-mobile \" data-animate=\"fadeInRight\" data-animation-delay=\"0\" data-animation-duration=\"3\" data-animation-iteration=\"1\" style=\"opacity:0;\" data-opacity_start_effect=\"\">[mk_gallery images=&#8220;476,473,470,467,464,461,458,455&#8243; style=&#8220;style2&#8243; hover_scenarios=&#8220;slow_zoom&#8220;]<\/div>[\/vc_column][vc_column width=&#8220;1\/2&#8243;]<div class=\"ult-animation  ult-animate-viewport  ult-no-mobile \" data-animate=\"fadeInRight\" data-animation-delay=\"0\" data-animation-duration=\"3\" data-animation-iteration=\"1\" style=\"opacity:0;\" data-opacity_start_effect=\"\">[mk_gallery images=&#8220;452,449,446,443,440,437,434,431,428&#8243; style=&#8220;style1&#8243; hover_scenarios=&#8220;slow_zoom&#8220;]<\/div>[\/vc_column][\/vc_row][vc_row][vc_column][vc_empty_space][\/vc_column][\/vc_row]\n<\/section>","protected":false},"excerpt":{"rendered":"<p>[vc_row fullwidth=&#8220;true&#8220; fullwidth_content=&#8220;false&#8220; css=&#8220;.vc_custom_1668372807905{padding-top: 200px !important;padding-bottom: 200px !important;background-image: url(https:\/\/tainaron-blue.com\/wp-content\/uploads\/2022\/11\/tainaronblue_gastronomy_08.jpg?id=449) !important;background-position: center !important;background-repeat: no-repeat !important;background-size: cover !important;}&#8220;][vc_column][vc_column_text css=&#8220;.vc_custom_1668372601608{margin-bottom: 0px !important;}&#8220;] Gastronomie [\/vc_column_text][\/vc_column][\/vc_row][vc_row][vc_column][vc_empty_space height=&#8220;52px&#8220;][\/vc_column][\/vc_row][vc_row][vc_column][\/vc_column][\/vc_row][vc_row][vc_column][vc_empty_space][\/vc_column][\/vc_row][vc_row][vc_column width=&#8220;1\/2&#8243; el_class=&#8220;vc_col-sm-push-6&#8243;][\/vc_column][vc_column width=&#8220;1\/2&#8243; el_class=&#8220;vc_col-sm-pull-6&#8243;][\/vc_column][\/vc_row][vc_row][vc_column][vc_empty_space][\/vc_column][\/vc_row][vc_row][vc_column width=&#8220;1\/2&#8243;][\/vc_column][vc_column width=&#8220;1\/2&#8243;][\/vc_column][\/vc_row][vc_row][vc_column][vc_empty_space][\/vc_column][\/vc_row]<\/p>\n","protected":false},"author":1,"featured_media":0,"parent":0,"menu_order":0,"comment_status":"closed","ping_status":"closed","template":"","meta":{"footnotes":""},"class_list":["post-4147","page","type-page","status-publish","hentry"],"yoast_head":"<!-- This site is optimized with the Yoast SEO plugin v27.3 - https:\/\/yoast.com\/product\/yoast-seo-wordpress\/ -->\n<title>Gastronomie - Tainaron Blue Retreat<\/title>\n<meta name=\"robots\" content=\"index, follow, max-snippet:-1, max-image-preview:large, max-video-preview:-1\" \/>\n<link rel=\"canonical\" href=\"https:\/\/tainaron-blue.com\/de\/gastronomie\/\" \/>\n<meta property=\"og:locale\" content=\"de_DE\" \/>\n<meta property=\"og:type\" content=\"article\" \/>\n<meta property=\"og:title\" content=\"Gastronomie - Tainaron Blue Retreat\" \/>\n<meta property=\"og:description\" content=\"[vc_row fullwidth=&#8220;true&#8220; fullwidth_content=&#8220;false&#8220; css=&#8220;.vc_custom_1668372807905{padding-top: 200px !important;padding-bottom: 200px !important;background-image: url(https:\/\/tainaron-blue.com\/wp-content\/uploads\/2022\/11\/tainaronblue_gastronomy_08.jpg?id=449) !important;background-position: center !important;background-repeat: no-repeat !important;background-size: cover !important;}&#8220;][vc_column][vc_column_text css=&#8220;.vc_custom_1668372601608{margin-bottom: 0px !important;}&#8220;] Gastronomie [\/vc_column_text][\/vc_column][\/vc_row][vc_row][vc_column][vc_empty_space height=&#8220;52px&#8220;][\/vc_column][\/vc_row][vc_row][vc_column][\/vc_column][\/vc_row][vc_row][vc_column][vc_empty_space][\/vc_column][\/vc_row][vc_row][vc_column width=&#8220;1\/2&#8243; el_class=&#8220;vc_col-sm-push-6&#8243;][\/vc_column][vc_column width=&#8220;1\/2&#8243; el_class=&#8220;vc_col-sm-pull-6&#8243;][\/vc_column][\/vc_row][vc_row][vc_column][vc_empty_space][\/vc_column][\/vc_row][vc_row][vc_column width=&#8220;1\/2&#8243;][\/vc_column][vc_column width=&#8220;1\/2&#8243;][\/vc_column][\/vc_row][vc_row][vc_column][vc_empty_space][\/vc_column][\/vc_row]\" \/>\n<meta property=\"og:url\" content=\"https:\/\/tainaron-blue.com\/de\/gastronomie\/\" \/>\n<meta property=\"og:site_name\" content=\"Tainaron Blue Retreat\" \/>\n<meta property=\"article:modified_time\" content=\"2024-11-13T08:41:49+00:00\" \/>\n<meta name=\"twitter:card\" content=\"summary_large_image\" \/>\n<meta name=\"twitter:label1\" content=\"Gesch\u00e4tzte Lesezeit\" \/>\n\t<meta name=\"twitter:data1\" content=\"3\u00a0Minuten\" \/>\n<script type=\"application\/ld+json\" class=\"yoast-schema-graph\">{\"@context\":\"https:\\\/\\\/schema.org\",\"@graph\":[{\"@type\":\"WebPage\",\"@id\":\"https:\\\/\\\/tainaron-blue.com\\\/de\\\/gastronomie\\\/\",\"url\":\"https:\\\/\\\/tainaron-blue.com\\\/de\\\/gastronomie\\\/\",\"name\":\"Gastronomie - Tainaron Blue Retreat\",\"isPartOf\":{\"@id\":\"https:\\\/\\\/tainaron-blue.com\\\/de\\\/#website\"},\"datePublished\":\"2024-11-13T08:41:48+00:00\",\"dateModified\":\"2024-11-13T08:41:49+00:00\",\"breadcrumb\":{\"@id\":\"https:\\\/\\\/tainaron-blue.com\\\/de\\\/gastronomie\\\/#breadcrumb\"},\"inLanguage\":\"de\",\"potentialAction\":[{\"@type\":\"ReadAction\",\"target\":[\"https:\\\/\\\/tainaron-blue.com\\\/de\\\/gastronomie\\\/\"]}]},{\"@type\":\"BreadcrumbList\",\"@id\":\"https:\\\/\\\/tainaron-blue.com\\\/de\\\/gastronomie\\\/#breadcrumb\",\"itemListElement\":[{\"@type\":\"ListItem\",\"position\":1,\"name\":\"Home\",\"item\":\"https:\\\/\\\/tainaron-blue.com\\\/de\\\/startseite\\\/\"},{\"@type\":\"ListItem\",\"position\":2,\"name\":\"Gastronomie\"}]},{\"@type\":\"WebSite\",\"@id\":\"https:\\\/\\\/tainaron-blue.com\\\/de\\\/#website\",\"url\":\"https:\\\/\\\/tainaron-blue.com\\\/de\\\/\",\"name\":\"Tainaron Blue Retreat\",\"description\":\"Mani tower\",\"potentialAction\":[{\"@type\":\"SearchAction\",\"target\":{\"@type\":\"EntryPoint\",\"urlTemplate\":\"https:\\\/\\\/tainaron-blue.com\\\/de\\\/?s={search_term_string}\"},\"query-input\":{\"@type\":\"PropertyValueSpecification\",\"valueRequired\":true,\"valueName\":\"search_term_string\"}}],\"inLanguage\":\"de\"}]}<\/script>\n<!-- \/ Yoast SEO plugin. -->","yoast_head_json":{"title":"Gastronomie - Tainaron Blue Retreat","robots":{"index":"index","follow":"follow","max-snippet":"max-snippet:-1","max-image-preview":"max-image-preview:large","max-video-preview":"max-video-preview:-1"},"canonical":"https:\/\/tainaron-blue.com\/de\/gastronomie\/","og_locale":"de_DE","og_type":"article","og_title":"Gastronomie - Tainaron Blue Retreat","og_description":"[vc_row fullwidth=&#8220;true&#8220; fullwidth_content=&#8220;false&#8220; css=&#8220;.vc_custom_1668372807905{padding-top: 200px !important;padding-bottom: 200px !important;background-image: url(https:\/\/tainaron-blue.com\/wp-content\/uploads\/2022\/11\/tainaronblue_gastronomy_08.jpg?id=449) !important;background-position: center !important;background-repeat: no-repeat !important;background-size: cover !important;}&#8220;][vc_column][vc_column_text css=&#8220;.vc_custom_1668372601608{margin-bottom: 0px !important;}&#8220;] Gastronomie [\/vc_column_text][\/vc_column][\/vc_row][vc_row][vc_column][vc_empty_space height=&#8220;52px&#8220;][\/vc_column][\/vc_row][vc_row][vc_column][\/vc_column][\/vc_row][vc_row][vc_column][vc_empty_space][\/vc_column][\/vc_row][vc_row][vc_column width=&#8220;1\/2&#8243; el_class=&#8220;vc_col-sm-push-6&#8243;][\/vc_column][vc_column width=&#8220;1\/2&#8243; el_class=&#8220;vc_col-sm-pull-6&#8243;][\/vc_column][\/vc_row][vc_row][vc_column][vc_empty_space][\/vc_column][\/vc_row][vc_row][vc_column width=&#8220;1\/2&#8243;][\/vc_column][vc_column width=&#8220;1\/2&#8243;][\/vc_column][\/vc_row][vc_row][vc_column][vc_empty_space][\/vc_column][\/vc_row]","og_url":"https:\/\/tainaron-blue.com\/de\/gastronomie\/","og_site_name":"Tainaron Blue Retreat","article_modified_time":"2024-11-13T08:41:49+00:00","twitter_card":"summary_large_image","twitter_misc":{"Gesch\u00e4tzte Lesezeit":"3\u00a0Minuten"},"schema":{"@context":"https:\/\/schema.org","@graph":[{"@type":"WebPage","@id":"https:\/\/tainaron-blue.com\/de\/gastronomie\/","url":"https:\/\/tainaron-blue.com\/de\/gastronomie\/","name":"Gastronomie - Tainaron Blue Retreat","isPartOf":{"@id":"https:\/\/tainaron-blue.com\/de\/#website"},"datePublished":"2024-11-13T08:41:48+00:00","dateModified":"2024-11-13T08:41:49+00:00","breadcrumb":{"@id":"https:\/\/tainaron-blue.com\/de\/gastronomie\/#breadcrumb"},"inLanguage":"de","potentialAction":[{"@type":"ReadAction","target":["https:\/\/tainaron-blue.com\/de\/gastronomie\/"]}]},{"@type":"BreadcrumbList","@id":"https:\/\/tainaron-blue.com\/de\/gastronomie\/#breadcrumb","itemListElement":[{"@type":"ListItem","position":1,"name":"Home","item":"https:\/\/tainaron-blue.com\/de\/startseite\/"},{"@type":"ListItem","position":2,"name":"Gastronomie"}]},{"@type":"WebSite","@id":"https:\/\/tainaron-blue.com\/de\/#website","url":"https:\/\/tainaron-blue.com\/de\/","name":"Tainaron Blue Retreat","description":"Mani tower","potentialAction":[{"@type":"SearchAction","target":{"@type":"EntryPoint","urlTemplate":"https:\/\/tainaron-blue.com\/de\/?s={search_term_string}"},"query-input":{"@type":"PropertyValueSpecification","valueRequired":true,"valueName":"search_term_string"}}],"inLanguage":"de"}]}},"_links":{"self":[{"href":"https:\/\/tainaron-blue.com\/de\/wp-json\/wp\/v2\/pages\/4147","targetHints":{"allow":["GET"]}}],"collection":[{"href":"https:\/\/tainaron-blue.com\/de\/wp-json\/wp\/v2\/pages"}],"about":[{"href":"https:\/\/tainaron-blue.com\/de\/wp-json\/wp\/v2\/types\/page"}],"author":[{"embeddable":true,"href":"https:\/\/tainaron-blue.com\/de\/wp-json\/wp\/v2\/users\/1"}],"replies":[{"embeddable":true,"href":"https:\/\/tainaron-blue.com\/de\/wp-json\/wp\/v2\/comments?post=4147"}],"version-history":[{"count":2,"href":"https:\/\/tainaron-blue.com\/de\/wp-json\/wp\/v2\/pages\/4147\/revisions"}],"predecessor-version":[{"id":4149,"href":"https:\/\/tainaron-blue.com\/de\/wp-json\/wp\/v2\/pages\/4147\/revisions\/4149"}],"wp:attachment":[{"href":"https:\/\/tainaron-blue.com\/de\/wp-json\/wp\/v2\/media?parent=4147"}],"curies":[{"name":"wp","href":"https:\/\/api.w.org\/{rel}","templated":true}]}}