{"id":4144,"date":"2024-11-13T07:06:31","date_gmt":"2024-11-13T07:06:31","guid":{"rendered":"https:\/\/tainaron-blue.com\/klassisches-doppelzimmer-mit-bergblick\/"},"modified":"2024-11-19T20:43:55","modified_gmt":"2024-11-19T20:43:55","slug":"klassisches-doppelzimmer-mit-bergblick","status":"publish","type":"page","link":"https:\/\/tainaron-blue.com\/de\/der-turm\/zimmer\/klassisches-doppelzimmer-mit-bergblick\/","title":{"rendered":"KLASSISCHES DOPPELZIMMER MIT BERGBLICK"},"content":{"rendered":"<section class=\"wpb-content-wrapper\">[vc_row fullwidth=&#8220;true&#8220;][vc_column][mk_gallery images=&#8220;672&#8243; column=&#8220;1&#8243; height=&#8220;450&#8243; hover_scenarios=&#8220;slow_zoom&#8220; item_spacing=&#8220;0&#8243;][\/vc_column][\/vc_row][vc_row fullwidth=&#8220;true&#8220; css=&#8220;.vc_custom_1669236706535{padding-top: 25px !important;padding-bottom: 25px !important;}&#8220;][vc_column][vc_column_text css=&#8220;.vc_custom_1669236665939{margin-bottom: 0px !important;}&#8220;]\n<h1 style=\"text-align: center;\">KLASSISCHES DOPPELZIMMER MIT BERGBLICK<\/h1>\n[\/vc_column_text][\/vc_column][\/vc_row][vc_row][vc_column width=&#8220;2\/3&#8243; css=&#8220;.vc_custom_1669237012630{margin-right: 0px !important;margin-left: 0px !important;padding-right: 0px !important;padding-left: 0px !important;}&#8220;][vc_column_text css=&#8220;.vc_custom_1707829795050{margin-bottom: 0px !important;padding-top: 25px !important;}&#8220;]Das charmante 14 m\u00b2 gro\u00dfe Klassische Doppelzimmer befindet sich neben dem Hauptturm und bietet maximale Privatsph\u00e4re. Wie die Mani selbst zeichnet es sich durch ein Zusammenspiel von Elementen aus, wie einem hohen, barnyard-artigen Deckenstil und einem ergonomischen Badezimmer mit moderner Dusche mit Glasw\u00e4nden, um einen gem\u00fctlichen, aber modernen und einladenden R\u00fcckzugsort zu schaffen. Die alten Steinstreifen f\u00fcgen sich harmonisch in eine zeitgem\u00e4\u00dfe, industriell-schicke \u00c4sthetik ein, wobei Ihr Komfort durch ein Serta-Pillow-Top-Matratzenbett, Coco-mat Bettw\u00e4sche\/Handt\u00fccher\/Badem\u00e4ntel\/Hausschuhe und faszinierenden Bergblick verst\u00e4rkt wird. Dies ist das einzige Zimmer, das auch einen Blick auf einen weiteren Mani-Turm bietet, der nachts brillant beleuchtet ist und auf dem Taygetos-Hang gegen\u00fcber der Unterkunft thront.<br \/>Ein idealer R\u00fcckzugsort innerhalb eines R\u00fcckzugsorts f\u00fcr Designliebhaber oder Alleinreisende. Dieses vollst\u00e4ndig ausgestattete Zimmer verf\u00fcgt \u00fcber Klimaanlage, kostenfreies WLAN, Nespresso-Maschine, Minibar und Safe.[\/vc_column_text][\/vc_column][vc_column width=&#8220;1\/3&#8243;][vc_row_inner][vc_column_inner offset=&#8220;vc_hidden-sm&#8220;][vc_raw_html css=&#8220;.vc_custom_1732044120777{margin-bottom: 0px !important;padding-top: 25px !important;padding-right: 20px !important;padding-bottom: 0px !important;padding-left: 20px !important;background-color: #f4f4f4 !important;}&#8220;]PGg0IHN0eWxlPSJ0ZXh0LWFsaWduOmNlbnRlcjttYXJnaW4tYm90dG9tOjIwcHg7Ij5WRVJGw5xHQkFSS0VJVCBQUsOcRkVOPC9oND4KW2N1c3RvbV9pZnJhbWUgaGVpZ2h0PSIyMDBweCJdCgo=[\/vc_raw_html][\/vc_column_inner][\/vc_row_inner][vc_row_inner][vc_column_inner offset=&#8220;vc_hidden-lg vc_hidden-md vc_hidden-xs&#8220;][vc_raw_html css=&#8220;.vc_custom_1732044130198{margin-bottom: 0px !important;padding-top: 25px !important;padding-right: 20px !important;padding-bottom: 0px !important;padding-left: 20px !important;background-color: #f4f4f4 !important;}&#8220;]PGg0IHN0eWxlPSJ0ZXh0LWFsaWduOmNlbnRlcjttYXJnaW4tYm90dG9tOjIwcHg7Ij5WRVJGw5xHQkFSS0VJVCBQUsOcRkVOPC9oND4KW2N1c3RvbV9pZnJhbWUgaGVpZ2h0PSIyOTBweCJdCgo=[\/vc_raw_html][\/vc_column_inner][\/vc_row_inner][\/vc_column][\/vc_row][vc_row css=&#8220;.vc_custom_1669329246413{padding-top: 35px !important;}&#8220;][vc_column width=&#8220;1\/2&#8243;][mk_gallery images=&#8220;726,723,720,717,714,711,708,705,702&#8243; style=&#8220;style1&#8243; hover_scenarios=&#8220;slow_zoom&#8220;][\/vc_column][vc_column width=&#8220;1\/2&#8243; css=&#8220;.vc_custom_1669237018614{margin-right: 0px !important;margin-left: 0px !important;padding-right: 0px !important;padding-left: 0px !important;}&#8220;][mk_gallery images=&#8220;675,678,681,684,687,690,693,696,699&#8243; style=&#8220;style3&#8243; hover_scenarios=&#8220;slow_zoom&#8220;][\/vc_column][\/vc_row][vc_row][vc_column][vc_column_text]\n[\/vc_column_text][\/vc_column][\/vc_row][vc_row][vc_column][vc_column_text]\n[\/vc_column_text][\/vc_column][\/vc_row][vc_row fullwidth=&#8220;true&#8220; fullwidth_content=&#8220;false&#8220; css=&#8220;.vc_custom_1672683943263{margin-top: 40px !important;padding-top: 45px !important;padding-bottom: 5px !important;background-color: #f9f9f9 !important;}&#8220;][vc_column][vc_column_text align=&#8220;center&#8220; css=&#8220;.vc_custom_1672683905966{margin-bottom: 0px !important;}&#8220;]\n<h3 style=\"text-align: center;\">DIE ZIMMER<\/h3>\n[\/vc_column_text][\/vc_column][\/vc_row][vc_row fullwidth=&#8220;true&#8220; fullwidth_content=&#8220;false&#8220; css=&#8220;.vc_custom_1672683916954{margin-top: 0px !important;padding-top: 5px !important;padding-bottom: 35px !important;background-color: #f9f9f9 !important;}&#8220;][vc_column width=&#8220;1\/4&#8243;][vc_single_image image=&#8220;810&#8243; img_size=&#8220;255&#215;200&#8243; alignment=&#8220;center&#8220; onclick=&#8220;custom_link&#8220; link=&#8220;?page_id=864&#8243; css=&#8220;.vc_custom_1672684555766{margin-bottom: 0px !important;padding-bottom: 0px !important;}&#8220;][vc_column_text align=&#8220;center&#8220; css=&#8220;.vc_custom_1672684549782{margin-bottom: 0px !important;padding-top: 10px !important;}&#8220;]\n<p style=\"text-align: center;\"><a href=\"?page_id=864\"><strong>MASTER SUITE MIT MEERBLICK<\/strong><\/a><\/p>\n[\/vc_column_text][\/vc_column][vc_column width=&#8220;1\/4&#8243;][vc_single_image image=&#8220;772&#8243; img_size=&#8220;255&#215;200&#8243; alignment=&#8220;center&#8220; onclick=&#8220;custom_link&#8220; link=&#8220;?page_id=2299&#8243; css=&#8220;.vc_custom_1672684560405{margin-bottom: 0px !important;padding-bottom: 0px !important;}&#8220;][vc_column_text align=&#8220;center&#8220; css=&#8220;.vc_custom_1672684576156{margin-bottom: 0px !important;padding-top: 10px !important;}&#8220;]\n<p style=\"text-align: center;\"><a href=\"?page_id=2299\"><strong>JUNIOR SUITE MIT BERGBLICK<\/strong><\/a><\/p>\n[\/vc_column_text][\/vc_column][vc_column width=&#8220;1\/4&#8243;][vc_single_image image=&#8220;746&#8243; img_size=&#8220;255&#215;200&#8243; alignment=&#8220;center&#8220; onclick=&#8220;custom_link&#8220; link=&#8220;?page_id=2301&#8243; css=&#8220;.vc_custom_1672684565539{margin-bottom: 0px !important;padding-bottom: 0px !important;}&#8220;][vc_column_text align=&#8220;center&#8220; css=&#8220;.vc_custom_1672684581826{margin-bottom: 0px !important;padding-top: 10px !important;}&#8220;]\n<p style=\"text-align: center;\"><a href=\"?page_id=2301\"><strong>EXECUTIVE DOPPELZIMMER MIT MEERBLICK<\/strong><\/a><\/p>\n[\/vc_column_text][\/vc_column][vc_column width=&#8220;1\/4&#8243; el_class=&#8220;pop&#8220;][vc_single_image image=&#8220;678&#8243; img_size=&#8220;255&#215;200&#8243; alignment=&#8220;center&#8220; onclick=&#8220;custom_link&#8220; link=&#8220;?page_id=898&#8243; css=&#8220;.vc_custom_1672684570591{margin-bottom: 0px !important;padding-bottom: 0px !important;}&#8220;][vc_column_text align=&#8220;center&#8220; css=&#8220;.vc_custom_1672684587427{margin-bottom: 0px !important;padding-top: 10px !important;}&#8220;]\n<p style=\"text-align: center;\"><a href=\"?page_id=898\"><strong>KLASSISCHES DOPPELZIMMER MIT BERGBLICK<\/strong><\/a><\/p>\n[\/vc_column_text][\/vc_column][\/vc_row]\n<\/section>","protected":false},"excerpt":{"rendered":"<p>[vc_row fullwidth=&#8220;true&#8220;][vc_column][mk_gallery images=&#8220;672&#8243; column=&#8220;1&#8243; height=&#8220;450&#8243; hover_scenarios=&#8220;slow_zoom&#8220; item_spacing=&#8220;0&#8243;][\/vc_column][\/vc_row][vc_row fullwidth=&#8220;true&#8220; css=&#8220;.vc_custom_1669236706535{padding-top: 25px !important;padding-bottom: 25px !important;}&#8220;][vc_column][vc_column_text css=&#8220;.vc_custom_1669236665939{margin-bottom: 0px !important;}&#8220;] KLASSISCHES DOPPELZIMMER MIT BERGBLICK [\/vc_column_text][\/vc_column][\/vc_row][vc_row][vc_column width=&#8220;2\/3&#8243; css=&#8220;.vc_custom_1669237012630{margin-right: 0px !important;margin-left: 0px !important;padding-right: 0px !important;padding-left: 0px !important;}&#8220;][vc_column_text css=&#8220;.vc_custom_1707829795050{margin-bottom: 0px !important;padding-top: 25px !important;}&#8220;]Das charmante 14 m\u00b2 gro\u00dfe Klassische Doppelzimmer befindet sich neben dem Hauptturm und bietet maximale Privatsph\u00e4re. Wie die Mani selbst [&hellip;]<\/p>\n","protected":false},"author":1,"featured_media":0,"parent":4171,"menu_order":0,"comment_status":"closed","ping_status":"closed","template":"","meta":{"footnotes":""},"class_list":["post-4144","page","type-page","status-publish","hentry"],"yoast_head":"<!-- This site is optimized with the Yoast SEO plugin v27.3 - https:\/\/yoast.com\/product\/yoast-seo-wordpress\/ -->\n<title>KLASSISCHES DOPPELZIMMER MIT BERGBLICK - Tainaron Blue Retreat<\/title>\n<meta name=\"robots\" content=\"index, follow, max-snippet:-1, max-image-preview:large, max-video-preview:-1\" \/>\n<link rel=\"canonical\" href=\"https:\/\/tainaron-blue.com\/de\/der-turm\/zimmer\/klassisches-doppelzimmer-mit-bergblick\/\" \/>\n<meta property=\"og:locale\" content=\"de_DE\" \/>\n<meta property=\"og:type\" content=\"article\" \/>\n<meta property=\"og:title\" content=\"KLASSISCHES DOPPELZIMMER MIT BERGBLICK - Tainaron Blue Retreat\" \/>\n<meta property=\"og:description\" content=\"[vc_row fullwidth=&#8220;true&#8220;][vc_column][mk_gallery images=&#8220;672&#8243; column=&#8220;1&#8243; height=&#8220;450&#8243; hover_scenarios=&#8220;slow_zoom&#8220; item_spacing=&#8220;0&#8243;][\/vc_column][\/vc_row][vc_row fullwidth=&#8220;true&#8220; css=&#8220;.vc_custom_1669236706535{padding-top: 25px !important;padding-bottom: 25px !important;}&#8220;][vc_column][vc_column_text css=&#8220;.vc_custom_1669236665939{margin-bottom: 0px !important;}&#8220;] KLASSISCHES DOPPELZIMMER MIT BERGBLICK [\/vc_column_text][\/vc_column][\/vc_row][vc_row][vc_column width=&#8220;2\/3&#8243; css=&#8220;.vc_custom_1669237012630{margin-right: 0px !important;margin-left: 0px !important;padding-right: 0px !important;padding-left: 0px !important;}&#8220;][vc_column_text css=&#8220;.vc_custom_1707829795050{margin-bottom: 0px !important;padding-top: 25px !important;}&#8220;]Das charmante 14 m\u00b2 gro\u00dfe Klassische Doppelzimmer befindet sich neben dem Hauptturm und bietet maximale Privatsph\u00e4re. Wie die Mani selbst [&hellip;]\" \/>\n<meta property=\"og:url\" content=\"https:\/\/tainaron-blue.com\/de\/der-turm\/zimmer\/klassisches-doppelzimmer-mit-bergblick\/\" \/>\n<meta property=\"og:site_name\" content=\"Tainaron Blue Retreat\" \/>\n<meta property=\"article:modified_time\" content=\"2024-11-19T20:43:55+00:00\" \/>\n<meta name=\"twitter:card\" content=\"summary_large_image\" \/>\n<meta name=\"twitter:label1\" content=\"Gesch\u00e4tzte Lesezeit\" \/>\n\t<meta name=\"twitter:data1\" content=\"4\u00a0Minuten\" \/>\n<script type=\"application\/ld+json\" class=\"yoast-schema-graph\">{\"@context\":\"https:\\\/\\\/schema.org\",\"@graph\":[{\"@type\":\"WebPage\",\"@id\":\"https:\\\/\\\/tainaron-blue.com\\\/de\\\/der-turm\\\/zimmer\\\/klassisches-doppelzimmer-mit-bergblick\\\/\",\"url\":\"https:\\\/\\\/tainaron-blue.com\\\/de\\\/der-turm\\\/zimmer\\\/klassisches-doppelzimmer-mit-bergblick\\\/\",\"name\":\"KLASSISCHES DOPPELZIMMER MIT BERGBLICK - Tainaron Blue Retreat\",\"isPartOf\":{\"@id\":\"https:\\\/\\\/tainaron-blue.com\\\/de\\\/#website\"},\"datePublished\":\"2024-11-13T07:06:31+00:00\",\"dateModified\":\"2024-11-19T20:43:55+00:00\",\"breadcrumb\":{\"@id\":\"https:\\\/\\\/tainaron-blue.com\\\/de\\\/der-turm\\\/zimmer\\\/klassisches-doppelzimmer-mit-bergblick\\\/#breadcrumb\"},\"inLanguage\":\"de\",\"potentialAction\":[{\"@type\":\"ReadAction\",\"target\":[\"https:\\\/\\\/tainaron-blue.com\\\/de\\\/der-turm\\\/zimmer\\\/klassisches-doppelzimmer-mit-bergblick\\\/\"]}]},{\"@type\":\"BreadcrumbList\",\"@id\":\"https:\\\/\\\/tainaron-blue.com\\\/de\\\/der-turm\\\/zimmer\\\/klassisches-doppelzimmer-mit-bergblick\\\/#breadcrumb\",\"itemListElement\":[{\"@type\":\"ListItem\",\"position\":1,\"name\":\"Home\",\"item\":\"https:\\\/\\\/tainaron-blue.com\\\/de\\\/startseite\\\/\"},{\"@type\":\"ListItem\",\"position\":2,\"name\":\"Der Turm\",\"item\":\"https:\\\/\\\/tainaron-blue.com\\\/de\\\/der-turm\\\/\"},{\"@type\":\"ListItem\",\"position\":3,\"name\":\"Zimmer\",\"item\":\"https:\\\/\\\/tainaron-blue.com\\\/de\\\/der-turm\\\/zimmer\\\/\"},{\"@type\":\"ListItem\",\"position\":4,\"name\":\"KLASSISCHES DOPPELZIMMER MIT BERGBLICK\"}]},{\"@type\":\"WebSite\",\"@id\":\"https:\\\/\\\/tainaron-blue.com\\\/de\\\/#website\",\"url\":\"https:\\\/\\\/tainaron-blue.com\\\/de\\\/\",\"name\":\"Tainaron Blue Retreat\",\"description\":\"Mani tower\",\"potentialAction\":[{\"@type\":\"SearchAction\",\"target\":{\"@type\":\"EntryPoint\",\"urlTemplate\":\"https:\\\/\\\/tainaron-blue.com\\\/de\\\/?s={search_term_string}\"},\"query-input\":{\"@type\":\"PropertyValueSpecification\",\"valueRequired\":true,\"valueName\":\"search_term_string\"}}],\"inLanguage\":\"de\"}]}<\/script>\n<!-- \/ Yoast SEO plugin. -->","yoast_head_json":{"title":"KLASSISCHES DOPPELZIMMER MIT BERGBLICK - Tainaron Blue Retreat","robots":{"index":"index","follow":"follow","max-snippet":"max-snippet:-1","max-image-preview":"max-image-preview:large","max-video-preview":"max-video-preview:-1"},"canonical":"https:\/\/tainaron-blue.com\/de\/der-turm\/zimmer\/klassisches-doppelzimmer-mit-bergblick\/","og_locale":"de_DE","og_type":"article","og_title":"KLASSISCHES DOPPELZIMMER MIT BERGBLICK - Tainaron Blue Retreat","og_description":"[vc_row fullwidth=&#8220;true&#8220;][vc_column][mk_gallery images=&#8220;672&#8243; column=&#8220;1&#8243; height=&#8220;450&#8243; hover_scenarios=&#8220;slow_zoom&#8220; item_spacing=&#8220;0&#8243;][\/vc_column][\/vc_row][vc_row fullwidth=&#8220;true&#8220; css=&#8220;.vc_custom_1669236706535{padding-top: 25px !important;padding-bottom: 25px !important;}&#8220;][vc_column][vc_column_text css=&#8220;.vc_custom_1669236665939{margin-bottom: 0px !important;}&#8220;] KLASSISCHES DOPPELZIMMER MIT BERGBLICK [\/vc_column_text][\/vc_column][\/vc_row][vc_row][vc_column width=&#8220;2\/3&#8243; css=&#8220;.vc_custom_1669237012630{margin-right: 0px !important;margin-left: 0px !important;padding-right: 0px !important;padding-left: 0px !important;}&#8220;][vc_column_text css=&#8220;.vc_custom_1707829795050{margin-bottom: 0px !important;padding-top: 25px !important;}&#8220;]Das charmante 14 m\u00b2 gro\u00dfe Klassische Doppelzimmer befindet sich neben dem Hauptturm und bietet maximale Privatsph\u00e4re. Wie die Mani selbst [&hellip;]","og_url":"https:\/\/tainaron-blue.com\/de\/der-turm\/zimmer\/klassisches-doppelzimmer-mit-bergblick\/","og_site_name":"Tainaron Blue Retreat","article_modified_time":"2024-11-19T20:43:55+00:00","twitter_card":"summary_large_image","twitter_misc":{"Gesch\u00e4tzte Lesezeit":"4\u00a0Minuten"},"schema":{"@context":"https:\/\/schema.org","@graph":[{"@type":"WebPage","@id":"https:\/\/tainaron-blue.com\/de\/der-turm\/zimmer\/klassisches-doppelzimmer-mit-bergblick\/","url":"https:\/\/tainaron-blue.com\/de\/der-turm\/zimmer\/klassisches-doppelzimmer-mit-bergblick\/","name":"KLASSISCHES DOPPELZIMMER MIT BERGBLICK - Tainaron Blue Retreat","isPartOf":{"@id":"https:\/\/tainaron-blue.com\/de\/#website"},"datePublished":"2024-11-13T07:06:31+00:00","dateModified":"2024-11-19T20:43:55+00:00","breadcrumb":{"@id":"https:\/\/tainaron-blue.com\/de\/der-turm\/zimmer\/klassisches-doppelzimmer-mit-bergblick\/#breadcrumb"},"inLanguage":"de","potentialAction":[{"@type":"ReadAction","target":["https:\/\/tainaron-blue.com\/de\/der-turm\/zimmer\/klassisches-doppelzimmer-mit-bergblick\/"]}]},{"@type":"BreadcrumbList","@id":"https:\/\/tainaron-blue.com\/de\/der-turm\/zimmer\/klassisches-doppelzimmer-mit-bergblick\/#breadcrumb","itemListElement":[{"@type":"ListItem","position":1,"name":"Home","item":"https:\/\/tainaron-blue.com\/de\/startseite\/"},{"@type":"ListItem","position":2,"name":"Der Turm","item":"https:\/\/tainaron-blue.com\/de\/der-turm\/"},{"@type":"ListItem","position":3,"name":"Zimmer","item":"https:\/\/tainaron-blue.com\/de\/der-turm\/zimmer\/"},{"@type":"ListItem","position":4,"name":"KLASSISCHES DOPPELZIMMER MIT BERGBLICK"}]},{"@type":"WebSite","@id":"https:\/\/tainaron-blue.com\/de\/#website","url":"https:\/\/tainaron-blue.com\/de\/","name":"Tainaron Blue Retreat","description":"Mani tower","potentialAction":[{"@type":"SearchAction","target":{"@type":"EntryPoint","urlTemplate":"https:\/\/tainaron-blue.com\/de\/?s={search_term_string}"},"query-input":{"@type":"PropertyValueSpecification","valueRequired":true,"valueName":"search_term_string"}}],"inLanguage":"de"}]}},"_links":{"self":[{"href":"https:\/\/tainaron-blue.com\/de\/wp-json\/wp\/v2\/pages\/4144","targetHints":{"allow":["GET"]}}],"collection":[{"href":"https:\/\/tainaron-blue.com\/de\/wp-json\/wp\/v2\/pages"}],"about":[{"href":"https:\/\/tainaron-blue.com\/de\/wp-json\/wp\/v2\/types\/page"}],"author":[{"embeddable":true,"href":"https:\/\/tainaron-blue.com\/de\/wp-json\/wp\/v2\/users\/1"}],"replies":[{"embeddable":true,"href":"https:\/\/tainaron-blue.com\/de\/wp-json\/wp\/v2\/comments?post=4144"}],"version-history":[{"count":10,"href":"https:\/\/tainaron-blue.com\/de\/wp-json\/wp\/v2\/pages\/4144\/revisions"}],"predecessor-version":[{"id":4352,"href":"https:\/\/tainaron-blue.com\/de\/wp-json\/wp\/v2\/pages\/4144\/revisions\/4352"}],"up":[{"embeddable":true,"href":"https:\/\/tainaron-blue.com\/de\/wp-json\/wp\/v2\/pages\/4171"}],"wp:attachment":[{"href":"https:\/\/tainaron-blue.com\/de\/wp-json\/wp\/v2\/media?parent=4144"}],"curies":[{"name":"wp","href":"https:\/\/api.w.org\/{rel}","templated":true}]}}