{"id":3850,"date":"2024-11-12T10:41:35","date_gmt":"2024-11-12T10:41:35","guid":{"rendered":"https:\/\/tainaron-blue.com\/juniorsuite-mit-bergblick\/"},"modified":"2024-12-08T18:52:35","modified_gmt":"2024-12-08T18:52:35","slug":"juniorsuite-mit-bergblick","status":"publish","type":"page","link":"https:\/\/tainaron-blue.com\/de\/der-turm\/zimmer\/juniorsuite-mit-bergblick\/","title":{"rendered":"JUNIOR SUITE MIT BERGBLICK"},"content":{"rendered":"<section class=\"wpb-content-wrapper\">[vc_row fullwidth=&#8220;true&#8220;][vc_column][mk_gallery images=&#8220;772&#8243; column=&#8220;1&#8243; height=&#8220;450&#8243; hover_scenarios=&#8220;slow_zoom&#8220; item_spacing=&#8220;0&#8243;][\/vc_column][\/vc_row][vc_row fullwidth=&#8220;true&#8220; css=&#8220;.vc_custom_1669236706535{padding-top: 25px !important;padding-bottom: 25px !important;}&#8220;][vc_column][vc_column_text css=&#8220;.vc_custom_1672680692207{margin-bottom: 0px !important;}&#8220;]\n<h1 style=\"text-align: center;\">JUNIOR SUITE MIT BERGBLICK<\/h1>\n[\/vc_column_text][\/vc_column][\/vc_row][vc_row][vc_column width=&#8220;2\/3&#8243; css=&#8220;.vc_custom_1669237012630{margin-right: 0px !important;margin-left: 0px !important;padding-right: 0px !important;padding-left: 0px !important;}&#8220;][vc_column_text css=&#8220;.vc_custom_1707829541656{margin-bottom: 0px !important;padding-top: 25px !important;}&#8220;]Lieben Sie spektakul\u00e4re Bergblicke? Die 22 m\u00b2 gro\u00dfe Junior Suite Bergblick erf\u00fcllt Ihren Wunsch, die majest\u00e4tische Landschaft von Mani hautnah zu erleben. Diese Suite ist ein poetisches Zusammenspiel aus urspr\u00fcnglichem Steinwerk der Region und modernen Akzenten, darunter ein eleganter Holzboden und ein komfortables Einzelbett, das in eine Nische aus bearbeitetem Stein eingebettet ist. Die Suite bietet zudem eine stilvolle Arbeitsstation und ein modernes, kompaktes Badezimmer mit gl\u00e4serner Duschkabine.<br \/>Eine kleine Leiter f\u00fchrt zu einem separaten Doppelbett, das unter der originalen gew\u00f6lbten Steindecke liegt. Genie\u00dfen Sie erholsamen Schlaf auf einer hochwertigen Coco-Mat-Matratze und luxuri\u00f6se Coco-Mat-Bettw\u00e4sche, Handt\u00fccher, Badem\u00e4ntel, Hausschuhe sowie kostenlose, nachhaltige Pflegeprodukte. Die Junior Suite verf\u00fcgt \u00fcber eine Klimaanlage, kostenloses WLAN, eine Nespresso-Maschine, Minibar, professionellen Haartrockner und einen Safe, und bietet einfachen Zugang zur Terrasse.<br \/>W\u00e4hrend Ihres Aufenthalts sollten Sie es sich nicht entgehen lassen, im Infinity-Au\u00dfenpool mit Hydrotherapie zu entspannen.       <br \/> Bei Bedarf l\u00e4sst sich die Suite \u00fcber eine Verbindungst\u00fcr mit dem Executive Doppelzimmer mit Meerblick kombinieren -ideal f\u00fcr Familien.[\/vc_column_text][\/vc_column][vc_column width=&#8220;1\/3&#8243;][vc_row_inner][vc_column_inner offset=&#8220;vc_hidden-sm&#8220;][vc_raw_html css=&#8220;.vc_custom_1732043863051{margin-bottom: 0px !important;padding-top: 25px !important;padding-right: 20px !important;padding-bottom: 0px !important;padding-left: 20px !important;background-color: #f4f4f4 !important;}&#8220;]PGg0IHN0eWxlPSJ0ZXh0LWFsaWduOmNlbnRlcjttYXJnaW4tYm90dG9tOjIwcHg7Ij5WRVJGw5xHQkFSS0VJVCBQUsOcRkVOPC9oND4KW2N1c3RvbV9pZnJhbWUgaGVpZ2h0PSIyMDBweCJd[\/vc_raw_html][\/vc_column_inner][\/vc_row_inner][vc_row_inner][vc_column_inner offset=&#8220;vc_hidden-lg vc_hidden-md vc_hidden-xs&#8220;][vc_raw_html css=&#8220;.vc_custom_1732043868675{margin-bottom: 0px !important;padding-top: 25px !important;padding-right: 20px !important;padding-bottom: 0px !important;padding-left: 20px !important;background-color: #f4f4f4 !important;}&#8220;]PGg0IHN0eWxlPSJ0ZXh0LWFsaWduOmNlbnRlcjttYXJnaW4tYm90dG9tOjIwcHg7Ij5WRVJGw5xHQkFSS0VJVCBQUsOcRkVOPC9oND4KW2N1c3RvbV9pZnJhbWUgaGVpZ2h0PSIyOTBweCJd[\/vc_raw_html][\/vc_column_inner][\/vc_row_inner][\/vc_column][\/vc_row][vc_row css=&#8220;.vc_custom_1669329246413{padding-top: 35px !important;}&#8220;][vc_column width=&#8220;1\/2&#8243;][mk_gallery images=&#8220;784,781,778,775,769&#8243; style=&#8220;style1&#8243; hover_scenarios=&#8220;slow_zoom&#8220;][\/vc_column][vc_column width=&#8220;1\/2&#8243; css=&#8220;.vc_custom_1669237018614{margin-right: 0px !important;margin-left: 0px !important;padding-right: 0px !important;padding-left: 0px !important;}&#8220;][mk_gallery images=&#8220;766,763,760,757&#8243; style=&#8220;style3&#8243; hover_scenarios=&#8220;slow_zoom&#8220;][\/vc_column][\/vc_row][vc_row][vc_column][vc_column_text]\n[\/vc_column_text][\/vc_column][\/vc_row][vc_row fullwidth=&#8220;true&#8220; fullwidth_content=&#8220;false&#8220; css=&#8220;.vc_custom_1672683943263{margin-top: 40px !important;padding-top: 45px !important;padding-bottom: 5px !important;background-color: #f9f9f9 !important;}&#8220;][vc_column][vc_column_text align=&#8220;center&#8220; css=&#8220;.vc_custom_1672683905966{margin-bottom: 0px !important;}&#8220;]\n<h3 style=\"text-align: center;\">DIE ZIMMER<\/h3>\n[\/vc_column_text][\/vc_column][\/vc_row][vc_row fullwidth=&#8220;true&#8220; fullwidth_content=&#8220;false&#8220; css=&#8220;.vc_custom_1672683916954{margin-top: 0px !important;padding-top: 5px !important;padding-bottom: 35px !important;background-color: #f9f9f9 !important;}&#8220;][vc_column width=&#8220;1\/4&#8243;][vc_single_image image=&#8220;810&#8243; img_size=&#8220;255&#215;200&#8243; alignment=&#8220;center&#8220; onclick=&#8220;custom_link&#8220; link=&#8220;?page_id=864&#8243; css=&#8220;.vc_custom_1672684555766{margin-bottom: 0px !important;padding-bottom: 0px !important;}&#8220;][vc_column_text align=&#8220;center&#8220; css=&#8220;.vc_custom_1672684549782{margin-bottom: 0px !important;padding-top: 10px !important;}&#8220;]\n<p style=\"text-align: center;\"><a href=\"?page_id=864\"><strong>MASTER SUITE MIT MEERBLICK<\/strong><\/a><\/p>\n[\/vc_column_text][\/vc_column][vc_column width=&#8220;1\/4&#8243; el_class=&#8220;pop&#8220;][vc_single_image image=&#8220;772&#8243; img_size=&#8220;255&#215;200&#8243; alignment=&#8220;center&#8220; onclick=&#8220;custom_link&#8220; link=&#8220;?page_id=2299&#8243; css=&#8220;.vc_custom_1672684560405{margin-bottom: 0px !important;padding-bottom: 0px !important;}&#8220;][vc_column_text align=&#8220;center&#8220; css=&#8220;.vc_custom_1672684576156{margin-bottom: 0px !important;padding-top: 10px !important;}&#8220;]\n<p style=\"text-align: center;\"><a href=\"?page_id=2299\"><strong>JUNIOR SUITE MIT BERGBLICK<\/strong><\/a><\/p>\n[\/vc_column_text][\/vc_column][vc_column width=&#8220;1\/4&#8243;][vc_single_image image=&#8220;746&#8243; img_size=&#8220;255&#215;200&#8243; alignment=&#8220;center&#8220; onclick=&#8220;custom_link&#8220; link=&#8220;?page_id=2301&#8243; css=&#8220;.vc_custom_1672684565539{margin-bottom: 0px !important;padding-bottom: 0px !important;}&#8220;][vc_column_text align=&#8220;center&#8220; css=&#8220;.vc_custom_1672684581826{margin-bottom: 0px !important;padding-top: 10px !important;}&#8220;]\n<p style=\"text-align: center;\"><a href=\"?page_id=2301\"><strong>EXECUTIVE DOPPELZIMMER MIT MEERBLICK<\/strong><\/a><\/p>\n[\/vc_column_text][\/vc_column][vc_column width=&#8220;1\/4&#8243;][vc_single_image image=&#8220;678&#8243; img_size=&#8220;255&#215;200&#8243; alignment=&#8220;center&#8220; onclick=&#8220;custom_link&#8220; link=&#8220;?page_id=898&#8243; css=&#8220;.vc_custom_1672684570591{margin-bottom: 0px !important;padding-bottom: 0px !important;}&#8220;][vc_column_text align=&#8220;center&#8220; css=&#8220;.vc_custom_1672684587427{margin-bottom: 0px !important;padding-top: 10px !important;}&#8220;]\n<p style=\"text-align: center;\"><a href=\"?page_id=898\"><strong>KLASSISCHES DOPPELZIMMER MIT BERGBLICK<\/strong><\/a><\/p>\n[\/vc_column_text][\/vc_column][\/vc_row]\n<\/section>","protected":false},"excerpt":{"rendered":"<p>[vc_row fullwidth=&#8220;true&#8220;][vc_column][mk_gallery images=&#8220;772&#8243; column=&#8220;1&#8243; height=&#8220;450&#8243; hover_scenarios=&#8220;slow_zoom&#8220; item_spacing=&#8220;0&#8243;][\/vc_column][\/vc_row][vc_row fullwidth=&#8220;true&#8220; css=&#8220;.vc_custom_1669236706535{padding-top: 25px !important;padding-bottom: 25px !important;}&#8220;][vc_column][vc_column_text css=&#8220;.vc_custom_1672680692207{margin-bottom: 0px !important;}&#8220;] JUNIOR SUITE MIT BERGBLICK [\/vc_column_text][\/vc_column][\/vc_row][vc_row][vc_column width=&#8220;2\/3&#8243; css=&#8220;.vc_custom_1669237012630{margin-right: 0px !important;margin-left: 0px !important;padding-right: 0px !important;padding-left: 0px !important;}&#8220;][vc_column_text css=&#8220;.vc_custom_1707829541656{margin-bottom: 0px !important;padding-top: 25px !important;}&#8220;]Lieben Sie spektakul\u00e4re Bergblicke? Die 22 m\u00b2 gro\u00dfe Junior Suite Bergblick erf\u00fcllt Ihren Wunsch, die majest\u00e4tische Landschaft von Mani hautnah [&hellip;]<\/p>\n","protected":false},"author":1,"featured_media":0,"parent":4171,"menu_order":0,"comment_status":"closed","ping_status":"closed","template":"","meta":{"footnotes":""},"class_list":["post-3850","page","type-page","status-publish","hentry"],"yoast_head":"<!-- This site is optimized with the Yoast SEO plugin v27.3 - https:\/\/yoast.com\/product\/yoast-seo-wordpress\/ -->\n<title>JUNIOR SUITE MIT BERGBLICK - Tainaron Blue Retreat<\/title>\n<meta name=\"robots\" content=\"index, follow, max-snippet:-1, max-image-preview:large, max-video-preview:-1\" \/>\n<link rel=\"canonical\" href=\"https:\/\/tainaron-blue.com\/de\/der-turm\/zimmer\/juniorsuite-mit-bergblick\/\" \/>\n<meta property=\"og:locale\" content=\"de_DE\" \/>\n<meta property=\"og:type\" content=\"article\" \/>\n<meta property=\"og:title\" content=\"JUNIOR SUITE MIT BERGBLICK - Tainaron Blue Retreat\" \/>\n<meta property=\"og:description\" content=\"[vc_row fullwidth=&#8220;true&#8220;][vc_column][mk_gallery images=&#8220;772&#8243; column=&#8220;1&#8243; height=&#8220;450&#8243; hover_scenarios=&#8220;slow_zoom&#8220; item_spacing=&#8220;0&#8243;][\/vc_column][\/vc_row][vc_row fullwidth=&#8220;true&#8220; css=&#8220;.vc_custom_1669236706535{padding-top: 25px !important;padding-bottom: 25px !important;}&#8220;][vc_column][vc_column_text css=&#8220;.vc_custom_1672680692207{margin-bottom: 0px !important;}&#8220;] JUNIOR SUITE MIT BERGBLICK [\/vc_column_text][\/vc_column][\/vc_row][vc_row][vc_column width=&#8220;2\/3&#8243; css=&#8220;.vc_custom_1669237012630{margin-right: 0px !important;margin-left: 0px !important;padding-right: 0px !important;padding-left: 0px !important;}&#8220;][vc_column_text css=&#8220;.vc_custom_1707829541656{margin-bottom: 0px !important;padding-top: 25px !important;}&#8220;]Lieben Sie spektakul\u00e4re Bergblicke? Die 22 m\u00b2 gro\u00dfe Junior Suite Bergblick erf\u00fcllt Ihren Wunsch, die majest\u00e4tische Landschaft von Mani hautnah [&hellip;]\" \/>\n<meta property=\"og:url\" content=\"https:\/\/tainaron-blue.com\/de\/der-turm\/zimmer\/juniorsuite-mit-bergblick\/\" \/>\n<meta property=\"og:site_name\" content=\"Tainaron Blue Retreat\" \/>\n<meta property=\"article:modified_time\" content=\"2024-12-08T18:52:35+00:00\" \/>\n<meta name=\"twitter:card\" content=\"summary_large_image\" \/>\n<meta name=\"twitter:label1\" content=\"Gesch\u00e4tzte Lesezeit\" \/>\n\t<meta name=\"twitter:data1\" content=\"2\u00a0Minuten\" \/>\n<script type=\"application\/ld+json\" class=\"yoast-schema-graph\">{\"@context\":\"https:\\\/\\\/schema.org\",\"@graph\":[{\"@type\":\"WebPage\",\"@id\":\"https:\\\/\\\/tainaron-blue.com\\\/de\\\/der-turm\\\/zimmer\\\/juniorsuite-mit-bergblick\\\/\",\"url\":\"https:\\\/\\\/tainaron-blue.com\\\/de\\\/der-turm\\\/zimmer\\\/juniorsuite-mit-bergblick\\\/\",\"name\":\"JUNIOR SUITE MIT BERGBLICK - Tainaron Blue Retreat\",\"isPartOf\":{\"@id\":\"https:\\\/\\\/tainaron-blue.com\\\/de\\\/#website\"},\"datePublished\":\"2024-11-12T10:41:35+00:00\",\"dateModified\":\"2024-12-08T18:52:35+00:00\",\"breadcrumb\":{\"@id\":\"https:\\\/\\\/tainaron-blue.com\\\/de\\\/der-turm\\\/zimmer\\\/juniorsuite-mit-bergblick\\\/#breadcrumb\"},\"inLanguage\":\"de\",\"potentialAction\":[{\"@type\":\"ReadAction\",\"target\":[\"https:\\\/\\\/tainaron-blue.com\\\/de\\\/der-turm\\\/zimmer\\\/juniorsuite-mit-bergblick\\\/\"]}]},{\"@type\":\"BreadcrumbList\",\"@id\":\"https:\\\/\\\/tainaron-blue.com\\\/de\\\/der-turm\\\/zimmer\\\/juniorsuite-mit-bergblick\\\/#breadcrumb\",\"itemListElement\":[{\"@type\":\"ListItem\",\"position\":1,\"name\":\"Home\",\"item\":\"https:\\\/\\\/tainaron-blue.com\\\/de\\\/startseite\\\/\"},{\"@type\":\"ListItem\",\"position\":2,\"name\":\"Der Turm\",\"item\":\"https:\\\/\\\/tainaron-blue.com\\\/de\\\/der-turm\\\/\"},{\"@type\":\"ListItem\",\"position\":3,\"name\":\"Zimmer\",\"item\":\"https:\\\/\\\/tainaron-blue.com\\\/de\\\/der-turm\\\/zimmer\\\/\"},{\"@type\":\"ListItem\",\"position\":4,\"name\":\"JUNIOR SUITE MIT BERGBLICK\"}]},{\"@type\":\"WebSite\",\"@id\":\"https:\\\/\\\/tainaron-blue.com\\\/de\\\/#website\",\"url\":\"https:\\\/\\\/tainaron-blue.com\\\/de\\\/\",\"name\":\"Tainaron Blue Retreat\",\"description\":\"Mani tower\",\"potentialAction\":[{\"@type\":\"SearchAction\",\"target\":{\"@type\":\"EntryPoint\",\"urlTemplate\":\"https:\\\/\\\/tainaron-blue.com\\\/de\\\/?s={search_term_string}\"},\"query-input\":{\"@type\":\"PropertyValueSpecification\",\"valueRequired\":true,\"valueName\":\"search_term_string\"}}],\"inLanguage\":\"de\"}]}<\/script>\n<!-- \/ Yoast SEO plugin. -->","yoast_head_json":{"title":"JUNIOR SUITE MIT BERGBLICK - Tainaron Blue Retreat","robots":{"index":"index","follow":"follow","max-snippet":"max-snippet:-1","max-image-preview":"max-image-preview:large","max-video-preview":"max-video-preview:-1"},"canonical":"https:\/\/tainaron-blue.com\/de\/der-turm\/zimmer\/juniorsuite-mit-bergblick\/","og_locale":"de_DE","og_type":"article","og_title":"JUNIOR SUITE MIT BERGBLICK - Tainaron Blue Retreat","og_description":"[vc_row fullwidth=&#8220;true&#8220;][vc_column][mk_gallery images=&#8220;772&#8243; column=&#8220;1&#8243; height=&#8220;450&#8243; hover_scenarios=&#8220;slow_zoom&#8220; item_spacing=&#8220;0&#8243;][\/vc_column][\/vc_row][vc_row fullwidth=&#8220;true&#8220; css=&#8220;.vc_custom_1669236706535{padding-top: 25px !important;padding-bottom: 25px !important;}&#8220;][vc_column][vc_column_text css=&#8220;.vc_custom_1672680692207{margin-bottom: 0px !important;}&#8220;] JUNIOR SUITE MIT BERGBLICK [\/vc_column_text][\/vc_column][\/vc_row][vc_row][vc_column width=&#8220;2\/3&#8243; css=&#8220;.vc_custom_1669237012630{margin-right: 0px !important;margin-left: 0px !important;padding-right: 0px !important;padding-left: 0px !important;}&#8220;][vc_column_text css=&#8220;.vc_custom_1707829541656{margin-bottom: 0px !important;padding-top: 25px !important;}&#8220;]Lieben Sie spektakul\u00e4re Bergblicke? Die 22 m\u00b2 gro\u00dfe Junior Suite Bergblick erf\u00fcllt Ihren Wunsch, die majest\u00e4tische Landschaft von Mani hautnah [&hellip;]","og_url":"https:\/\/tainaron-blue.com\/de\/der-turm\/zimmer\/juniorsuite-mit-bergblick\/","og_site_name":"Tainaron Blue Retreat","article_modified_time":"2024-12-08T18:52:35+00:00","twitter_card":"summary_large_image","twitter_misc":{"Gesch\u00e4tzte Lesezeit":"2\u00a0Minuten"},"schema":{"@context":"https:\/\/schema.org","@graph":[{"@type":"WebPage","@id":"https:\/\/tainaron-blue.com\/de\/der-turm\/zimmer\/juniorsuite-mit-bergblick\/","url":"https:\/\/tainaron-blue.com\/de\/der-turm\/zimmer\/juniorsuite-mit-bergblick\/","name":"JUNIOR SUITE MIT BERGBLICK - Tainaron Blue Retreat","isPartOf":{"@id":"https:\/\/tainaron-blue.com\/de\/#website"},"datePublished":"2024-11-12T10:41:35+00:00","dateModified":"2024-12-08T18:52:35+00:00","breadcrumb":{"@id":"https:\/\/tainaron-blue.com\/de\/der-turm\/zimmer\/juniorsuite-mit-bergblick\/#breadcrumb"},"inLanguage":"de","potentialAction":[{"@type":"ReadAction","target":["https:\/\/tainaron-blue.com\/de\/der-turm\/zimmer\/juniorsuite-mit-bergblick\/"]}]},{"@type":"BreadcrumbList","@id":"https:\/\/tainaron-blue.com\/de\/der-turm\/zimmer\/juniorsuite-mit-bergblick\/#breadcrumb","itemListElement":[{"@type":"ListItem","position":1,"name":"Home","item":"https:\/\/tainaron-blue.com\/de\/startseite\/"},{"@type":"ListItem","position":2,"name":"Der Turm","item":"https:\/\/tainaron-blue.com\/de\/der-turm\/"},{"@type":"ListItem","position":3,"name":"Zimmer","item":"https:\/\/tainaron-blue.com\/de\/der-turm\/zimmer\/"},{"@type":"ListItem","position":4,"name":"JUNIOR SUITE MIT BERGBLICK"}]},{"@type":"WebSite","@id":"https:\/\/tainaron-blue.com\/de\/#website","url":"https:\/\/tainaron-blue.com\/de\/","name":"Tainaron Blue Retreat","description":"Mani tower","potentialAction":[{"@type":"SearchAction","target":{"@type":"EntryPoint","urlTemplate":"https:\/\/tainaron-blue.com\/de\/?s={search_term_string}"},"query-input":{"@type":"PropertyValueSpecification","valueRequired":true,"valueName":"search_term_string"}}],"inLanguage":"de"}]}},"_links":{"self":[{"href":"https:\/\/tainaron-blue.com\/de\/wp-json\/wp\/v2\/pages\/3850","targetHints":{"allow":["GET"]}}],"collection":[{"href":"https:\/\/tainaron-blue.com\/de\/wp-json\/wp\/v2\/pages"}],"about":[{"href":"https:\/\/tainaron-blue.com\/de\/wp-json\/wp\/v2\/types\/page"}],"author":[{"embeddable":true,"href":"https:\/\/tainaron-blue.com\/de\/wp-json\/wp\/v2\/users\/1"}],"replies":[{"embeddable":true,"href":"https:\/\/tainaron-blue.com\/de\/wp-json\/wp\/v2\/comments?post=3850"}],"version-history":[{"count":17,"href":"https:\/\/tainaron-blue.com\/de\/wp-json\/wp\/v2\/pages\/3850\/revisions"}],"predecessor-version":[{"id":4430,"href":"https:\/\/tainaron-blue.com\/de\/wp-json\/wp\/v2\/pages\/3850\/revisions\/4430"}],"up":[{"embeddable":true,"href":"https:\/\/tainaron-blue.com\/de\/wp-json\/wp\/v2\/pages\/4171"}],"wp:attachment":[{"href":"https:\/\/tainaron-blue.com\/de\/wp-json\/wp\/v2\/media?parent=3850"}],"curies":[{"name":"wp","href":"https:\/\/api.w.org\/{rel}","templated":true}]}}